{"id":684,"date":"2025-11-24T22:27:46","date_gmt":"2025-11-24T22:27:46","guid":{"rendered":"https:\/\/watermemory.es\/producto\/tratamiento-cuidado-facial-hombre\/"},"modified":"2025-12-15T15:37:02","modified_gmt":"2025-12-15T15:37:02","slug":"tratamiento-cuidado-facial-hombre","status":"publish","type":"product","link":"https:\/\/watermemory.es\/en\/product\/tratamiento-cuidado-facial-hombre\/","title":{"rendered":"Tratamiento cuidado Facial Hombre"},"content":{"rendered":"<p>Pack compuesto por:<\/p>\n<p><strong>Crema Facial Purificante 50ml<\/strong><br \/>\n<strong> Serum Young Sking 30ml<\/strong><br \/>\n<strong> Gel Samadhi 250ml<\/strong><\/p>\n<p><span style=\"font-weight: 400;\">La espec\u00edfica formulaci\u00f3n de este pack, y los productos que lo componen, HIDRATAN Y REJUVENECEN la piel. Formulados con principios activos 100% naturales de \u00faltima generaci\u00f3n, como: el extracto de Iris Florentina, Calendula, Karite, aceite de Rosa Mosqueta, Aloe vera, aceites esenciales de Carapate, Mirra,\u00a0 Sandalo,\u00a0 Jazm\u00edn, Geranio, Tienen la capacidad de equilibrar la producci\u00f3n de sebo en la piel, cerrar y limpiar los poros, eliminar impurezas y marcas cut\u00e1neas, adem\u00e1s de rejuvenecer y eliminar desde las primeras aplicaciones, las\u00a0 arrugas, la flacidez y los signos del cansancio y falta de luz en el rostro.<\/span><\/p>\n<p>Pack de\u00a03 productos |\u00a0Juventud y Frescura | apto para veganos<\/p>","protected":false},"excerpt":{"rendered":"<p>Pack compuesto por:<\/p>\n<p><strong>Crema Facial Purificante 50ml<\/strong><br \/>\n<strong> Serum Young Sking 30ml<\/strong><br \/>\n<strong> Gel Samadhi 250ml<\/strong><\/p>\n<p>&nbsp;<\/p>","protected":false},"featured_media":683,"comment_status":"open","ping_status":"closed","template":"","meta":{"site-sidebar-layout":"default","site-content-layout":"","ast-site-content-layout":"default","site-content-style":"default","site-sidebar-style":"default","ast-global-header-display":"","ast-banner-title-visibility":"","ast-main-header-display":"","ast-hfb-above-header-display":"","ast-hfb-below-header-display":"","ast-hfb-mobile-header-display":"","site-post-title":"","ast-breadcrumbs-content":"","ast-featured-img":"","footer-sml-layout":"","ast-disable-related-posts":"","theme-transparent-header-meta":"default","adv-header-id-meta":"","stick-header-meta":"","header-above-stick-meta":"","header-main-stick-meta":"","header-below-stick-meta":"","astra-migrate-meta-layouts":"set","ast-page-background-enabled":"default","ast-page-background-meta":{"desktop":{"background-color":"var(--ast-global-color-5)","background-image":"","background-repeat":"repeat","background-position":"center center","background-size":"auto","background-attachment":"scroll","background-type":"","background-media":"","overlay-type":"","overlay-color":"","overlay-opacity":"","overlay-gradient":""},"tablet":{"background-color":"","background-image":"","background-repeat":"repeat","background-position":"center center","background-size":"auto","background-attachment":"scroll","background-type":"","background-media":"","overlay-type":"","overlay-color":"","overlay-opacity":"","overlay-gradient":""},"mobile":{"background-color":"","background-image":"","background-repeat":"repeat","background-position":"center center","background-size":"auto","background-attachment":"scroll","background-type":"","background-media":"","overlay-type":"","overlay-color":"","overlay-opacity":"","overlay-gradient":""}},"ast-content-background-meta":{"desktop":{"background-color":"var(--ast-global-color-4)","background-image":"","background-repeat":"repeat","background-position":"center center","background-size":"auto","background-attachment":"scroll","background-type":"","background-media":"","overlay-type":"","overlay-color":"","overlay-opacity":"","overlay-gradient":""},"tablet":{"background-color":"var(--ast-global-color-4)","background-image":"","background-repeat":"repeat","background-position":"center center","background-size":"auto","background-attachment":"scroll","background-type":"","background-media":"","overlay-type":"","overlay-color":"","overlay-opacity":"","overlay-gradient":""},"mobile":{"background-color":"var(--ast-global-color-4)","background-image":"","background-repeat":"repeat","background-position":"center center","background-size":"auto","background-attachment":"scroll","background-type":"","background-media":"","overlay-type":"","overlay-color":"","overlay-opacity":"","overlay-gradient":""}}},"product_brand":[],"product_cat":[67],"product_tag":[],"class_list":{"0":"post-684","1":"product","2":"type-product","3":"status-publish","4":"has-post-thumbnail","6":"product_cat-pack-tratamientos","7":"desktop-align-left","8":"tablet-align-left","9":"mobile-align-left","11":"first","12":"instock","13":"taxable","14":"shipping-taxable","15":"purchasable","16":"product-type-simple"},"bundled_by":[],"bundle_stock_status":"instock","bundle_stock_quantity":null,"bundle_virtual":false,"bundle_layout":"","bundle_add_to_cart_form_location":"","bundle_editable_in_cart":false,"bundle_sold_individually_context":"","bundle_item_grouping":"","bundle_min_size":"","bundle_max_size":"","bundle_price":[],"bundled_items":[],"bundle_sell_ids":[],"_links":{"self":[{"href":"https:\/\/watermemory.es\/en\/wp-json\/wp\/v2\/product\/684","targetHints":{"allow":["GET"]}}],"collection":[{"href":"https:\/\/watermemory.es\/en\/wp-json\/wp\/v2\/product"}],"about":[{"href":"https:\/\/watermemory.es\/en\/wp-json\/wp\/v2\/types\/product"}],"replies":[{"embeddable":true,"href":"https:\/\/watermemory.es\/en\/wp-json\/wp\/v2\/comments?post=684"}],"wp:featuredmedia":[{"embeddable":true,"href":"https:\/\/watermemory.es\/en\/wp-json\/wp\/v2\/media\/683"}],"wp:attachment":[{"href":"https:\/\/watermemory.es\/en\/wp-json\/wp\/v2\/media?parent=684"}],"wp:term":[{"taxonomy":"product_brand","embeddable":true,"href":"https:\/\/watermemory.es\/en\/wp-json\/wp\/v2\/product_brand?post=684"},{"taxonomy":"product_cat","embeddable":true,"href":"https:\/\/watermemory.es\/en\/wp-json\/wp\/v2\/product_cat?post=684"},{"taxonomy":"product_tag","embeddable":true,"href":"https:\/\/watermemory.es\/en\/wp-json\/wp\/v2\/product_tag?post=684"}],"curies":[{"name":"wp","href":"https:\/\/api.w.org\/{rel}","templated":true}]}}