{"id":682,"date":"2025-11-24T22:27:45","date_gmt":"2025-11-24T22:27:45","guid":{"rendered":"https:\/\/watermemory.es\/producto\/tratamiento-hidratacion-y-juventud-oro-22k\/"},"modified":"2025-12-15T15:37:21","modified_gmt":"2025-12-15T15:37:21","slug":"tratamiento-hidratacion-y-juventud-oro-22k","status":"publish","type":"product","link":"https:\/\/watermemory.es\/en\/product\/tratamiento-hidratacion-y-juventud-oro-22k\/","title":{"rendered":"Tratamiento Hidratacion y Juventud Oro 22K"},"content":{"rendered":"<p>Pack compuesto por:<\/p>\n<p><strong>Crema Facial Antiedad Oro 50ml\u00a0<\/strong><br \/>\n<strong> Aceite Corporal Oro 125ml<\/strong><br \/>\n<strong> Gel Samadhi 150ml<\/strong><\/p>\n<p>La espec\u00edfica combinaci\u00f3n de productos y sus magn\u00edficas formulaciones, hacen que este PACK FACIAL-CORPORAL, sea imprescindible en todas aquellas ocasiones en las que se desee BRILLAR Y SEDUCIR COMO UNA ESTRELLA.<br \/>\nLos exquisitos y exclusivos ingredientes que forman este PACK FACIAL CORPORAL como: el Oro de 22k. Los p\u00e9ptidos vegetales, las vitaminas E, C, el aceite de Rosa Mosquera, los aceites esenciales con efectos calmantes, afrodis\u00edacos y sensuales como la Mirra, el S\u00e1ndalo, el Jazm\u00edn, el Geranio, la Naranja Dulce, Ylang Ylang, Patchouli, (usados desde la Antig\u00fcedad por la Reina Cleopatra). Aportan un plus de cuidado, Belleza y sensualidad, para sentirse como una aut\u00e9ntica Reina durante todo el d\u00eda.<\/p>\n<p>Pack de\u00a03 productos |\u00a0Sensualidad y Belleza para un d\u00eda especial | apto para veganas<\/p>","protected":false},"excerpt":{"rendered":"<p>Pack compuesto por:<\/p>\n<p><strong>Crema Facial Antiedad Oro 50ml\u00a0<\/strong><br \/>\n<strong> Aceite Corporal Oro 125ml<\/strong><br \/>\n<strong> Gel Samadhi 150ml<\/strong><\/p>\n<p>La espec\u00edfica combinaci\u00f3n<\/p>","protected":false},"featured_media":681,"comment_status":"open","ping_status":"closed","template":"","meta":{"site-sidebar-layout":"default","site-content-layout":"","ast-site-content-layout":"default","site-content-style":"default","site-sidebar-style":"default","ast-global-header-display":"","ast-banner-title-visibility":"","ast-main-header-display":"","ast-hfb-above-header-display":"","ast-hfb-below-header-display":"","ast-hfb-mobile-header-display":"","site-post-title":"","ast-breadcrumbs-content":"","ast-featured-img":"","footer-sml-layout":"","ast-disable-related-posts":"","theme-transparent-header-meta":"default","adv-header-id-meta":"","stick-header-meta":"","header-above-stick-meta":"","header-main-stick-meta":"","header-below-stick-meta":"","astra-migrate-meta-layouts":"set","ast-page-background-enabled":"default","ast-page-background-meta":{"desktop":{"background-color":"var(--ast-global-color-5)","background-image":"","background-repeat":"repeat","background-position":"center center","background-size":"auto","background-attachment":"scroll","background-type":"","background-media":"","overlay-type":"","overlay-color":"","overlay-opacity":"","overlay-gradient":""},"tablet":{"background-color":"","background-image":"","background-repeat":"repeat","background-position":"center center","background-size":"auto","background-attachment":"scroll","background-type":"","background-media":"","overlay-type":"","overlay-color":"","overlay-opacity":"","overlay-gradient":""},"mobile":{"background-color":"","background-image":"","background-repeat":"repeat","background-position":"center center","background-size":"auto","background-attachment":"scroll","background-type":"","background-media":"","overlay-type":"","overlay-color":"","overlay-opacity":"","overlay-gradient":""}},"ast-content-background-meta":{"desktop":{"background-color":"var(--ast-global-color-4)","background-image":"","background-repeat":"repeat","background-position":"center center","background-size":"auto","background-attachment":"scroll","background-type":"","background-media":"","overlay-type":"","overlay-color":"","overlay-opacity":"","overlay-gradient":""},"tablet":{"background-color":"var(--ast-global-color-4)","background-image":"","background-repeat":"repeat","background-position":"center center","background-size":"auto","background-attachment":"scroll","background-type":"","background-media":"","overlay-type":"","overlay-color":"","overlay-opacity":"","overlay-gradient":""},"mobile":{"background-color":"var(--ast-global-color-4)","background-image":"","background-repeat":"repeat","background-position":"center center","background-size":"auto","background-attachment":"scroll","background-type":"","background-media":"","overlay-type":"","overlay-color":"","overlay-opacity":"","overlay-gradient":""}}},"product_brand":[],"product_cat":[67],"product_tag":[],"class_list":{"0":"post-682","1":"product","2":"type-product","3":"status-publish","4":"has-post-thumbnail","6":"product_cat-pack-tratamientos","7":"desktop-align-left","8":"tablet-align-left","9":"mobile-align-left","11":"first","12":"instock","13":"taxable","14":"shipping-taxable","15":"purchasable","16":"product-type-simple"},"bundled_by":[],"bundle_stock_status":"instock","bundle_stock_quantity":null,"bundle_virtual":false,"bundle_layout":"","bundle_add_to_cart_form_location":"","bundle_editable_in_cart":false,"bundle_sold_individually_context":"","bundle_item_grouping":"","bundle_min_size":"","bundle_max_size":"","bundle_price":[],"bundled_items":[],"bundle_sell_ids":[],"_links":{"self":[{"href":"https:\/\/watermemory.es\/en\/wp-json\/wp\/v2\/product\/682","targetHints":{"allow":["GET"]}}],"collection":[{"href":"https:\/\/watermemory.es\/en\/wp-json\/wp\/v2\/product"}],"about":[{"href":"https:\/\/watermemory.es\/en\/wp-json\/wp\/v2\/types\/product"}],"replies":[{"embeddable":true,"href":"https:\/\/watermemory.es\/en\/wp-json\/wp\/v2\/comments?post=682"}],"wp:featuredmedia":[{"embeddable":true,"href":"https:\/\/watermemory.es\/en\/wp-json\/wp\/v2\/media\/681"}],"wp:attachment":[{"href":"https:\/\/watermemory.es\/en\/wp-json\/wp\/v2\/media?parent=682"}],"wp:term":[{"taxonomy":"product_brand","embeddable":true,"href":"https:\/\/watermemory.es\/en\/wp-json\/wp\/v2\/product_brand?post=682"},{"taxonomy":"product_cat","embeddable":true,"href":"https:\/\/watermemory.es\/en\/wp-json\/wp\/v2\/product_cat?post=682"},{"taxonomy":"product_tag","embeddable":true,"href":"https:\/\/watermemory.es\/en\/wp-json\/wp\/v2\/product_tag?post=682"}],"curies":[{"name":"wp","href":"https:\/\/api.w.org\/{rel}","templated":true}]}}