{"id":678,"date":"2025-11-24T22:27:41","date_gmt":"2025-11-24T22:27:41","guid":{"rendered":"https:\/\/watermemory.es\/producto\/tratamiento-reductor-total\/"},"modified":"2025-12-15T15:51:04","modified_gmt":"2025-12-15T15:51:04","slug":"tratamiento-reductor-total","status":"publish","type":"product","link":"https:\/\/watermemory.es\/en\/product\/tratamiento-reductor-total\/","title":{"rendered":"Tratamiento Reductor Total"},"content":{"rendered":"<p>Pack reductor compuesto por:\u00a0<\/p>\n<p><strong>Aceite Corporal Reductor de Volumen 125ml<\/strong><br \/><strong> Miracle Body Milk &#8211; Reductor Anticelul\u00edtico 250ml<\/strong><\/p>\n<p>La espec\u00edfica formulaci\u00f3n de este PACK CORPORAL, y los productos que lo componen, lo hacen<strong> imprescindible para REMODELAR EL CUERPO Y MEJORAR LA FIGURA.<\/strong>\u00a0Los extractos vegetales de Bisabolol , L Carnitina, Hiedra, Fucus, Te verde, Karit\u00e9, aguacate, Acido Hialur\u00f3nico y los aceites esenciales de Hinojo, Romero, Salvia, Laurel, Lemongrass, Rosa Mosqueta, Avellanas, Jojoba etc. Todos ellos con demostrada efectividad para remodelar y ayudar a eliminar los residuos t\u00f3xicos, l\u00edquidos y grasas, que desequilibran la figura. Ayudan tambi\u00e9n, a eliminar la \u201cpiel de naranja\u201d, y a reafirmar la piel de todo el cuerpo.<\/p>\n<p>Pack de\u00a02 productos |\u00a0Modela tu figura | Apto para veganas<\/p>","protected":false},"excerpt":{"rendered":"<p>Pack reductor compuesto por:\u00a0<\/p>\n<p><strong>Aceite Corporal Reductor de Volumen 125ml<\/strong><br \/><strong> Miracle Body Milk &#8211; Reductor Anticelul\u00edtico 250ml<\/strong><\/p>\n<p>La espec\u00edfica formu<\/p>","protected":false},"featured_media":677,"comment_status":"open","ping_status":"closed","template":"","meta":{"site-sidebar-layout":"default","site-content-layout":"","ast-site-content-layout":"default","site-content-style":"default","site-sidebar-style":"default","ast-global-header-display":"","ast-banner-title-visibility":"","ast-main-header-display":"","ast-hfb-above-header-display":"","ast-hfb-below-header-display":"","ast-hfb-mobile-header-display":"","site-post-title":"","ast-breadcrumbs-content":"","ast-featured-img":"","footer-sml-layout":"","ast-disable-related-posts":"","theme-transparent-header-meta":"","adv-header-id-meta":"","stick-header-meta":"","header-above-stick-meta":"","header-main-stick-meta":"","header-below-stick-meta":"","astra-migrate-meta-layouts":"default","ast-page-background-enabled":"default","ast-page-background-meta":{"desktop":{"background-color":"var(--ast-global-color-5)","background-image":"","background-repeat":"repeat","background-position":"center center","background-size":"auto","background-attachment":"scroll","background-type":"","background-media":"","overlay-type":"","overlay-color":"","overlay-opacity":"","overlay-gradient":""},"tablet":{"background-color":"","background-image":"","background-repeat":"repeat","background-position":"center center","background-size":"auto","background-attachment":"scroll","background-type":"","background-media":"","overlay-type":"","overlay-color":"","overlay-opacity":"","overlay-gradient":""},"mobile":{"background-color":"","background-image":"","background-repeat":"repeat","background-position":"center center","background-size":"auto","background-attachment":"scroll","background-type":"","background-media":"","overlay-type":"","overlay-color":"","overlay-opacity":"","overlay-gradient":""}},"ast-content-background-meta":{"desktop":{"background-color":"var(--ast-global-color-4)","background-image":"","background-repeat":"repeat","background-position":"center center","background-size":"auto","background-attachment":"scroll","background-type":"","background-media":"","overlay-type":"","overlay-color":"","overlay-opacity":"","overlay-gradient":""},"tablet":{"background-color":"var(--ast-global-color-4)","background-image":"","background-repeat":"repeat","background-position":"center center","background-size":"auto","background-attachment":"scroll","background-type":"","background-media":"","overlay-type":"","overlay-color":"","overlay-opacity":"","overlay-gradient":""},"mobile":{"background-color":"var(--ast-global-color-4)","background-image":"","background-repeat":"repeat","background-position":"center center","background-size":"auto","background-attachment":"scroll","background-type":"","background-media":"","overlay-type":"","overlay-color":"","overlay-opacity":"","overlay-gradient":""}}},"product_brand":[],"product_cat":[67],"product_tag":[],"class_list":{"0":"post-678","1":"product","2":"type-product","3":"status-publish","4":"has-post-thumbnail","6":"product_cat-pack-tratamientos","7":"desktop-align-left","8":"tablet-align-left","9":"mobile-align-left","11":"first","12":"instock","13":"taxable","14":"shipping-taxable","15":"purchasable","16":"product-type-simple"},"bundled_by":[],"bundle_stock_status":"instock","bundle_stock_quantity":null,"bundle_virtual":false,"bundle_layout":"","bundle_add_to_cart_form_location":"","bundle_editable_in_cart":false,"bundle_sold_individually_context":"","bundle_item_grouping":"","bundle_min_size":"","bundle_max_size":"","bundle_price":[],"bundled_items":[],"bundle_sell_ids":[],"_links":{"self":[{"href":"https:\/\/watermemory.es\/en\/wp-json\/wp\/v2\/product\/678","targetHints":{"allow":["GET"]}}],"collection":[{"href":"https:\/\/watermemory.es\/en\/wp-json\/wp\/v2\/product"}],"about":[{"href":"https:\/\/watermemory.es\/en\/wp-json\/wp\/v2\/types\/product"}],"replies":[{"embeddable":true,"href":"https:\/\/watermemory.es\/en\/wp-json\/wp\/v2\/comments?post=678"}],"wp:featuredmedia":[{"embeddable":true,"href":"https:\/\/watermemory.es\/en\/wp-json\/wp\/v2\/media\/677"}],"wp:attachment":[{"href":"https:\/\/watermemory.es\/en\/wp-json\/wp\/v2\/media?parent=678"}],"wp:term":[{"taxonomy":"product_brand","embeddable":true,"href":"https:\/\/watermemory.es\/en\/wp-json\/wp\/v2\/product_brand?post=678"},{"taxonomy":"product_cat","embeddable":true,"href":"https:\/\/watermemory.es\/en\/wp-json\/wp\/v2\/product_cat?post=678"},{"taxonomy":"product_tag","embeddable":true,"href":"https:\/\/watermemory.es\/en\/wp-json\/wp\/v2\/product_tag?post=678"}],"curies":[{"name":"wp","href":"https:\/\/api.w.org\/{rel}","templated":true}]}}