{"id":672,"date":"2025-11-24T22:27:36","date_gmt":"2025-11-24T22:27:36","guid":{"rendered":"https:\/\/watermemory.es\/producto\/seduction-passion-bruma-sensualidad\/"},"modified":"2026-01-22T17:04:22","modified_gmt":"2026-01-22T17:04:22","slug":"seduction-passion-bruma-sensualidad","status":"publish","type":"product","link":"https:\/\/watermemory.es\/en\/product\/seduction-passion-bruma-sensualidad\/","title":{"rendered":"Seduction &#038; Passion &#8211; Bruma sensualidad"},"content":{"rendered":"<style type=\"text\/css\"><!-- td {border: 1px solid #ccc;}br {mso-data-placement:same-cell;} --><\/style>\n<p><strong>Remedio de aromaterapia en forma de spray para evocar la sensualidad femenina<\/strong>. Adem\u00e1s <strong>funciona como exquisita fragancia hipoalerg\u00e9nica<\/strong>: ideal para piel que reacciona ante perfumes convencionales. Exquisito aroma floral dulce y c\u00edtrico.<\/p>\n<p>Disfruta de esta<strong> fragancia 100% natural de aroma oriental dulce, y c\u00edtrica con un toque de maderas nobles<\/strong>. Jazm\u00edn, Bergamota, Pachuli y S\u00e1ndalo son algunos de los secretos de su aroma terap\u00e9utico que favorece la expresi\u00f3n de la sensualidad femenina.<\/p>\n<p>Ayuda a potenciar y dejar fluir la energ\u00eda m\u00e1s femenina, estimulando la sensibilidad, la seguridad y la confianza en una misma. <strong>Evoca en la mujer su lado m\u00e1s sensual, y ayuda a redescubrir todo su poder de seducci\u00f3n y pasi\u00f3n, a menudo arrinconado por el estr\u00e9s cotidiano<\/strong>. \u00a1Despierta tus sentidos!<\/p>\n<p>100 ml botella de vidrio con pulverizador | sensualidad femenina | combinaci\u00f3n Aromaterapia, Gemoterapia y Flores de Bach<\/p>","protected":false},"excerpt":{"rendered":"<style type=\"text\/css\"><!-- td {border: 1px solid #ccc;}br {mso-data-placement:same-cell;} --><\/style>\n<p><strong>Remedio de aromaterapia en forma de spray para evocar la sensualidad femenina<\/strong><\/p>","protected":false},"featured_media":671,"comment_status":"open","ping_status":"closed","template":"","meta":{"site-sidebar-layout":"default","site-content-layout":"","ast-site-content-layout":"default","site-content-style":"default","site-sidebar-style":"default","ast-global-header-display":"","ast-banner-title-visibility":"","ast-main-header-display":"","ast-hfb-above-header-display":"","ast-hfb-below-header-display":"","ast-hfb-mobile-header-display":"","site-post-title":"","ast-breadcrumbs-content":"","ast-featured-img":"","footer-sml-layout":"","ast-disable-related-posts":"","theme-transparent-header-meta":"default","adv-header-id-meta":"","stick-header-meta":"","header-above-stick-meta":"","header-main-stick-meta":"","header-below-stick-meta":"","astra-migrate-meta-layouts":"set","ast-page-background-enabled":"default","ast-page-background-meta":{"desktop":{"background-color":"var(--ast-global-color-5)","background-image":"","background-repeat":"repeat","background-position":"center center","background-size":"auto","background-attachment":"scroll","background-type":"","background-media":"","overlay-type":"","overlay-color":"","overlay-opacity":"","overlay-gradient":""},"tablet":{"background-color":"","background-image":"","background-repeat":"repeat","background-position":"center center","background-size":"auto","background-attachment":"scroll","background-type":"","background-media":"","overlay-type":"","overlay-color":"","overlay-opacity":"","overlay-gradient":""},"mobile":{"background-color":"","background-image":"","background-repeat":"repeat","background-position":"center center","background-size":"auto","background-attachment":"scroll","background-type":"","background-media":"","overlay-type":"","overlay-color":"","overlay-opacity":"","overlay-gradient":""}},"ast-content-background-meta":{"desktop":{"background-color":"var(--ast-global-color-4)","background-image":"","background-repeat":"repeat","background-position":"center center","background-size":"auto","background-attachment":"scroll","background-type":"","background-media":"","overlay-type":"","overlay-color":"","overlay-opacity":"","overlay-gradient":""},"tablet":{"background-color":"var(--ast-global-color-4)","background-image":"","background-repeat":"repeat","background-position":"center center","background-size":"auto","background-attachment":"scroll","background-type":"","background-media":"","overlay-type":"","overlay-color":"","overlay-opacity":"","overlay-gradient":""},"mobile":{"background-color":"var(--ast-global-color-4)","background-image":"","background-repeat":"repeat","background-position":"center center","background-size":"auto","background-attachment":"scroll","background-type":"","background-media":"","overlay-type":"","overlay-color":"","overlay-opacity":"","overlay-gradient":""}}},"product_brand":[],"product_cat":[61],"product_tag":[],"class_list":{"0":"post-672","1":"product","2":"type-product","3":"status-publish","4":"has-post-thumbnail","6":"product_cat-brumas","7":"desktop-align-left","8":"tablet-align-left","9":"mobile-align-left","11":"first","12":"instock","13":"taxable","14":"shipping-taxable","15":"purchasable","16":"product-type-simple"},"bundled_by":[],"bundle_stock_status":"instock","bundle_stock_quantity":null,"bundle_virtual":false,"bundle_layout":"","bundle_add_to_cart_form_location":"","bundle_editable_in_cart":false,"bundle_sold_individually_context":"","bundle_item_grouping":"","bundle_min_size":"","bundle_max_size":"","bundle_price":[],"bundled_items":[],"bundle_sell_ids":[],"_links":{"self":[{"href":"https:\/\/watermemory.es\/en\/wp-json\/wp\/v2\/product\/672","targetHints":{"allow":["GET"]}}],"collection":[{"href":"https:\/\/watermemory.es\/en\/wp-json\/wp\/v2\/product"}],"about":[{"href":"https:\/\/watermemory.es\/en\/wp-json\/wp\/v2\/types\/product"}],"replies":[{"embeddable":true,"href":"https:\/\/watermemory.es\/en\/wp-json\/wp\/v2\/comments?post=672"}],"wp:featuredmedia":[{"embeddable":true,"href":"https:\/\/watermemory.es\/en\/wp-json\/wp\/v2\/media\/671"}],"wp:attachment":[{"href":"https:\/\/watermemory.es\/en\/wp-json\/wp\/v2\/media?parent=672"}],"wp:term":[{"taxonomy":"product_brand","embeddable":true,"href":"https:\/\/watermemory.es\/en\/wp-json\/wp\/v2\/product_brand?post=672"},{"taxonomy":"product_cat","embeddable":true,"href":"https:\/\/watermemory.es\/en\/wp-json\/wp\/v2\/product_cat?post=672"},{"taxonomy":"product_tag","embeddable":true,"href":"https:\/\/watermemory.es\/en\/wp-json\/wp\/v2\/product_tag?post=672"}],"curies":[{"name":"wp","href":"https:\/\/api.w.org\/{rel}","templated":true}]}}