{"id":670,"date":"2025-11-24T22:27:35","date_gmt":"2025-11-24T22:27:35","guid":{"rendered":"https:\/\/watermemory.es\/producto\/tantra-bruma-armonia-y-sensibilidad\/"},"modified":"2026-01-22T17:04:29","modified_gmt":"2026-01-22T17:04:29","slug":"tantra-bruma-armonia-y-sensibilidad","status":"publish","type":"product","link":"https:\/\/watermemory.es\/en\/product\/tantra-bruma-armonia-y-sensibilidad\/","title":{"rendered":"Tantra &#8211; Bruma Armon\u00eda y Sensibilidad"},"content":{"rendered":"<p><strong>Remedio de aromaterapia en forma de spray para estimular la sensibilidad y la sensualidad<\/strong>. Una <strong>exquisita fragancia hypoalerg\u00e9nica<\/strong>: ideal para piel que reacciona ante perfumes convencionales. Exquisito aroma floral dulce y espaciado que te acompa\u00f1ar\u00e1 todo el d\u00eda.<\/p>\n<p>Disfruta de esta fragancia 100% natural de aroma floral dulce y especiado. Ylan-Ylang, Rosas, S\u00e1ndalo o Canela son algunos de los secretos de <strong>su aroma terap\u00e9utico que favorece tu sensibilidad y apertura con el entorno<\/strong>.<\/p>\n<p>Combinaci\u00f3n de exquisitos aromas de poder afrodis\u00edaco que ayuda a subir tu autoestima. <strong>Potencia tus sentidos mejorando tus relaciones personales, y ayuda a reducir la falta de deseo sexual por estr\u00e9s o monoton\u00eda<\/strong>.<\/p>\n<p>100 ml botella de vidrio con pulverizador |\u00a0Armon\u00eda, Sensibilidad y Sensualidad\u00a0| combinaci\u00f3n Aromaterapia, Gemoterapia y Flores de Bach<\/p>","protected":false},"excerpt":{"rendered":"<p><strong>Remedio de aromaterapia en forma de spray para estimular la sensibilidad y la sensualidad<\/strong>. Una <strong>exquisita fragancia hypoalerg\u00e9nica<\/strong>: ideal para piel que reacciona an<\/p>","protected":false},"featured_media":669,"comment_status":"open","ping_status":"closed","template":"","meta":{"site-sidebar-layout":"default","site-content-layout":"","ast-site-content-layout":"default","site-content-style":"default","site-sidebar-style":"default","ast-global-header-display":"","ast-banner-title-visibility":"","ast-main-header-display":"","ast-hfb-above-header-display":"","ast-hfb-below-header-display":"","ast-hfb-mobile-header-display":"","site-post-title":"","ast-breadcrumbs-content":"","ast-featured-img":"","footer-sml-layout":"","ast-disable-related-posts":"","theme-transparent-header-meta":"default","adv-header-id-meta":"","stick-header-meta":"","header-above-stick-meta":"","header-main-stick-meta":"","header-below-stick-meta":"","astra-migrate-meta-layouts":"set","ast-page-background-enabled":"default","ast-page-background-meta":{"desktop":{"background-color":"var(--ast-global-color-5)","background-image":"","background-repeat":"repeat","background-position":"center center","background-size":"auto","background-attachment":"scroll","background-type":"","background-media":"","overlay-type":"","overlay-color":"","overlay-opacity":"","overlay-gradient":""},"tablet":{"background-color":"","background-image":"","background-repeat":"repeat","background-position":"center center","background-size":"auto","background-attachment":"scroll","background-type":"","background-media":"","overlay-type":"","overlay-color":"","overlay-opacity":"","overlay-gradient":""},"mobile":{"background-color":"","background-image":"","background-repeat":"repeat","background-position":"center center","background-size":"auto","background-attachment":"scroll","background-type":"","background-media":"","overlay-type":"","overlay-color":"","overlay-opacity":"","overlay-gradient":""}},"ast-content-background-meta":{"desktop":{"background-color":"var(--ast-global-color-4)","background-image":"","background-repeat":"repeat","background-position":"center center","background-size":"auto","background-attachment":"scroll","background-type":"","background-media":"","overlay-type":"","overlay-color":"","overlay-opacity":"","overlay-gradient":""},"tablet":{"background-color":"var(--ast-global-color-4)","background-image":"","background-repeat":"repeat","background-position":"center center","background-size":"auto","background-attachment":"scroll","background-type":"","background-media":"","overlay-type":"","overlay-color":"","overlay-opacity":"","overlay-gradient":""},"mobile":{"background-color":"var(--ast-global-color-4)","background-image":"","background-repeat":"repeat","background-position":"center center","background-size":"auto","background-attachment":"scroll","background-type":"","background-media":"","overlay-type":"","overlay-color":"","overlay-opacity":"","overlay-gradient":""}}},"product_brand":[],"product_cat":[61],"product_tag":[],"class_list":{"0":"post-670","1":"product","2":"type-product","3":"status-publish","4":"has-post-thumbnail","6":"product_cat-brumas","7":"desktop-align-left","8":"tablet-align-left","9":"mobile-align-left","11":"first","12":"instock","13":"taxable","14":"shipping-taxable","15":"purchasable","16":"product-type-simple"},"bundled_by":[],"bundle_stock_status":"instock","bundle_stock_quantity":null,"bundle_virtual":false,"bundle_layout":"","bundle_add_to_cart_form_location":"","bundle_editable_in_cart":false,"bundle_sold_individually_context":"","bundle_item_grouping":"","bundle_min_size":"","bundle_max_size":"","bundle_price":[],"bundled_items":[],"bundle_sell_ids":[],"_links":{"self":[{"href":"https:\/\/watermemory.es\/en\/wp-json\/wp\/v2\/product\/670","targetHints":{"allow":["GET"]}}],"collection":[{"href":"https:\/\/watermemory.es\/en\/wp-json\/wp\/v2\/product"}],"about":[{"href":"https:\/\/watermemory.es\/en\/wp-json\/wp\/v2\/types\/product"}],"replies":[{"embeddable":true,"href":"https:\/\/watermemory.es\/en\/wp-json\/wp\/v2\/comments?post=670"}],"wp:featuredmedia":[{"embeddable":true,"href":"https:\/\/watermemory.es\/en\/wp-json\/wp\/v2\/media\/669"}],"wp:attachment":[{"href":"https:\/\/watermemory.es\/en\/wp-json\/wp\/v2\/media?parent=670"}],"wp:term":[{"taxonomy":"product_brand","embeddable":true,"href":"https:\/\/watermemory.es\/en\/wp-json\/wp\/v2\/product_brand?post=670"},{"taxonomy":"product_cat","embeddable":true,"href":"https:\/\/watermemory.es\/en\/wp-json\/wp\/v2\/product_cat?post=670"},{"taxonomy":"product_tag","embeddable":true,"href":"https:\/\/watermemory.es\/en\/wp-json\/wp\/v2\/product_tag?post=670"}],"curies":[{"name":"wp","href":"https:\/\/api.w.org\/{rel}","templated":true}]}}