{"id":656,"date":"2025-11-24T22:27:26","date_gmt":"2025-11-24T22:27:26","guid":{"rendered":"https:\/\/watermemory.es\/producto\/tonico-facial-de-jazmin\/"},"modified":"2026-01-22T17:31:41","modified_gmt":"2026-01-22T17:31:41","slug":"tonico-facial-de-jazmin","status":"publish","type":"product","link":"https:\/\/watermemory.es\/en\/product\/tonico-facial-de-jazmin\/","title":{"rendered":"T\u00f3nico Facial de Jazm\u00edn"},"content":{"rendered":"<style type=\"text\/css\"><!-- td {border: 1px solid #ccc;}br {mso-data-placement:same-cell;} --><\/style>\n<p>Exquisito\u00a0<strong>t\u00f3nico facial de<\/strong> <strong>Jazm\u00edn de la India<\/strong> para tonificar, cerrar los poros, limpiar y desmaquillar la piel.<\/p>\n<p>Hidrata en <strong>profundidad, regenera, equilibra el pH, adem\u00e1s de proteger y aportar luminosidad<\/strong> al rostro.<\/p>\n<p>Especialmente indicado en piel seca, desvitalizada o sensible. Ideal para preparar la piel para otros productos cosm\u00e9ticos..<\/p>\n<p>El t\u00f3nico facial de jazm\u00edn mejora la <strong>tolerancia<\/strong> de la piel y promueve alivio y confort ante reacciones cut\u00e1neas. Adem\u00e1s\u00a0tiene un\u00a0<strong>equilibrante<\/strong> en momentos de estr\u00e9s; as\u00ed como estimulante de la percepci\u00f3n y sentidos: especialmente<strong> la sensual.<\/strong><\/p>\n<p>100 ml botella de vidrio con pulverizador | piel seca o sensible | regenera, equilibra y protege | apto para veganas<\/p>","protected":false},"excerpt":{"rendered":"<style type=\"text\/css\"><!-- td {border: 1px solid #ccc;}br {mso-data-placement:same-cell;} --><\/style>\n<p>Exquisito<\/p>","protected":false},"featured_media":655,"comment_status":"open","ping_status":"closed","template":"","meta":{"site-sidebar-layout":"default","site-content-layout":"","ast-site-content-layout":"default","site-content-style":"default","site-sidebar-style":"default","ast-global-header-display":"","ast-banner-title-visibility":"","ast-main-header-display":"","ast-hfb-above-header-display":"","ast-hfb-below-header-display":"","ast-hfb-mobile-header-display":"","site-post-title":"","ast-breadcrumbs-content":"","ast-featured-img":"","footer-sml-layout":"","ast-disable-related-posts":"","theme-transparent-header-meta":"default","adv-header-id-meta":"","stick-header-meta":"","header-above-stick-meta":"","header-main-stick-meta":"","header-below-stick-meta":"","astra-migrate-meta-layouts":"set","ast-page-background-enabled":"default","ast-page-background-meta":{"desktop":{"background-color":"var(--ast-global-color-5)","background-image":"","background-repeat":"repeat","background-position":"center center","background-size":"auto","background-attachment":"scroll","background-type":"","background-media":"","overlay-type":"","overlay-color":"","overlay-opacity":"","overlay-gradient":""},"tablet":{"background-color":"","background-image":"","background-repeat":"repeat","background-position":"center center","background-size":"auto","background-attachment":"scroll","background-type":"","background-media":"","overlay-type":"","overlay-color":"","overlay-opacity":"","overlay-gradient":""},"mobile":{"background-color":"","background-image":"","background-repeat":"repeat","background-position":"center center","background-size":"auto","background-attachment":"scroll","background-type":"","background-media":"","overlay-type":"","overlay-color":"","overlay-opacity":"","overlay-gradient":""}},"ast-content-background-meta":{"desktop":{"background-color":"var(--ast-global-color-4)","background-image":"","background-repeat":"repeat","background-position":"center center","background-size":"auto","background-attachment":"scroll","background-type":"","background-media":"","overlay-type":"","overlay-color":"","overlay-opacity":"","overlay-gradient":""},"tablet":{"background-color":"var(--ast-global-color-4)","background-image":"","background-repeat":"repeat","background-position":"center center","background-size":"auto","background-attachment":"scroll","background-type":"","background-media":"","overlay-type":"","overlay-color":"","overlay-opacity":"","overlay-gradient":""},"mobile":{"background-color":"var(--ast-global-color-4)","background-image":"","background-repeat":"repeat","background-position":"center center","background-size":"auto","background-attachment":"scroll","background-type":"","background-media":"","overlay-type":"","overlay-color":"","overlay-opacity":"","overlay-gradient":""}}},"product_brand":[],"product_cat":[50],"product_tag":[],"class_list":{"0":"post-656","1":"product","2":"type-product","3":"status-publish","4":"has-post-thumbnail","6":"product_cat-tonicos","7":"desktop-align-left","8":"tablet-align-left","9":"mobile-align-left","11":"first","12":"instock","13":"taxable","14":"shipping-taxable","15":"purchasable","16":"product-type-simple"},"bundled_by":[],"bundle_stock_status":"instock","bundle_stock_quantity":null,"bundle_virtual":false,"bundle_layout":"","bundle_add_to_cart_form_location":"","bundle_editable_in_cart":false,"bundle_sold_individually_context":"","bundle_item_grouping":"","bundle_min_size":"","bundle_max_size":"","bundle_price":[],"bundled_items":[],"bundle_sell_ids":[],"_links":{"self":[{"href":"https:\/\/watermemory.es\/en\/wp-json\/wp\/v2\/product\/656","targetHints":{"allow":["GET"]}}],"collection":[{"href":"https:\/\/watermemory.es\/en\/wp-json\/wp\/v2\/product"}],"about":[{"href":"https:\/\/watermemory.es\/en\/wp-json\/wp\/v2\/types\/product"}],"replies":[{"embeddable":true,"href":"https:\/\/watermemory.es\/en\/wp-json\/wp\/v2\/comments?post=656"}],"wp:featuredmedia":[{"embeddable":true,"href":"https:\/\/watermemory.es\/en\/wp-json\/wp\/v2\/media\/655"}],"wp:attachment":[{"href":"https:\/\/watermemory.es\/en\/wp-json\/wp\/v2\/media?parent=656"}],"wp:term":[{"taxonomy":"product_brand","embeddable":true,"href":"https:\/\/watermemory.es\/en\/wp-json\/wp\/v2\/product_brand?post=656"},{"taxonomy":"product_cat","embeddable":true,"href":"https:\/\/watermemory.es\/en\/wp-json\/wp\/v2\/product_cat?post=656"},{"taxonomy":"product_tag","embeddable":true,"href":"https:\/\/watermemory.es\/en\/wp-json\/wp\/v2\/product_tag?post=656"}],"curies":[{"name":"wp","href":"https:\/\/api.w.org\/{rel}","templated":true}]}}