{"id":644,"date":"2025-11-24T22:26:23","date_gmt":"2025-11-24T22:26:23","guid":{"rendered":"https:\/\/watermemory.es\/producto\/aura-strong-emulsion-dermoprotectora-claridad-mental\/"},"modified":"2026-01-22T17:12:40","modified_gmt":"2026-01-22T17:12:40","slug":"aura-strong-emulsion-dermoprotectora-claridad-mental","status":"publish","type":"product","link":"https:\/\/watermemory.es\/en\/product\/aura-strong-emulsion-dermoprotectora-claridad-mental\/","title":{"rendered":"Aura Strong &#8211; Emulsi\u00f3n Dermoprotectora Claridad Mental"},"content":{"rendered":"<p><span style=\"font-weight: 400;\">Emulsi\u00f3n corporal Hidratante que<\/span><span style=\"font-weight: 400;\">\u00a0aporta protecci\u00f3n y bienestar en lugares con mucha afluencia de publico.\u00a0\u00a0<\/span><span style=\"font-weight: 400;\">Ayuda a reforzar y sentir seguridad en lugares como grandes almacenes, hospitales, etc. y en\u00a0<\/span><span style=\"font-weight: 400;\">fobias y miedos.<\/span><\/p>\n<p>Crema corporal de Hidrataci\u00f3n diaria, formulada con plantas medicinales, aceites esenciales, Flores de Bach y esencias minerales,\u00a0 que liberan sus propiedades dermoprotectoras\u00a0y revitalizantes, a trav\u00e9s de la piel y del Aroma, adem\u00e1s del equilibrio energ\u00e9tico que aportan\u00a0 las Flores de Bach, y las esencias minerales.<\/p>\n<p><strong>Agradable fragancia natural de hierbas arom\u00e1ticas<\/strong> que perfuma tu piel\u00a0y te transporta, en cada aplicaci\u00f3n, a un jard\u00edn arom\u00e1tico a orillas del Mediterr\u00e1neo.<\/p>\n<p>150 y 250 ml con dosificador ( 250 ml\/ profesional)\u00a0 | dermoprotecci\u00f3n con Aceites esenciales y Flores de Bach |\u00a0 Revitalizante y Equilibrante | antioxidantes naturales<\/p>","protected":false},"excerpt":{"rendered":"<p><span style=\"font-weight: 400;\">Emulsi\u00f3n corporal Hidratante que<\/span><span style=\"font-weight: 400;\">\u00a0aporta protecci\u00f3n<\/span><\/p>","protected":false},"featured_media":643,"comment_status":"open","ping_status":"closed","template":"","meta":{"site-sidebar-layout":"default","site-content-layout":"","ast-site-content-layout":"default","site-content-style":"default","site-sidebar-style":"default","ast-global-header-display":"","ast-banner-title-visibility":"","ast-main-header-display":"","ast-hfb-above-header-display":"","ast-hfb-below-header-display":"","ast-hfb-mobile-header-display":"","site-post-title":"","ast-breadcrumbs-content":"","ast-featured-img":"","footer-sml-layout":"","ast-disable-related-posts":"","theme-transparent-header-meta":"default","adv-header-id-meta":"","stick-header-meta":"","header-above-stick-meta":"","header-main-stick-meta":"","header-below-stick-meta":"","astra-migrate-meta-layouts":"set","ast-page-background-enabled":"default","ast-page-background-meta":{"desktop":{"background-color":"var(--ast-global-color-5)","background-image":"","background-repeat":"repeat","background-position":"center center","background-size":"auto","background-attachment":"scroll","background-type":"","background-media":"","overlay-type":"","overlay-color":"","overlay-opacity":"","overlay-gradient":""},"tablet":{"background-color":"","background-image":"","background-repeat":"repeat","background-position":"center center","background-size":"auto","background-attachment":"scroll","background-type":"","background-media":"","overlay-type":"","overlay-color":"","overlay-opacity":"","overlay-gradient":""},"mobile":{"background-color":"","background-image":"","background-repeat":"repeat","background-position":"center center","background-size":"auto","background-attachment":"scroll","background-type":"","background-media":"","overlay-type":"","overlay-color":"","overlay-opacity":"","overlay-gradient":""}},"ast-content-background-meta":{"desktop":{"background-color":"var(--ast-global-color-4)","background-image":"","background-repeat":"repeat","background-position":"center center","background-size":"auto","background-attachment":"scroll","background-type":"","background-media":"","overlay-type":"","overlay-color":"","overlay-opacity":"","overlay-gradient":""},"tablet":{"background-color":"var(--ast-global-color-4)","background-image":"","background-repeat":"repeat","background-position":"center center","background-size":"auto","background-attachment":"scroll","background-type":"","background-media":"","overlay-type":"","overlay-color":"","overlay-opacity":"","overlay-gradient":""},"mobile":{"background-color":"var(--ast-global-color-4)","background-image":"","background-repeat":"repeat","background-position":"center center","background-size":"auto","background-attachment":"scroll","background-type":"","background-media":"","overlay-type":"","overlay-color":"","overlay-opacity":"","overlay-gradient":""}}},"product_brand":[],"product_cat":[62],"product_tag":[],"class_list":{"0":"post-644","1":"product","2":"type-product","3":"status-publish","4":"has-post-thumbnail","6":"product_cat-emulsiones","7":"desktop-align-left","8":"tablet-align-left","9":"mobile-align-left","11":"first","12":"instock","13":"taxable","14":"shipping-taxable","15":"purchasable","16":"product-type-simple"},"bundled_by":[],"bundle_stock_status":"instock","bundle_stock_quantity":null,"bundle_virtual":false,"bundle_layout":"","bundle_add_to_cart_form_location":"","bundle_editable_in_cart":false,"bundle_sold_individually_context":"","bundle_item_grouping":"","bundle_min_size":"","bundle_max_size":"","bundle_price":[],"bundled_items":[],"bundle_sell_ids":[],"_links":{"self":[{"href":"https:\/\/watermemory.es\/en\/wp-json\/wp\/v2\/product\/644","targetHints":{"allow":["GET"]}}],"collection":[{"href":"https:\/\/watermemory.es\/en\/wp-json\/wp\/v2\/product"}],"about":[{"href":"https:\/\/watermemory.es\/en\/wp-json\/wp\/v2\/types\/product"}],"replies":[{"embeddable":true,"href":"https:\/\/watermemory.es\/en\/wp-json\/wp\/v2\/comments?post=644"}],"wp:featuredmedia":[{"embeddable":true,"href":"https:\/\/watermemory.es\/en\/wp-json\/wp\/v2\/media\/643"}],"wp:attachment":[{"href":"https:\/\/watermemory.es\/en\/wp-json\/wp\/v2\/media?parent=644"}],"wp:term":[{"taxonomy":"product_brand","embeddable":true,"href":"https:\/\/watermemory.es\/en\/wp-json\/wp\/v2\/product_brand?post=644"},{"taxonomy":"product_cat","embeddable":true,"href":"https:\/\/watermemory.es\/en\/wp-json\/wp\/v2\/product_cat?post=644"},{"taxonomy":"product_tag","embeddable":true,"href":"https:\/\/watermemory.es\/en\/wp-json\/wp\/v2\/product_tag?post=644"}],"curies":[{"name":"wp","href":"https:\/\/api.w.org\/{rel}","templated":true}]}}