{"id":640,"date":"2025-11-24T22:25:33","date_gmt":"2025-11-24T22:25:33","guid":{"rendered":"https:\/\/watermemory.es\/producto\/miracle-body-milk-reductor-anticelulitico\/"},"modified":"2026-01-22T15:54:52","modified_gmt":"2026-01-22T15:54:52","slug":"miracle-body-milk-reductor-anticelulitico","status":"publish","type":"product","link":"https:\/\/watermemory.es\/en\/product\/miracle-body-milk-reductor-anticelulitico\/","title":{"rendered":"Miracle Body Milk &#8211; Reductor &#038; Anticelul\u00edtico"},"content":{"rendered":"<h3 data-start=\"254\" data-end=\"349\"><strong>Redefine tu silueta con el poder de la naturaleza<\/strong><\/h3>\n<p data-start=\"351\" data-end=\"676\">Una piel m\u00e1s firme, lisa y tonificada empieza aqu\u00ed.<br data-start=\"402\" data-end=\"405\" \/>Este body milk vegano ha sido formulado con extractos vegetales de alta eficacia para reducir visiblemente la celulitis, activar el drenaje linf\u00e1tico y estimular la quema de grasa localizada. Todo, mientras cuidas tu piel con ingredientes que nutren, hidratan y protegen.<\/p>\n<h4 data-start=\"678\" data-end=\"745\">\u00a0Una f\u00f3rmula inteligente, dise\u00f1ada para transformar tu piel:<\/h4>\n<ul data-start=\"746\" data-end=\"1307\">\n<li data-start=\"746\" data-end=\"936\">\n<p data-start=\"748\" data-end=\"936\"><strong data-start=\"748\" data-end=\"806\">T\u00e9 verde, Algas marinas, Guaran\u00e1, Hiedra y L-Carnitina<\/strong> trabajan en sinergia para activar la microcirculaci\u00f3n, reducir la retenci\u00f3n de l\u00edquidos y prevenir la acumulaci\u00f3n de grasa nueva.<\/p>\n<\/li>\n<li data-start=\"937\" data-end=\"1067\">\n<p data-start=\"939\" data-end=\"1067\"><strong data-start=\"939\" data-end=\"955\">Pi\u00f1a y Lim\u00f3n<\/strong> aportan acci\u00f3n enzim\u00e1tica y purificante, afinando la textura de la piel y devolvi\u00e9ndole su luminosidad natural.<\/p>\n<\/li>\n<li data-start=\"1068\" data-end=\"1220\">\n<p data-start=\"1070\" data-end=\"1220\"><strong data-start=\"1070\" data-end=\"1110\">Aguacate, Karit\u00e9 y Centella Asi\u00e1tica<\/strong> nutren en profundidad, mejoran la elasticidad y previenen estr\u00edas durante los procesos de p\u00e9rdida de volumen.<\/p>\n<\/li>\n<li data-start=\"1221\" data-end=\"1307\">\n<p data-start=\"1223\" data-end=\"1307\"><strong data-start=\"1223\" data-end=\"1251\">\u00c1cido Hialur\u00f3nico vegano<\/strong> mantiene la hidrataci\u00f3n y suavidad durante todo el d\u00eda.<\/p>\n<\/li>\n<\/ul>\n<h4 data-start=\"1309\" data-end=\"1342\">Resultados que se sienten:<\/h4>\n<ul data-start=\"1343\" data-end=\"1476\">\n<li data-start=\"1343\" data-end=\"1378\">\n<p data-start=\"1345\" data-end=\"1378\">Reducci\u00f3n visible de la celulitis<\/p>\n<\/li>\n<li data-start=\"1379\" data-end=\"1408\">\n<p data-start=\"1381\" data-end=\"1408\">Piel m\u00e1s firme y tonificada<\/p>\n<\/li>\n<li data-start=\"1409\" data-end=\"1476\">\n<p data-start=\"1411\" data-end=\"1476\">Textura suave, de r\u00e1pida absorci\u00f3n, con un aroma fresco y natural<\/p>\n<\/li>\n<\/ul>\n<p data-start=\"1478\" data-end=\"1675\">Porque creemos en los cosm\u00e9ticos que respetan tu piel y el planeta, esta f\u00f3rmula est\u00e1 elaborada con m\u00e1s de un 95% de ingredientes de origen natural, sin siliconas, parabenos ni aceites minerales.<\/p>\n<p>250 ml botella con dosificador | Anticelulitico, reductor de volumen y quemagrasa | Vegano | Testado dermatol\u00f3gicamente y apto para todo tipo de pieles<\/p>","protected":false},"excerpt":{"rendered":"<h3 data-start=\"254\" data-end=\"349\"><strong>Redefine tu silueta con el poder de la naturaleza<\/strong><\/h3>\n<p data-start=\"351\" data-end=\"676\">Una piel m\u00e1s firme, lisa y tonificada empieza aqu\u00ed.<\/p>","protected":false},"featured_media":639,"comment_status":"open","ping_status":"closed","template":"","meta":{"site-sidebar-layout":"default","site-content-layout":"","ast-site-content-layout":"default","site-content-style":"default","site-sidebar-style":"default","ast-global-header-display":"","ast-banner-title-visibility":"","ast-main-header-display":"","ast-hfb-above-header-display":"","ast-hfb-below-header-display":"","ast-hfb-mobile-header-display":"","site-post-title":"","ast-breadcrumbs-content":"","ast-featured-img":"","footer-sml-layout":"","ast-disable-related-posts":"","theme-transparent-header-meta":"default","adv-header-id-meta":"","stick-header-meta":"","header-above-stick-meta":"","header-main-stick-meta":"","header-below-stick-meta":"","astra-migrate-meta-layouts":"set","ast-page-background-enabled":"default","ast-page-background-meta":{"desktop":{"background-color":"var(--ast-global-color-5)","background-image":"","background-repeat":"repeat","background-position":"center center","background-size":"auto","background-attachment":"scroll","background-type":"","background-media":"","overlay-type":"","overlay-color":"","overlay-opacity":"","overlay-gradient":""},"tablet":{"background-color":"","background-image":"","background-repeat":"repeat","background-position":"center center","background-size":"auto","background-attachment":"scroll","background-type":"","background-media":"","overlay-type":"","overlay-color":"","overlay-opacity":"","overlay-gradient":""},"mobile":{"background-color":"","background-image":"","background-repeat":"repeat","background-position":"center center","background-size":"auto","background-attachment":"scroll","background-type":"","background-media":"","overlay-type":"","overlay-color":"","overlay-opacity":"","overlay-gradient":""}},"ast-content-background-meta":{"desktop":{"background-color":"var(--ast-global-color-4)","background-image":"","background-repeat":"repeat","background-position":"center center","background-size":"auto","background-attachment":"scroll","background-type":"","background-media":"","overlay-type":"","overlay-color":"","overlay-opacity":"","overlay-gradient":""},"tablet":{"background-color":"var(--ast-global-color-4)","background-image":"","background-repeat":"repeat","background-position":"center center","background-size":"auto","background-attachment":"scroll","background-type":"","background-media":"","overlay-type":"","overlay-color":"","overlay-opacity":"","overlay-gradient":""},"mobile":{"background-color":"var(--ast-global-color-4)","background-image":"","background-repeat":"repeat","background-position":"center center","background-size":"auto","background-attachment":"scroll","background-type":"","background-media":"","overlay-type":"","overlay-color":"","overlay-opacity":"","overlay-gradient":""}}},"product_brand":[],"product_cat":[54],"product_tag":[],"class_list":{"0":"post-640","1":"product","2":"type-product","3":"status-publish","4":"has-post-thumbnail","6":"product_cat-body-milk","7":"desktop-align-left","8":"tablet-align-left","9":"mobile-align-left","11":"first","12":"instock","13":"taxable","14":"shipping-taxable","15":"purchasable","16":"product-type-simple"},"bundled_by":[],"bundle_stock_status":"instock","bundle_stock_quantity":null,"bundle_virtual":false,"bundle_layout":"","bundle_add_to_cart_form_location":"","bundle_editable_in_cart":false,"bundle_sold_individually_context":"","bundle_item_grouping":"","bundle_min_size":"","bundle_max_size":"","bundle_price":[],"bundled_items":[],"bundle_sell_ids":[],"_links":{"self":[{"href":"https:\/\/watermemory.es\/en\/wp-json\/wp\/v2\/product\/640","targetHints":{"allow":["GET"]}}],"collection":[{"href":"https:\/\/watermemory.es\/en\/wp-json\/wp\/v2\/product"}],"about":[{"href":"https:\/\/watermemory.es\/en\/wp-json\/wp\/v2\/types\/product"}],"replies":[{"embeddable":true,"href":"https:\/\/watermemory.es\/en\/wp-json\/wp\/v2\/comments?post=640"}],"wp:featuredmedia":[{"embeddable":true,"href":"https:\/\/watermemory.es\/en\/wp-json\/wp\/v2\/media\/639"}],"wp:attachment":[{"href":"https:\/\/watermemory.es\/en\/wp-json\/wp\/v2\/media?parent=640"}],"wp:term":[{"taxonomy":"product_brand","embeddable":true,"href":"https:\/\/watermemory.es\/en\/wp-json\/wp\/v2\/product_brand?post=640"},{"taxonomy":"product_cat","embeddable":true,"href":"https:\/\/watermemory.es\/en\/wp-json\/wp\/v2\/product_cat?post=640"},{"taxonomy":"product_tag","embeddable":true,"href":"https:\/\/watermemory.es\/en\/wp-json\/wp\/v2\/product_tag?post=640"}],"curies":[{"name":"wp","href":"https:\/\/api.w.org\/{rel}","templated":true}]}}