{"id":626,"date":"2025-11-24T22:25:25","date_gmt":"2025-11-24T22:25:25","guid":{"rendered":"https:\/\/watermemory.es\/producto\/aceite-corporal-rejuvenecedor-antiedad-oro-22k\/"},"modified":"2026-01-21T18:50:05","modified_gmt":"2026-01-21T18:50:05","slug":"aceite-corporal-rejuvenecedor-antiedad-oro-22k","status":"publish","type":"product","link":"https:\/\/watermemory.es\/en\/product\/aceite-corporal-rejuvenecedor-antiedad-oro-22k\/","title":{"rendered":"Aceite Corporal &#8211; Rejuvenecedor Antiedad Oro 22k"},"content":{"rendered":"<p>La joya de la corona es este <strong>sublime aceite corporal antiedad para el cuidado corporal m\u00e1s potente y completo: indicado para mejorar con su uso diario, todos los signos de la edad en todo tipo de pieles<\/strong>. Produce una <strong>m\u00e1xima acci\u00f3n antioxidante contra el envejecimiento celular y suaviza los efectos de la contaminaci\u00f3n ambiental y magn\u00e9tica<\/strong>, para que la piel luzca toda su energ\u00eda vital.<\/p>\n<p><strong>\u00a1El oro te recarga de energ\u00eda! Es un ingrediente exclusivo de incre\u00edble valor para la salud del cuerpo en general<\/strong>.<\/p>\n<p><strong>Aceite corporal rejuvenecedor ideal para embellecer d\u00eda a d\u00eda piel seca, madura y desvitalizada<\/strong>. Tan nutritiva que incluso <strong>recupera tu piel despu\u00e9s de periodos de descuido o castigo<\/strong>.<\/p>\n<p><strong>El aceite corporal rejuvenecedor antiedad 22k suaviza y previene cualquier signo de edad por su complet\u00edsima formulaci\u00f3n con m\u00e1s de 12 activos 100% naturales.<\/strong>\u00a0Confiere a la piel un tacto suave y un aspecto joven, terso y fresco.<\/p>\n<p>Disponible en formatos 125 ml y 500 ml ( profesional)\u00a0 | 100% natural | aceite facial con efecto rejuvenecedor, antiedad y antioxidante | ingredientes 100% vegetales | apto para veganas<\/p>","protected":false},"excerpt":{"rendered":"<p>La joya de la corona es este sublime aceite corporal antiedad para el cuidado corporal m\u00e1s potente y completo: indicado [&hellip;]<\/p>\n","protected":false},"featured_media":625,"comment_status":"open","ping_status":"closed","template":"","meta":{"site-sidebar-layout":"default","site-content-layout":"","ast-site-content-layout":"default","site-content-style":"default","site-sidebar-style":"default","ast-global-header-display":"","ast-banner-title-visibility":"","ast-main-header-display":"","ast-hfb-above-header-display":"","ast-hfb-below-header-display":"","ast-hfb-mobile-header-display":"","site-post-title":"","ast-breadcrumbs-content":"","ast-featured-img":"","footer-sml-layout":"","ast-disable-related-posts":"","theme-transparent-header-meta":"default","adv-header-id-meta":"","stick-header-meta":"","header-above-stick-meta":"","header-main-stick-meta":"","header-below-stick-meta":"","astra-migrate-meta-layouts":"set","ast-page-background-enabled":"default","ast-page-background-meta":{"desktop":{"background-color":"var(--ast-global-color-5)","background-image":"","background-repeat":"repeat","background-position":"center center","background-size":"auto","background-attachment":"scroll","background-type":"","background-media":"","overlay-type":"","overlay-color":"","overlay-opacity":"","overlay-gradient":""},"tablet":{"background-color":"","background-image":"","background-repeat":"repeat","background-position":"center center","background-size":"auto","background-attachment":"scroll","background-type":"","background-media":"","overlay-type":"","overlay-color":"","overlay-opacity":"","overlay-gradient":""},"mobile":{"background-color":"","background-image":"","background-repeat":"repeat","background-position":"center center","background-size":"auto","background-attachment":"scroll","background-type":"","background-media":"","overlay-type":"","overlay-color":"","overlay-opacity":"","overlay-gradient":""}},"ast-content-background-meta":{"desktop":{"background-color":"var(--ast-global-color-4)","background-image":"","background-repeat":"repeat","background-position":"center center","background-size":"auto","background-attachment":"scroll","background-type":"","background-media":"","overlay-type":"","overlay-color":"","overlay-opacity":"","overlay-gradient":""},"tablet":{"background-color":"var(--ast-global-color-4)","background-image":"","background-repeat":"repeat","background-position":"center center","background-size":"auto","background-attachment":"scroll","background-type":"","background-media":"","overlay-type":"","overlay-color":"","overlay-opacity":"","overlay-gradient":""},"mobile":{"background-color":"var(--ast-global-color-4)","background-image":"","background-repeat":"repeat","background-position":"center center","background-size":"auto","background-attachment":"scroll","background-type":"","background-media":"","overlay-type":"","overlay-color":"","overlay-opacity":"","overlay-gradient":""}}},"product_brand":[],"product_cat":[56],"product_tag":[],"class_list":{"0":"post-626","1":"product","2":"type-product","3":"status-publish","4":"has-post-thumbnail","6":"product_cat-aceites-corporales","7":"desktop-align-left","8":"tablet-align-left","9":"mobile-align-left","11":"first","12":"instock","13":"taxable","14":"shipping-taxable","15":"purchasable","16":"product-type-simple"},"bundled_by":[],"bundle_stock_status":"instock","bundle_stock_quantity":null,"bundle_virtual":false,"bundle_layout":"","bundle_add_to_cart_form_location":"","bundle_editable_in_cart":false,"bundle_sold_individually_context":"","bundle_item_grouping":"","bundle_min_size":"","bundle_max_size":"","bundle_price":[],"bundled_items":[],"bundle_sell_ids":[],"_links":{"self":[{"href":"https:\/\/watermemory.es\/en\/wp-json\/wp\/v2\/product\/626","targetHints":{"allow":["GET"]}}],"collection":[{"href":"https:\/\/watermemory.es\/en\/wp-json\/wp\/v2\/product"}],"about":[{"href":"https:\/\/watermemory.es\/en\/wp-json\/wp\/v2\/types\/product"}],"replies":[{"embeddable":true,"href":"https:\/\/watermemory.es\/en\/wp-json\/wp\/v2\/comments?post=626"}],"wp:featuredmedia":[{"embeddable":true,"href":"https:\/\/watermemory.es\/en\/wp-json\/wp\/v2\/media\/625"}],"wp:attachment":[{"href":"https:\/\/watermemory.es\/en\/wp-json\/wp\/v2\/media?parent=626"}],"wp:term":[{"taxonomy":"product_brand","embeddable":true,"href":"https:\/\/watermemory.es\/en\/wp-json\/wp\/v2\/product_brand?post=626"},{"taxonomy":"product_cat","embeddable":true,"href":"https:\/\/watermemory.es\/en\/wp-json\/wp\/v2\/product_cat?post=626"},{"taxonomy":"product_tag","embeddable":true,"href":"https:\/\/watermemory.es\/en\/wp-json\/wp\/v2\/product_tag?post=626"}],"curies":[{"name":"wp","href":"https:\/\/api.w.org\/{rel}","templated":true}]}}