{"id":622,"date":"2025-11-24T22:25:23","date_gmt":"2025-11-24T22:25:23","guid":{"rendered":"https:\/\/watermemory.es\/producto\/aceite-corporal-antiestrias-total\/"},"modified":"2026-01-21T18:55:07","modified_gmt":"2026-01-21T18:55:07","slug":"aceite-corporal-antiestrias-total","status":"publish","type":"product","link":"https:\/\/watermemory.es\/en\/product\/aceite-corporal-antiestrias-total\/","title":{"rendered":"Aceite Corporal &#8211; Antiestr\u00edas Total"},"content":{"rendered":"<p><strong>El Aceite Corporal Anti-estr\u00edas total previene y frena las estr\u00edas resultantes del embarazo, dietas de adelgazamiento o la adolescencia<\/strong><\/p>\n<p><strong>Formulado especialmente, con un c\u00f3ctel vegetal<\/strong>, para acompa\u00f1ar a toda la familia durante estos per\u00edodos de cambios de volumen corporal, tan comunes durante toda nuestra vida. <strong>Almendras, Avellanas, Rosa Mosqueta, Jojoba y Aguacate son el combo nutritivo absoluto que aporta todas las vitaminas y amino-\u00e1cidos para garantizar el cuidado y elasticidad de la piel<\/strong>; para que cuando \u00e9sta se estire y luego se encoja, siga con su juventud y tersura original; evitando as\u00ed la aparici\u00f3n de las temidas estr\u00edas.<\/p>\n<p>Aceite Corporal Antiestr\u00edas con Geranio, Mandarina y Rosas que complementan a nivel f\u00edsico con <strong>un gran poder regenerador de microtejidos<\/strong>; adem\u00e1s de <strong>una fragancia exquisita que, seg\u00fan los maestros en aromaterapia, acompa\u00f1a tu \u00e1nimo m\u00e1s inestable en estos per\u00edodos de cambio<\/strong>.<\/p>\n<p><strong>Adem\u00e1s de prevenir estr\u00edas, es un excelente hidratante ideal para todo el cuerpo: combate el envejecimiento celular, con gran contenido en anti-oxidantes, fortalece y protege la piel durante todo el d\u00eda<\/strong> por lo que funcionar\u00e1 perfectamente como tu hidratante diario despu\u00e9s de la ducha.<\/p>\n<p>Disponible en formatos 125 ml y 500 ml (profesional) | 100% natural | aceite corporal antiestrias | alta hidrataci\u00f3n | apto para veganas<\/p>","protected":false},"excerpt":{"rendered":"<p><strong>El Aceite Corporal Anti-estr\u00edas total p<\/strong><\/p>","protected":false},"featured_media":621,"comment_status":"open","ping_status":"closed","template":"","meta":{"site-sidebar-layout":"default","site-content-layout":"","ast-site-content-layout":"default","site-content-style":"default","site-sidebar-style":"default","ast-global-header-display":"","ast-banner-title-visibility":"","ast-main-header-display":"","ast-hfb-above-header-display":"","ast-hfb-below-header-display":"","ast-hfb-mobile-header-display":"","site-post-title":"","ast-breadcrumbs-content":"","ast-featured-img":"","footer-sml-layout":"","ast-disable-related-posts":"","theme-transparent-header-meta":"default","adv-header-id-meta":"","stick-header-meta":"","header-above-stick-meta":"","header-main-stick-meta":"","header-below-stick-meta":"","astra-migrate-meta-layouts":"set","ast-page-background-enabled":"default","ast-page-background-meta":{"desktop":{"background-color":"var(--ast-global-color-5)","background-image":"","background-repeat":"repeat","background-position":"center center","background-size":"auto","background-attachment":"scroll","background-type":"","background-media":"","overlay-type":"","overlay-color":"","overlay-opacity":"","overlay-gradient":""},"tablet":{"background-color":"","background-image":"","background-repeat":"repeat","background-position":"center center","background-size":"auto","background-attachment":"scroll","background-type":"","background-media":"","overlay-type":"","overlay-color":"","overlay-opacity":"","overlay-gradient":""},"mobile":{"background-color":"","background-image":"","background-repeat":"repeat","background-position":"center center","background-size":"auto","background-attachment":"scroll","background-type":"","background-media":"","overlay-type":"","overlay-color":"","overlay-opacity":"","overlay-gradient":""}},"ast-content-background-meta":{"desktop":{"background-color":"var(--ast-global-color-4)","background-image":"","background-repeat":"repeat","background-position":"center center","background-size":"auto","background-attachment":"scroll","background-type":"","background-media":"","overlay-type":"","overlay-color":"","overlay-opacity":"","overlay-gradient":""},"tablet":{"background-color":"var(--ast-global-color-4)","background-image":"","background-repeat":"repeat","background-position":"center center","background-size":"auto","background-attachment":"scroll","background-type":"","background-media":"","overlay-type":"","overlay-color":"","overlay-opacity":"","overlay-gradient":""},"mobile":{"background-color":"var(--ast-global-color-4)","background-image":"","background-repeat":"repeat","background-position":"center center","background-size":"auto","background-attachment":"scroll","background-type":"","background-media":"","overlay-type":"","overlay-color":"","overlay-opacity":"","overlay-gradient":""}}},"product_brand":[],"product_cat":[56],"product_tag":[],"class_list":{"0":"post-622","1":"product","2":"type-product","3":"status-publish","4":"has-post-thumbnail","6":"product_cat-aceites-corporales","7":"desktop-align-left","8":"tablet-align-left","9":"mobile-align-left","11":"first","12":"instock","13":"taxable","14":"shipping-taxable","15":"purchasable","16":"product-type-simple"},"bundled_by":[],"bundle_stock_status":"instock","bundle_stock_quantity":null,"bundle_virtual":false,"bundle_layout":"","bundle_add_to_cart_form_location":"","bundle_editable_in_cart":false,"bundle_sold_individually_context":"","bundle_item_grouping":"","bundle_min_size":"","bundle_max_size":"","bundle_price":[],"bundled_items":[],"bundle_sell_ids":[],"_links":{"self":[{"href":"https:\/\/watermemory.es\/en\/wp-json\/wp\/v2\/product\/622","targetHints":{"allow":["GET"]}}],"collection":[{"href":"https:\/\/watermemory.es\/en\/wp-json\/wp\/v2\/product"}],"about":[{"href":"https:\/\/watermemory.es\/en\/wp-json\/wp\/v2\/types\/product"}],"replies":[{"embeddable":true,"href":"https:\/\/watermemory.es\/en\/wp-json\/wp\/v2\/comments?post=622"}],"wp:featuredmedia":[{"embeddable":true,"href":"https:\/\/watermemory.es\/en\/wp-json\/wp\/v2\/media\/621"}],"wp:attachment":[{"href":"https:\/\/watermemory.es\/en\/wp-json\/wp\/v2\/media?parent=622"}],"wp:term":[{"taxonomy":"product_brand","embeddable":true,"href":"https:\/\/watermemory.es\/en\/wp-json\/wp\/v2\/product_brand?post=622"},{"taxonomy":"product_cat","embeddable":true,"href":"https:\/\/watermemory.es\/en\/wp-json\/wp\/v2\/product_cat?post=622"},{"taxonomy":"product_tag","embeddable":true,"href":"https:\/\/watermemory.es\/en\/wp-json\/wp\/v2\/product_tag?post=622"}],"curies":[{"name":"wp","href":"https:\/\/api.w.org\/{rel}","templated":true}]}}