{"id":620,"date":"2025-11-24T22:25:21","date_gmt":"2025-11-24T22:25:21","guid":{"rendered":"https:\/\/watermemory.es\/producto\/gel-samadhi-desmaquillante-bano-y-ducha-antiestres\/"},"modified":"2025-11-26T20:03:01","modified_gmt":"2025-11-26T20:03:01","slug":"gel-samadhi-desmaquillante-bano-y-ducha-antiestres","status":"publish","type":"product","link":"https:\/\/watermemory.es\/en\/product\/gel-samadhi-desmaquillante-bano-y-ducha-antiestres\/","title":{"rendered":"Gel Samadhi &#8211; Desmaquillante, Ba\u00f1o y Ducha Antiestr\u00e9s"},"content":{"rendered":"<p data-start=\"170\" data-end=\"448\"><strong data-start=\"170\" data-end=\"253\"><strong>Natural | Vegano | Apto para todo tipo de pieles\u00a0<\/strong><\/strong><\/p>\n<p data-start=\"170\" data-end=\"448\"><strong data-start=\"170\" data-end=\"253\">\u00bfQuieres desmaquillar tu piel de forma suave, natural y profundamente efectiva?<\/strong><br data-start=\"253\" data-end=\"256\">Descubre nuestro <strong data-start=\"273\" data-end=\"317\">Delicado Gel Desmaquillante 100% vegetal<\/strong>, una experiencia de limpieza \u00fanica que no solo elimina el maquillaje, \u00a1tambi\u00e9n transforma tu rutina diaria de cuidado personal!\u00a0<\/p>\n<p data-start=\"450\" data-end=\"859\"><strong data-start=\"453\" data-end=\"485\">100% Natural, Sin Irritantes<\/strong>: Nuestra f\u00f3rmula exclusiva est\u00e1 enriquecida con <strong data-start=\"534\" data-end=\"554\">almendras dulces<\/strong>, <strong data-start=\"556\" data-end=\"565\">mirra<\/strong>, <strong data-start=\"567\" data-end=\"578\">s\u00e1ndalo<\/strong> y una selecci\u00f3n de esencias florales como <strong data-start=\"621\" data-end=\"631\">jazm\u00edn<\/strong>, <strong data-start=\"633\" data-end=\"644\">geranio<\/strong>, <strong data-start=\"646\" data-end=\"655\">lirio<\/strong>, <strong data-start=\"657\" data-end=\"670\">belladona<\/strong>, <strong data-start=\"672\" data-end=\"680\">loto<\/strong>, <strong data-start=\"682\" data-end=\"703\">estrella de Bel\u00e9n<\/strong> y muchas m\u00e1s. Cada uno de estos ingredientes ofrece propiedades calmantes, reparadoras y nutritivas, ideales para una piel fresca, hidratada y equilibrada.<\/p>\n<p data-start=\"861\" data-end=\"1217\"><strong data-start=\"864\" data-end=\"902\">Un Gel de Ba\u00f1o y Ducha Todo en Uno<\/strong>: Este gel no solo es el desmaquillante m\u00e1s suave, tambi\u00e9n es el gel de ba\u00f1o perfecto para tu piel. Con su acci\u00f3n limpiadora, revitaliza y suaviza, mejorando el estado de piel sensible, at\u00f3pica o con acn\u00e9. Cada ducha se convierte en un momento de bienestar y confort, dej\u00e1ndote una sensaci\u00f3n de frescura y suavidad.<\/p>\n<p data-start=\"1219\" data-end=\"1420\"><strong data-start=\"1222\" data-end=\"1273\">Apto para Toda la Familia, Incluso para Tu Beb\u00e9<\/strong>: Su extrema suavidad lo hace perfecto para la piel delicada de los m\u00e1s peque\u00f1os. Con nuestro gel, cada ba\u00f1o ser\u00e1 un gesto de cuidado y protecci\u00f3n.<\/p>\n<p data-start=\"1422\" data-end=\"1447\"><strong data-start=\"1424\" data-end=\"1447\">\u00bfPor qu\u00e9 lo amar\u00e1s?<\/strong><\/p>\n<ul data-start=\"1448\" data-end=\"1923\">\n<li data-start=\"1448\" data-end=\"1545\">\n<p data-start=\"1450\" data-end=\"1545\"><strong data-start=\"1450\" data-end=\"1499\">100% vegetal y libre de sustancias irritantes<\/strong>: Solo lo mejor de la naturaleza para tu piel.<\/p>\n<\/li>\n<li data-start=\"1603\" data-end=\"1676\">\n<p data-start=\"1605\" data-end=\"1676\"><strong data-start=\"1605\" data-end=\"1655\">Desmaquillante suave y gel de ba\u00f1o todo en uno<\/strong>: \u00a1Pr\u00e1ctico y eficaz!<\/p>\n<\/li>\n<li data-start=\"1677\" data-end=\"1740\">\n<p data-start=\"1679\" data-end=\"1740\"><strong data-start=\"1679\" data-end=\"1739\">Ideal para pieles sensibles, at\u00f3picas, con acn\u00e9 o eczema<\/strong>.<\/p>\n<\/li>\n<\/ul>\n<p><span>Cuatro tama\u00f1os 100ml, 150 ml, 250 ml\u00a0\u00a0y 500 ml | Testado dermatol\u00f3gicamente y apto para todo tipo de pieles | Apto para embarazadas\u00a0<\/span><\/p>","protected":false},"excerpt":{"rendered":"<p data-start=\"170\" data-end=\"448\"><strong data-start=\"170\" data-end=\"253\"><strong>Natural | Vegano | Apto para todo tipo de pieles\u00a0<\/strong><\/strong><\/p>\n<p data-start=\"170\" data-end=\"448\"><strong da\n<\/p>","protected":false},"featured_media":619,"comment_status":"open","ping_status":"closed","template":"","meta":{"site-sidebar-layout":"default","site-content-layout":"","ast-site-content-layout":"default","site-content-style":"default","site-sidebar-style":"default","ast-global-header-display":"","ast-banner-title-visibility":"","ast-main-header-display":"","ast-hfb-above-header-display":"","ast-hfb-below-header-display":"","ast-hfb-mobile-header-display":"","site-post-title":"","ast-breadcrumbs-content":"","ast-featured-img":"","footer-sml-layout":"","ast-disable-related-posts":"","theme-transparent-header-meta":"","adv-header-id-meta":"","stick-header-meta":"","header-above-stick-meta":"","header-main-stick-meta":"","header-below-stick-meta":"","astra-migrate-meta-layouts":"default","ast-page-background-enabled":"default","ast-page-background-meta":{"desktop":{"background-color":"var(--ast-global-color-5)","background-image":"","background-repeat":"repeat","background-position":"center center","background-size":"auto","background-attachment":"scroll","background-type":"","background-media":"","overlay-type":"","overlay-color":"","overlay-opacity":"","overlay-gradient":""},"tablet":{"background-color":"","background-image":"","background-repeat":"repeat","background-position":"center center","background-size":"auto","background-attachment":"scroll","background-type":"","background-media":"","overlay-type":"","overlay-color":"","overlay-opacity":"","overlay-gradient":""},"mobile":{"background-color":"","background-image":"","background-repeat":"repeat","background-position":"center center","background-size":"auto","background-attachment":"scroll","background-type":"","background-media":"","overlay-type":"","overlay-color":"","overlay-opacity":"","overlay-gradient":""}},"ast-content-background-meta":{"desktop":{"background-color":"var(--ast-global-color-4)","background-image":"","background-repeat":"repeat","background-position":"center center","background-size":"auto","background-attachment":"scroll","background-type":"","background-media":"","overlay-type":"","overlay-color":"","overlay-opacity":"","overlay-gradient":""},"tablet":{"background-color":"var(--ast-global-color-4)","background-image":"","background-repeat":"repeat","background-position":"center center","background-size":"auto","background-attachment":"scroll","background-type":"","background-media":"","overlay-type":"","overlay-color":"","overlay-opacity":"","overlay-gradient":""},"mobile":{"background-color":"var(--ast-global-color-4)","background-image":"","background-repeat":"repeat","background-position":"center center","background-size":"auto","background-attachment":"scroll","background-type":"","background-media":"","overlay-type":"","overlay-color":"","overlay-opacity":"","overlay-gradient":""}}},"product_brand":[],"product_cat":[52],"product_tag":[],"class_list":{"0":"post-620","1":"product","2":"type-product","3":"status-publish","4":"has-post-thumbnail","6":"product_cat-desmaquillante","7":"desktop-align-left","8":"tablet-align-left","9":"mobile-align-left","11":"first","12":"instock","13":"taxable","14":"shipping-taxable","15":"purchasable","16":"product-type-simple"},"bundled_by":[],"bundle_stock_status":"instock","bundle_stock_quantity":null,"bundle_virtual":false,"bundle_layout":"","bundle_add_to_cart_form_location":"","bundle_editable_in_cart":false,"bundle_sold_individually_context":"","bundle_item_grouping":"","bundle_min_size":"","bundle_max_size":"","bundle_price":[],"bundled_items":[],"bundle_sell_ids":[],"_links":{"self":[{"href":"https:\/\/watermemory.es\/en\/wp-json\/wp\/v2\/product\/620","targetHints":{"allow":["GET"]}}],"collection":[{"href":"https:\/\/watermemory.es\/en\/wp-json\/wp\/v2\/product"}],"about":[{"href":"https:\/\/watermemory.es\/en\/wp-json\/wp\/v2\/types\/product"}],"replies":[{"embeddable":true,"href":"https:\/\/watermemory.es\/en\/wp-json\/wp\/v2\/comments?post=620"}],"wp:featuredmedia":[{"embeddable":true,"href":"https:\/\/watermemory.es\/en\/wp-json\/wp\/v2\/media\/619"}],"wp:attachment":[{"href":"https:\/\/watermemory.es\/en\/wp-json\/wp\/v2\/media?parent=620"}],"wp:term":[{"taxonomy":"product_brand","embeddable":true,"href":"https:\/\/watermemory.es\/en\/wp-json\/wp\/v2\/product_brand?post=620"},{"taxonomy":"product_cat","embeddable":true,"href":"https:\/\/watermemory.es\/en\/wp-json\/wp\/v2\/product_cat?post=620"},{"taxonomy":"product_tag","embeddable":true,"href":"https:\/\/watermemory.es\/en\/wp-json\/wp\/v2\/product_tag?post=620"}],"curies":[{"name":"wp","href":"https:\/\/api.w.org\/{rel}","templated":true}]}}