{"id":616,"date":"2025-11-24T22:25:19","date_gmt":"2025-11-24T22:25:19","guid":{"rendered":"https:\/\/watermemory.es\/producto\/aceite-corporal-alivio-piernas-cansadas\/"},"modified":"2026-01-21T18:57:01","modified_gmt":"2026-01-21T18:57:01","slug":"aceite-corporal-alivio-piernas-cansadas","status":"publish","type":"product","link":"https:\/\/watermemory.es\/en\/product\/aceite-corporal-alivio-piernas-cansadas\/","title":{"rendered":"Aceite Corporal &#8211; Alivio Piernas Cansadas"},"content":{"rendered":"<p>Este <strong>aceite corporal para piernas cansadas te ayudar\u00e1 a recuperar el bienestar y ligereza de tu extremidades en esos d\u00edas en que se notan cargadas, hinchadas e inflamadas<\/strong>.<\/p>\n<p>La <strong>elaborada formulaci\u00f3n de este aceite resulta muy indicada para tratar calambres, cansancio, dolor o hinchaz\u00f3n. Piernas ligeras con el uso continuado de este efectivo aceite 100% natural!<\/strong><\/p>\n<p>Menta, Cipr\u00e9s, Lim\u00f3n, Romero y Geranio en sus proporciones justas; <strong>tonifican la circulaci\u00f3n y aportan sensaci\u00f3n de bienestar y confort en las piernas cansadas y los pies<\/strong>.\u00a0Con la ayuda adem\u00e1s de Almendras y Avellanas te aportar\u00e1 <strong>hidrataci\u00f3n instant\u00e1nea y duradera<\/strong>:\u00a0para nutrir, hidratar suavizar y embellecer tu piel, d\u00eda a d\u00eda.<\/p>\n<p>Disponible en formatos 125 ml y 500 ml (profesional)\u00a0 | aceite corporal alivio piernas cansadas | previene aparici\u00f3n de varices | 100% natural | apta para veganas<\/p>","protected":false},"excerpt":{"rendered":"<p>Este aceite corporal para piernas cansadas te ayudar\u00e1 a recuperar el bienestar y ligereza de tu extremidades en esos d\u00edas [&hellip;]<\/p>\n","protected":false},"featured_media":615,"comment_status":"open","ping_status":"closed","template":"","meta":{"site-sidebar-layout":"default","site-content-layout":"","ast-site-content-layout":"default","site-content-style":"default","site-sidebar-style":"default","ast-global-header-display":"","ast-banner-title-visibility":"","ast-main-header-display":"","ast-hfb-above-header-display":"","ast-hfb-below-header-display":"","ast-hfb-mobile-header-display":"","site-post-title":"","ast-breadcrumbs-content":"","ast-featured-img":"","footer-sml-layout":"","ast-disable-related-posts":"","theme-transparent-header-meta":"default","adv-header-id-meta":"","stick-header-meta":"","header-above-stick-meta":"","header-main-stick-meta":"","header-below-stick-meta":"","astra-migrate-meta-layouts":"set","ast-page-background-enabled":"default","ast-page-background-meta":{"desktop":{"background-color":"var(--ast-global-color-5)","background-image":"","background-repeat":"repeat","background-position":"center center","background-size":"auto","background-attachment":"scroll","background-type":"","background-media":"","overlay-type":"","overlay-color":"","overlay-opacity":"","overlay-gradient":""},"tablet":{"background-color":"","background-image":"","background-repeat":"repeat","background-position":"center center","background-size":"auto","background-attachment":"scroll","background-type":"","background-media":"","overlay-type":"","overlay-color":"","overlay-opacity":"","overlay-gradient":""},"mobile":{"background-color":"","background-image":"","background-repeat":"repeat","background-position":"center center","background-size":"auto","background-attachment":"scroll","background-type":"","background-media":"","overlay-type":"","overlay-color":"","overlay-opacity":"","overlay-gradient":""}},"ast-content-background-meta":{"desktop":{"background-color":"var(--ast-global-color-4)","background-image":"","background-repeat":"repeat","background-position":"center center","background-size":"auto","background-attachment":"scroll","background-type":"","background-media":"","overlay-type":"","overlay-color":"","overlay-opacity":"","overlay-gradient":""},"tablet":{"background-color":"var(--ast-global-color-4)","background-image":"","background-repeat":"repeat","background-position":"center center","background-size":"auto","background-attachment":"scroll","background-type":"","background-media":"","overlay-type":"","overlay-color":"","overlay-opacity":"","overlay-gradient":""},"mobile":{"background-color":"var(--ast-global-color-4)","background-image":"","background-repeat":"repeat","background-position":"center center","background-size":"auto","background-attachment":"scroll","background-type":"","background-media":"","overlay-type":"","overlay-color":"","overlay-opacity":"","overlay-gradient":""}}},"product_brand":[],"product_cat":[56],"product_tag":[],"class_list":{"0":"post-616","1":"product","2":"type-product","3":"status-publish","4":"has-post-thumbnail","6":"product_cat-aceites-corporales","7":"desktop-align-left","8":"tablet-align-left","9":"mobile-align-left","11":"first","12":"instock","13":"taxable","14":"shipping-taxable","15":"purchasable","16":"product-type-simple"},"bundled_by":[],"bundle_stock_status":"instock","bundle_stock_quantity":null,"bundle_virtual":false,"bundle_layout":"","bundle_add_to_cart_form_location":"","bundle_editable_in_cart":false,"bundle_sold_individually_context":"","bundle_item_grouping":"","bundle_min_size":"","bundle_max_size":"","bundle_price":[],"bundled_items":[],"bundle_sell_ids":[],"_links":{"self":[{"href":"https:\/\/watermemory.es\/en\/wp-json\/wp\/v2\/product\/616","targetHints":{"allow":["GET"]}}],"collection":[{"href":"https:\/\/watermemory.es\/en\/wp-json\/wp\/v2\/product"}],"about":[{"href":"https:\/\/watermemory.es\/en\/wp-json\/wp\/v2\/types\/product"}],"replies":[{"embeddable":true,"href":"https:\/\/watermemory.es\/en\/wp-json\/wp\/v2\/comments?post=616"}],"wp:featuredmedia":[{"embeddable":true,"href":"https:\/\/watermemory.es\/en\/wp-json\/wp\/v2\/media\/615"}],"wp:attachment":[{"href":"https:\/\/watermemory.es\/en\/wp-json\/wp\/v2\/media?parent=616"}],"wp:term":[{"taxonomy":"product_brand","embeddable":true,"href":"https:\/\/watermemory.es\/en\/wp-json\/wp\/v2\/product_brand?post=616"},{"taxonomy":"product_cat","embeddable":true,"href":"https:\/\/watermemory.es\/en\/wp-json\/wp\/v2\/product_cat?post=616"},{"taxonomy":"product_tag","embeddable":true,"href":"https:\/\/watermemory.es\/en\/wp-json\/wp\/v2\/product_tag?post=616"}],"curies":[{"name":"wp","href":"https:\/\/api.w.org\/{rel}","templated":true}]}}