{"id":606,"date":"2025-11-24T22:25:13","date_gmt":"2025-11-24T22:25:13","guid":{"rendered":"https:\/\/watermemory.es\/producto\/serum-acido-hialuronico-flash-hidratante-antiarrugas\/"},"modified":"2026-01-21T18:21:03","modified_gmt":"2026-01-21T18:21:03","slug":"serum-acido-hialuronico-flash-hidratante-antiarrugas","status":"publish","type":"product","link":"https:\/\/watermemory.es\/en\/product\/serum-acido-hialuronico-flash-hidratante-antiarrugas\/","title":{"rendered":"Serum \u00c1cido Hialur\u00f3nico Flash &#8211; Hidratante Antiarrugas"},"content":{"rendered":"<p><span style=\"color: #000000;\">S\u00e9rum puro de \u00c1cido Hialur\u00f3nico que<strong> consigue reducir arrugas, suavizar el cutis y mejorar la luminosidad de manera instant\u00e1nea\u00a0<\/strong>y\u00a0con espectacular efecto acumulativo a largo plazo.\u00a0<strong>Ilumina, suaviza y alisa la piel<\/strong> a trav\u00e9s del incremento en hidrataci\u00f3n, firmeza y elasticidad. <strong>Estimula la formaci\u00f3n de \u00c1cido Hialur\u00f3nico y Col\u00e1geno en los tejidos de la piel<\/strong>. Ideal para todo tipo de piel.<\/span><\/p>\n<p>F\u00d3RMULA \u00daNICA: <strong>S\u00e9rum<\/strong>\u00a0<strong>\u00c1cido Hialur\u00f3nico de origen vegetal<\/strong>*.<br \/>\nEFECTO FLASH ANTI-EDAD: <strong>Rellena arrugas y embellece de manera instant\u00e1nea<\/strong>, con resultados espectaculares.<br \/>\nLARGO RECORRIDO: <strong>Ideal para masajes faciales<\/strong> o para cualquier tipo de aparatolog\u00eda est\u00e9tica.<\/p>\n<p>Serum\u00a0 \u00c1cido Hialur\u00f3nico con concentraci\u00f3n del 96%.<\/p>\n<p>*El \u00e1cido hialur\u00f3nico de un serum hialur\u00f3nico convencional se extrae de animales muertos como crestas de gallos, ojos bovinos o piel de tibur\u00f3n. En Golden Pyramide s\u00f3lo extraemos nuestro s\u00e9rum de fibras de celulosa.\u00a0Es una materia prima m\u00e1s cara, pero de mayor calidad y respeto por la vida animal.<\/p>\n<p>15 ml | s\u00e9rum \u00e1cido hialur\u00f3nico para todo tipo de piel | 100% vegetal | efecto instant\u00e1neo | reduce arrugas | ilumina, suaviza y alisa<\/p>","protected":false},"excerpt":{"rendered":"<p>S\u00e9rum puro de \u00c1cido Hialur\u00f3nico que consigue reducir arrugas, suavizar el cutis y mejorar la luminosidad de manera instant\u00e1nea\u00a0y\u00a0con espectacular [&hellip;]<\/p>\n","protected":false},"featured_media":605,"comment_status":"open","ping_status":"closed","template":"","meta":{"site-sidebar-layout":"default","site-content-layout":"","ast-site-content-layout":"default","site-content-style":"default","site-sidebar-style":"default","ast-global-header-display":"","ast-banner-title-visibility":"","ast-main-header-display":"","ast-hfb-above-header-display":"","ast-hfb-below-header-display":"","ast-hfb-mobile-header-display":"","site-post-title":"","ast-breadcrumbs-content":"","ast-featured-img":"","footer-sml-layout":"","ast-disable-related-posts":"","theme-transparent-header-meta":"default","adv-header-id-meta":"","stick-header-meta":"","header-above-stick-meta":"","header-main-stick-meta":"","header-below-stick-meta":"","astra-migrate-meta-layouts":"set","ast-page-background-enabled":"default","ast-page-background-meta":{"desktop":{"background-color":"var(--ast-global-color-5)","background-image":"","background-repeat":"repeat","background-position":"center center","background-size":"auto","background-attachment":"scroll","background-type":"","background-media":"","overlay-type":"","overlay-color":"","overlay-opacity":"","overlay-gradient":""},"tablet":{"background-color":"","background-image":"","background-repeat":"repeat","background-position":"center center","background-size":"auto","background-attachment":"scroll","background-type":"","background-media":"","overlay-type":"","overlay-color":"","overlay-opacity":"","overlay-gradient":""},"mobile":{"background-color":"","background-image":"","background-repeat":"repeat","background-position":"center center","background-size":"auto","background-attachment":"scroll","background-type":"","background-media":"","overlay-type":"","overlay-color":"","overlay-opacity":"","overlay-gradient":""}},"ast-content-background-meta":{"desktop":{"background-color":"var(--ast-global-color-4)","background-image":"","background-repeat":"repeat","background-position":"center center","background-size":"auto","background-attachment":"scroll","background-type":"","background-media":"","overlay-type":"","overlay-color":"","overlay-opacity":"","overlay-gradient":""},"tablet":{"background-color":"var(--ast-global-color-4)","background-image":"","background-repeat":"repeat","background-position":"center center","background-size":"auto","background-attachment":"scroll","background-type":"","background-media":"","overlay-type":"","overlay-color":"","overlay-opacity":"","overlay-gradient":""},"mobile":{"background-color":"var(--ast-global-color-4)","background-image":"","background-repeat":"repeat","background-position":"center center","background-size":"auto","background-attachment":"scroll","background-type":"","background-media":"","overlay-type":"","overlay-color":"","overlay-opacity":"","overlay-gradient":""}}},"product_brand":[],"product_cat":[49],"product_tag":[],"class_list":{"0":"post-606","1":"product","2":"type-product","3":"status-publish","4":"has-post-thumbnail","6":"product_cat-serums","7":"desktop-align-left","8":"tablet-align-left","9":"mobile-align-left","11":"first","12":"instock","13":"taxable","14":"shipping-taxable","15":"purchasable","16":"product-type-simple"},"bundled_by":[],"bundle_stock_status":"instock","bundle_stock_quantity":null,"bundle_virtual":false,"bundle_layout":"","bundle_add_to_cart_form_location":"","bundle_editable_in_cart":false,"bundle_sold_individually_context":"","bundle_item_grouping":"","bundle_min_size":"","bundle_max_size":"","bundle_price":[],"bundled_items":[],"bundle_sell_ids":[],"_links":{"self":[{"href":"https:\/\/watermemory.es\/en\/wp-json\/wp\/v2\/product\/606","targetHints":{"allow":["GET"]}}],"collection":[{"href":"https:\/\/watermemory.es\/en\/wp-json\/wp\/v2\/product"}],"about":[{"href":"https:\/\/watermemory.es\/en\/wp-json\/wp\/v2\/types\/product"}],"replies":[{"embeddable":true,"href":"https:\/\/watermemory.es\/en\/wp-json\/wp\/v2\/comments?post=606"}],"wp:featuredmedia":[{"embeddable":true,"href":"https:\/\/watermemory.es\/en\/wp-json\/wp\/v2\/media\/605"}],"wp:attachment":[{"href":"https:\/\/watermemory.es\/en\/wp-json\/wp\/v2\/media?parent=606"}],"wp:term":[{"taxonomy":"product_brand","embeddable":true,"href":"https:\/\/watermemory.es\/en\/wp-json\/wp\/v2\/product_brand?post=606"},{"taxonomy":"product_cat","embeddable":true,"href":"https:\/\/watermemory.es\/en\/wp-json\/wp\/v2\/product_cat?post=606"},{"taxonomy":"product_tag","embeddable":true,"href":"https:\/\/watermemory.es\/en\/wp-json\/wp\/v2\/product_tag?post=606"}],"curies":[{"name":"wp","href":"https:\/\/api.w.org\/{rel}","templated":true}]}}