{"id":604,"date":"2025-11-24T22:25:12","date_gmt":"2025-11-24T22:25:12","guid":{"rendered":"https:\/\/watermemory.es\/producto\/serum-antiedad-escudo-adn-revolution-elixir\/"},"modified":"2026-01-21T18:22:54","modified_gmt":"2026-01-21T18:22:54","slug":"serum-antiedad-escudo-adn-revolution-elixir","status":"publish","type":"product","link":"https:\/\/watermemory.es\/en\/product\/serum-antiedad-escudo-adn-revolution-elixir\/","title":{"rendered":"Serum Antiedad Escudo ADN Revolution Elixir"},"content":{"rendered":"<p><span style=\"font-size: 0.875rem;\">Este serum Antiedad es imprescindible para renovar tu piel y darle un aspecto m\u00e1s joven gracias a su <\/span><strong style=\"font-size: 0.875rem;\">alto contenido en Argireline\u00ae<\/strong><\/p>\n<p>Nuestro exclusivo<strong>\u00a0Serum antiedad\u00a0<\/strong>perfeccionador de la piel, es el \u00fanico corrector de ADN que cumple estrictos criterios de Cosm\u00e9tica Natural. Trata los signos del envejecimiento y las l\u00edneas de expresi\u00f3n.<\/p>\n<p>Corregir los da\u00f1os en la cadena de <strong>ADN<\/strong> es extremadamente importante, por que un ADN da\u00f1ado programa la creaci\u00f3n de c\u00e9lulas da\u00f1adas. Si corregimos los da\u00f1os, estimulamos la creaci\u00f3n de <strong>c\u00e9lulas nuevas<\/strong> m\u00e1s sanas.<\/p>\n<p><em>Contiene Argireline\u00ae: el \u00fanico ingrediente capaz de controlar las incontrolables l\u00edneas de expresi\u00f3n, sin inyecciones ni intervenciones medico-est\u00e9ticas.<\/em><\/p>\n<p><em>30 ml | serum antiedad para todo tipo de piel | ingredientes 100% naturales | apto para veganos<\/em><\/p>","protected":false},"excerpt":{"rendered":"<p><span style=\"font-size: 0.875rem;\">Este serum Antiedad es imprescindible para renovar tu piel y darle un aspecto m\u00e1s joven gracias a su <\/span><strong style=\"font-size: 0.875rem;\">alto contenido e<\/strong><\/p>","protected":false},"featured_media":603,"comment_status":"open","ping_status":"closed","template":"","meta":{"site-sidebar-layout":"default","site-content-layout":"","ast-site-content-layout":"default","site-content-style":"default","site-sidebar-style":"default","ast-global-header-display":"","ast-banner-title-visibility":"","ast-main-header-display":"","ast-hfb-above-header-display":"","ast-hfb-below-header-display":"","ast-hfb-mobile-header-display":"","site-post-title":"","ast-breadcrumbs-content":"","ast-featured-img":"","footer-sml-layout":"","ast-disable-related-posts":"","theme-transparent-header-meta":"default","adv-header-id-meta":"","stick-header-meta":"","header-above-stick-meta":"","header-main-stick-meta":"","header-below-stick-meta":"","astra-migrate-meta-layouts":"set","ast-page-background-enabled":"default","ast-page-background-meta":{"desktop":{"background-color":"var(--ast-global-color-5)","background-image":"","background-repeat":"repeat","background-position":"center center","background-size":"auto","background-attachment":"scroll","background-type":"","background-media":"","overlay-type":"","overlay-color":"","overlay-opacity":"","overlay-gradient":""},"tablet":{"background-color":"","background-image":"","background-repeat":"repeat","background-position":"center center","background-size":"auto","background-attachment":"scroll","background-type":"","background-media":"","overlay-type":"","overlay-color":"","overlay-opacity":"","overlay-gradient":""},"mobile":{"background-color":"","background-image":"","background-repeat":"repeat","background-position":"center center","background-size":"auto","background-attachment":"scroll","background-type":"","background-media":"","overlay-type":"","overlay-color":"","overlay-opacity":"","overlay-gradient":""}},"ast-content-background-meta":{"desktop":{"background-color":"var(--ast-global-color-4)","background-image":"","background-repeat":"repeat","background-position":"center center","background-size":"auto","background-attachment":"scroll","background-type":"","background-media":"","overlay-type":"","overlay-color":"","overlay-opacity":"","overlay-gradient":""},"tablet":{"background-color":"var(--ast-global-color-4)","background-image":"","background-repeat":"repeat","background-position":"center center","background-size":"auto","background-attachment":"scroll","background-type":"","background-media":"","overlay-type":"","overlay-color":"","overlay-opacity":"","overlay-gradient":""},"mobile":{"background-color":"var(--ast-global-color-4)","background-image":"","background-repeat":"repeat","background-position":"center center","background-size":"auto","background-attachment":"scroll","background-type":"","background-media":"","overlay-type":"","overlay-color":"","overlay-opacity":"","overlay-gradient":""}}},"product_brand":[],"product_cat":[49],"product_tag":[],"class_list":{"0":"post-604","1":"product","2":"type-product","3":"status-publish","4":"has-post-thumbnail","6":"product_cat-serums","7":"desktop-align-left","8":"tablet-align-left","9":"mobile-align-left","11":"first","12":"instock","13":"taxable","14":"shipping-taxable","15":"purchasable","16":"product-type-simple"},"bundled_by":[],"bundle_stock_status":"instock","bundle_stock_quantity":null,"bundle_virtual":false,"bundle_layout":"","bundle_add_to_cart_form_location":"","bundle_editable_in_cart":false,"bundle_sold_individually_context":"","bundle_item_grouping":"","bundle_min_size":"","bundle_max_size":"","bundle_price":[],"bundled_items":[],"bundle_sell_ids":[],"_links":{"self":[{"href":"https:\/\/watermemory.es\/en\/wp-json\/wp\/v2\/product\/604","targetHints":{"allow":["GET"]}}],"collection":[{"href":"https:\/\/watermemory.es\/en\/wp-json\/wp\/v2\/product"}],"about":[{"href":"https:\/\/watermemory.es\/en\/wp-json\/wp\/v2\/types\/product"}],"replies":[{"embeddable":true,"href":"https:\/\/watermemory.es\/en\/wp-json\/wp\/v2\/comments?post=604"}],"wp:featuredmedia":[{"embeddable":true,"href":"https:\/\/watermemory.es\/en\/wp-json\/wp\/v2\/media\/603"}],"wp:attachment":[{"href":"https:\/\/watermemory.es\/en\/wp-json\/wp\/v2\/media?parent=604"}],"wp:term":[{"taxonomy":"product_brand","embeddable":true,"href":"https:\/\/watermemory.es\/en\/wp-json\/wp\/v2\/product_brand?post=604"},{"taxonomy":"product_cat","embeddable":true,"href":"https:\/\/watermemory.es\/en\/wp-json\/wp\/v2\/product_cat?post=604"},{"taxonomy":"product_tag","embeddable":true,"href":"https:\/\/watermemory.es\/en\/wp-json\/wp\/v2\/product_tag?post=604"}],"curies":[{"name":"wp","href":"https:\/\/api.w.org\/{rel}","templated":true}]}}