{"id":596,"date":"2025-11-24T22:25:04","date_gmt":"2025-11-24T22:25:04","guid":{"rendered":"https:\/\/watermemory.es\/producto\/crema-facial-nutritiva-y-reparadora-con-jalea-real-y-caviar\/"},"modified":"2026-01-21T17:51:42","modified_gmt":"2026-01-21T17:51:42","slug":"crema-facial-nutritiva-y-reparadora-con-jalea-real-y-caviar","status":"publish","type":"product","link":"https:\/\/watermemory.es\/en\/product\/crema-facial-nutritiva-y-reparadora-con-jalea-real-y-caviar\/","title":{"rendered":"Crema Facial Nutritiva y Reparadora con Jalea Real y Caviar"},"content":{"rendered":"<p><span style=\"color: #000000;\">Crema <strong>nutritiva y reparadora\u00a0intensiva<\/strong> con m\u00e1s de<strong>\u00a020 Activos Naturales <\/strong>como la\u00a0<strong>Jalea Real<\/strong> y <strong>Caviar<\/strong>. Act\u00faan en sinergia los mejores aceites nutritivos y antioxidantes, como la <strong>Rosa Mosqueta<\/strong> y el <strong>Germen de Trigo<\/strong>, y esencias minerales espec\u00edficas para la regeneraci\u00f3n y la \u00f3ptima asimilaci\u00f3n de nutrientes, como el <strong>Zafiro Azul<\/strong> o la <\/span><strong><span style=\"color: #000000;\">Esmeralda.<\/span>\u00a0<\/strong><\/p>\n<p>&nbsp;<\/p>\n<p>Con una acci\u00f3n antiedad extraordinaria, ya que la crema reparadora\u00a0<strong>previene y trata<\/strong> todos los signos del <strong>envejecimiento<\/strong> de manera intensiva. Reduce <strong>arrugas<\/strong> y l\u00edneas de expresi\u00f3n.<\/p>\n<p>Crema nutritiva ideal para<strong> pieles maduras, muy secas <\/strong>o<strong> da\u00f1adas <\/strong>\u00a1100%<strong> natural<\/strong>!<\/p>\n<p>50 ml | pieles secas y da\u00f1adas |\u00a0crema reparadora, nutritiva y antiedad | Contiene caviar, no apta para Veganas<\/p>\n<style type=\"text\/css\"><!-- td {border: 1px solid #ccc;}br {mso-data-placement:same-cell;} --><\/style>","protected":false},"excerpt":{"rendered":"<p><span style=\"color: #000000;\">Crema <strong>nutritiva y reparadora\u00a0intensiva<\/strong> con m\u00e1s de<strong>\u00a020 Activos Naturales <\/strong>como la\u00a0<strong>Jalea Real<\/strong> y <strong>Caviar<\/strong>.<\/span><\/p>","protected":false},"featured_media":595,"comment_status":"open","ping_status":"closed","template":"","meta":{"site-sidebar-layout":"default","site-content-layout":"","ast-site-content-layout":"default","site-content-style":"default","site-sidebar-style":"default","ast-global-header-display":"","ast-banner-title-visibility":"","ast-main-header-display":"","ast-hfb-above-header-display":"","ast-hfb-below-header-display":"","ast-hfb-mobile-header-display":"","site-post-title":"","ast-breadcrumbs-content":"","ast-featured-img":"","footer-sml-layout":"","ast-disable-related-posts":"","theme-transparent-header-meta":"default","adv-header-id-meta":"","stick-header-meta":"","header-above-stick-meta":"","header-main-stick-meta":"","header-below-stick-meta":"","astra-migrate-meta-layouts":"set","ast-page-background-enabled":"default","ast-page-background-meta":{"desktop":{"background-color":"var(--ast-global-color-5)","background-image":"","background-repeat":"repeat","background-position":"center center","background-size":"auto","background-attachment":"scroll","background-type":"","background-media":"","overlay-type":"","overlay-color":"","overlay-opacity":"","overlay-gradient":""},"tablet":{"background-color":"","background-image":"","background-repeat":"repeat","background-position":"center center","background-size":"auto","background-attachment":"scroll","background-type":"","background-media":"","overlay-type":"","overlay-color":"","overlay-opacity":"","overlay-gradient":""},"mobile":{"background-color":"","background-image":"","background-repeat":"repeat","background-position":"center center","background-size":"auto","background-attachment":"scroll","background-type":"","background-media":"","overlay-type":"","overlay-color":"","overlay-opacity":"","overlay-gradient":""}},"ast-content-background-meta":{"desktop":{"background-color":"var(--ast-global-color-4)","background-image":"","background-repeat":"repeat","background-position":"center center","background-size":"auto","background-attachment":"scroll","background-type":"","background-media":"","overlay-type":"","overlay-color":"","overlay-opacity":"","overlay-gradient":""},"tablet":{"background-color":"var(--ast-global-color-4)","background-image":"","background-repeat":"repeat","background-position":"center center","background-size":"auto","background-attachment":"scroll","background-type":"","background-media":"","overlay-type":"","overlay-color":"","overlay-opacity":"","overlay-gradient":""},"mobile":{"background-color":"var(--ast-global-color-4)","background-image":"","background-repeat":"repeat","background-position":"center center","background-size":"auto","background-attachment":"scroll","background-type":"","background-media":"","overlay-type":"","overlay-color":"","overlay-opacity":"","overlay-gradient":""}}},"product_brand":[],"product_cat":[47],"product_tag":[],"class_list":{"0":"post-596","1":"product","2":"type-product","3":"status-publish","4":"has-post-thumbnail","6":"product_cat-cremas-faciales","7":"desktop-align-left","8":"tablet-align-left","9":"mobile-align-left","11":"first","12":"instock","13":"taxable","14":"shipping-taxable","15":"purchasable","16":"product-type-simple"},"bundled_by":[],"bundle_stock_status":"instock","bundle_stock_quantity":null,"bundle_virtual":false,"bundle_layout":"","bundle_add_to_cart_form_location":"","bundle_editable_in_cart":false,"bundle_sold_individually_context":"","bundle_item_grouping":"","bundle_min_size":"","bundle_max_size":"","bundle_price":[],"bundled_items":[],"bundle_sell_ids":[],"_links":{"self":[{"href":"https:\/\/watermemory.es\/en\/wp-json\/wp\/v2\/product\/596","targetHints":{"allow":["GET"]}}],"collection":[{"href":"https:\/\/watermemory.es\/en\/wp-json\/wp\/v2\/product"}],"about":[{"href":"https:\/\/watermemory.es\/en\/wp-json\/wp\/v2\/types\/product"}],"replies":[{"embeddable":true,"href":"https:\/\/watermemory.es\/en\/wp-json\/wp\/v2\/comments?post=596"}],"wp:featuredmedia":[{"embeddable":true,"href":"https:\/\/watermemory.es\/en\/wp-json\/wp\/v2\/media\/595"}],"wp:attachment":[{"href":"https:\/\/watermemory.es\/en\/wp-json\/wp\/v2\/media?parent=596"}],"wp:term":[{"taxonomy":"product_brand","embeddable":true,"href":"https:\/\/watermemory.es\/en\/wp-json\/wp\/v2\/product_brand?post=596"},{"taxonomy":"product_cat","embeddable":true,"href":"https:\/\/watermemory.es\/en\/wp-json\/wp\/v2\/product_cat?post=596"},{"taxonomy":"product_tag","embeddable":true,"href":"https:\/\/watermemory.es\/en\/wp-json\/wp\/v2\/product_tag?post=596"}],"curies":[{"name":"wp","href":"https:\/\/api.w.org\/{rel}","templated":true}]}}