{"id":594,"date":"2025-11-24T22:25:02","date_gmt":"2025-11-24T22:25:02","guid":{"rendered":"https:\/\/watermemory.es\/producto\/crema-facial-hidratante-reafirmante-piel-normal-o-sensible\/"},"modified":"2026-01-21T17:56:59","modified_gmt":"2026-01-21T17:56:59","slug":"crema-facial-hidratante-reafirmante-piel-normal-o-sensible","status":"publish","type":"product","link":"https:\/\/watermemory.es\/en\/product\/crema-facial-hidratante-reafirmante-piel-normal-o-sensible\/","title":{"rendered":"Crema Facial Hidratante Reafirmante &#8211; Piel Normal o Sensible"},"content":{"rendered":"<p><strong>Crema facial hidratante natural de alto poder reafirmante para prevenir el envejecimiento de la piel<\/strong> (arrugas y salud) <strong>y combatir la flacidez facial<\/strong> (consistencia); apta para piel sensibles o reactivas.<\/p>\n<p>Con <strong>altas dosis de \u00e1cido hialur\u00f3nico de origen vegetal*<\/strong>, esta <strong>crema facial hidratante reafirmante<\/strong>\u00a0<strong>corrige tu nivel de hidrataci\u00f3n y suaviza arrugas con efecto instant\u00e1neo que se hace m\u00e1s y m\u00e1s visible con su uso a largo plazo<\/strong> de manera acumulativa. Ya que, poco a poco, va activando la producci\u00f3n del col\u00e1geno, la elastina y del \u00e1cido hialur\u00f3nico propio de la piel. \u00a1A m\u00e1s uso, mejores resultados!<\/p>\n<p><span style=\"color: #404040;\">* En una crema facial reafirmante convencional el \u00e1cido hialur\u00f3nico se extrae de animales muertos. <strong>En Golden Pyramide lo extraemos de fibras de celulosa.\u00a0M\u00e1s caro, pero de mayor calidad y con total respeto por los animales<\/strong>.<\/span><\/p>\n<p><span style=\"color: #404040;\">50 ml | pieles normales o sensibles | con \u00c1cido Hialur\u00f3nico de origen vegetal<\/span><\/p>","protected":false},"excerpt":{"rendered":"<p><strong>Crema facial hidratante natural de alto poder reafirmante para prevenir el envejecimiento de la piel<\/strong> (arrugas y salud) <strong>y combatir la flacidez facial<\/strong> (consistencia)<\/p>","protected":false},"featured_media":593,"comment_status":"open","ping_status":"closed","template":"","meta":{"site-sidebar-layout":"default","site-content-layout":"","ast-site-content-layout":"default","site-content-style":"default","site-sidebar-style":"default","ast-global-header-display":"","ast-banner-title-visibility":"","ast-main-header-display":"","ast-hfb-above-header-display":"","ast-hfb-below-header-display":"","ast-hfb-mobile-header-display":"","site-post-title":"","ast-breadcrumbs-content":"","ast-featured-img":"","footer-sml-layout":"","ast-disable-related-posts":"","theme-transparent-header-meta":"default","adv-header-id-meta":"","stick-header-meta":"","header-above-stick-meta":"","header-main-stick-meta":"","header-below-stick-meta":"","astra-migrate-meta-layouts":"set","ast-page-background-enabled":"default","ast-page-background-meta":{"desktop":{"background-color":"var(--ast-global-color-5)","background-image":"","background-repeat":"repeat","background-position":"center center","background-size":"auto","background-attachment":"scroll","background-type":"","background-media":"","overlay-type":"","overlay-color":"","overlay-opacity":"","overlay-gradient":""},"tablet":{"background-color":"","background-image":"","background-repeat":"repeat","background-position":"center center","background-size":"auto","background-attachment":"scroll","background-type":"","background-media":"","overlay-type":"","overlay-color":"","overlay-opacity":"","overlay-gradient":""},"mobile":{"background-color":"","background-image":"","background-repeat":"repeat","background-position":"center center","background-size":"auto","background-attachment":"scroll","background-type":"","background-media":"","overlay-type":"","overlay-color":"","overlay-opacity":"","overlay-gradient":""}},"ast-content-background-meta":{"desktop":{"background-color":"var(--ast-global-color-4)","background-image":"","background-repeat":"repeat","background-position":"center center","background-size":"auto","background-attachment":"scroll","background-type":"","background-media":"","overlay-type":"","overlay-color":"","overlay-opacity":"","overlay-gradient":""},"tablet":{"background-color":"var(--ast-global-color-4)","background-image":"","background-repeat":"repeat","background-position":"center center","background-size":"auto","background-attachment":"scroll","background-type":"","background-media":"","overlay-type":"","overlay-color":"","overlay-opacity":"","overlay-gradient":""},"mobile":{"background-color":"var(--ast-global-color-4)","background-image":"","background-repeat":"repeat","background-position":"center center","background-size":"auto","background-attachment":"scroll","background-type":"","background-media":"","overlay-type":"","overlay-color":"","overlay-opacity":"","overlay-gradient":""}}},"product_brand":[],"product_cat":[47],"product_tag":[],"class_list":{"0":"post-594","1":"product","2":"type-product","3":"status-publish","4":"has-post-thumbnail","6":"product_cat-cremas-faciales","7":"desktop-align-left","8":"tablet-align-left","9":"mobile-align-left","11":"first","12":"instock","13":"taxable","14":"shipping-taxable","15":"purchasable","16":"product-type-simple"},"bundled_by":[],"bundle_stock_status":"instock","bundle_stock_quantity":null,"bundle_virtual":false,"bundle_layout":"","bundle_add_to_cart_form_location":"","bundle_editable_in_cart":false,"bundle_sold_individually_context":"","bundle_item_grouping":"","bundle_min_size":"","bundle_max_size":"","bundle_price":[],"bundled_items":[],"bundle_sell_ids":[],"_links":{"self":[{"href":"https:\/\/watermemory.es\/en\/wp-json\/wp\/v2\/product\/594","targetHints":{"allow":["GET"]}}],"collection":[{"href":"https:\/\/watermemory.es\/en\/wp-json\/wp\/v2\/product"}],"about":[{"href":"https:\/\/watermemory.es\/en\/wp-json\/wp\/v2\/types\/product"}],"replies":[{"embeddable":true,"href":"https:\/\/watermemory.es\/en\/wp-json\/wp\/v2\/comments?post=594"}],"wp:featuredmedia":[{"embeddable":true,"href":"https:\/\/watermemory.es\/en\/wp-json\/wp\/v2\/media\/593"}],"wp:attachment":[{"href":"https:\/\/watermemory.es\/en\/wp-json\/wp\/v2\/media?parent=594"}],"wp:term":[{"taxonomy":"product_brand","embeddable":true,"href":"https:\/\/watermemory.es\/en\/wp-json\/wp\/v2\/product_brand?post=594"},{"taxonomy":"product_cat","embeddable":true,"href":"https:\/\/watermemory.es\/en\/wp-json\/wp\/v2\/product_cat?post=594"},{"taxonomy":"product_tag","embeddable":true,"href":"https:\/\/watermemory.es\/en\/wp-json\/wp\/v2\/product_tag?post=594"}],"curies":[{"name":"wp","href":"https:\/\/api.w.org\/{rel}","templated":true}]}}