{"id":543,"date":"2025-11-24T22:19:52","date_gmt":"2025-11-24T22:19:52","guid":{"rendered":"https:\/\/watermemory.es\/producto\/tratamiento-antiedad-reafirmante-oro-22k\/"},"modified":"2025-12-15T15:52:03","modified_gmt":"2025-12-15T15:52:03","slug":"tratamiento-antiedad-reafirmante-oro-22k","status":"publish","type":"product","link":"https:\/\/watermemory.es\/en\/product\/tratamiento-antiedad-reafirmante-oro-22k\/","title":{"rendered":"Tratamiento Antiedad Reafirmante Oro 22K"},"content":{"rendered":"<p>El pack-tratamiento CORPORAL REAFIRMANTE ANTI-AGING GOLD 22K est\u00e1 compuesto por:<\/p>\n<p><strong>Body Milk Corporal Oro 250ml<\/strong><br \/><strong> Aceite Reafirmante Corporal 125ml<\/strong><br \/><strong> Esencia Mineral Platino 15ml<\/strong><br \/><strong> Guantes de masaje DE REGALO<\/strong><\/p>\n<p>La espec\u00edfica formulaci\u00f3n de este Pack Corporal, y los productos que lo componen, lo convierten en imprescindible para CUIDAR, MIMAR Y REJUVENECER, la piel de todo el cuerpo. <br \/>Los extractos vegetales, Karit\u00e9, Prote\u00ednas de soja, Prote\u00ednas de trigo, \u00c1cido Hialur\u00f3nico, centella asi\u00e1tica, los aceites esenciales de Rosa Mosqueta, Jojoba, Geraneo Jojoba, Mandarina Mirra etc. Todos ellos con propiedades REGENERADORAS ANTI EDAD REAFIRMANTES convierten este Pack en una joya de eterna juventud para el cuerpo. Las micropart\u00edculas de oro de 22 kilates presentes en la formulaci\u00f3n, aportan luz y resaltan el tono de la piel y el bronceado.<\/p>\n<p>Pack de\u00a03 productos + Guantes de tratamiento |\u00a0Rejuvenece y Revitaliza tu cuerpo\u00a0| apto para veganas<\/p>","protected":false},"excerpt":{"rendered":"<p>El pack-tratamiento CORPORAL REAFIRMANTE ANTI-AGING GOLD 22K est\u00e1 compuesto por: Body Milk Corporal Oro 250ml Aceite Reafirmante Corporal 125ml Esencia [&hellip;]<\/p>\n","protected":false},"featured_media":542,"comment_status":"open","ping_status":"closed","template":"","meta":{"site-sidebar-layout":"default","site-content-layout":"","ast-site-content-layout":"default","site-content-style":"default","site-sidebar-style":"default","ast-global-header-display":"","ast-banner-title-visibility":"","ast-main-header-display":"","ast-hfb-above-header-display":"","ast-hfb-below-header-display":"","ast-hfb-mobile-header-display":"","site-post-title":"","ast-breadcrumbs-content":"","ast-featured-img":"","footer-sml-layout":"","ast-disable-related-posts":"","theme-transparent-header-meta":"","adv-header-id-meta":"","stick-header-meta":"","header-above-stick-meta":"","header-main-stick-meta":"","header-below-stick-meta":"","astra-migrate-meta-layouts":"default","ast-page-background-enabled":"default","ast-page-background-meta":{"desktop":{"background-color":"var(--ast-global-color-5)","background-image":"","background-repeat":"repeat","background-position":"center center","background-size":"auto","background-attachment":"scroll","background-type":"","background-media":"","overlay-type":"","overlay-color":"","overlay-opacity":"","overlay-gradient":""},"tablet":{"background-color":"","background-image":"","background-repeat":"repeat","background-position":"center center","background-size":"auto","background-attachment":"scroll","background-type":"","background-media":"","overlay-type":"","overlay-color":"","overlay-opacity":"","overlay-gradient":""},"mobile":{"background-color":"","background-image":"","background-repeat":"repeat","background-position":"center center","background-size":"auto","background-attachment":"scroll","background-type":"","background-media":"","overlay-type":"","overlay-color":"","overlay-opacity":"","overlay-gradient":""}},"ast-content-background-meta":{"desktop":{"background-color":"var(--ast-global-color-4)","background-image":"","background-repeat":"repeat","background-position":"center center","background-size":"auto","background-attachment":"scroll","background-type":"","background-media":"","overlay-type":"","overlay-color":"","overlay-opacity":"","overlay-gradient":""},"tablet":{"background-color":"var(--ast-global-color-4)","background-image":"","background-repeat":"repeat","background-position":"center center","background-size":"auto","background-attachment":"scroll","background-type":"","background-media":"","overlay-type":"","overlay-color":"","overlay-opacity":"","overlay-gradient":""},"mobile":{"background-color":"var(--ast-global-color-4)","background-image":"","background-repeat":"repeat","background-position":"center center","background-size":"auto","background-attachment":"scroll","background-type":"","background-media":"","overlay-type":"","overlay-color":"","overlay-opacity":"","overlay-gradient":""}}},"product_brand":[],"product_cat":[67],"product_tag":[],"class_list":{"0":"post-543","1":"product","2":"type-product","3":"status-publish","4":"has-post-thumbnail","6":"product_cat-pack-tratamientos","7":"desktop-align-left","8":"tablet-align-left","9":"mobile-align-left","11":"first","12":"instock","13":"taxable","14":"shipping-taxable","15":"purchasable","16":"product-type-simple"},"bundled_by":[],"bundle_stock_status":"instock","bundle_stock_quantity":null,"bundle_virtual":false,"bundle_layout":"","bundle_add_to_cart_form_location":"","bundle_editable_in_cart":false,"bundle_sold_individually_context":"","bundle_item_grouping":"","bundle_min_size":"","bundle_max_size":"","bundle_price":[],"bundled_items":[],"bundle_sell_ids":[],"_links":{"self":[{"href":"https:\/\/watermemory.es\/en\/wp-json\/wp\/v2\/product\/543","targetHints":{"allow":["GET"]}}],"collection":[{"href":"https:\/\/watermemory.es\/en\/wp-json\/wp\/v2\/product"}],"about":[{"href":"https:\/\/watermemory.es\/en\/wp-json\/wp\/v2\/types\/product"}],"replies":[{"embeddable":true,"href":"https:\/\/watermemory.es\/en\/wp-json\/wp\/v2\/comments?post=543"}],"wp:featuredmedia":[{"embeddable":true,"href":"https:\/\/watermemory.es\/en\/wp-json\/wp\/v2\/media\/542"}],"wp:attachment":[{"href":"https:\/\/watermemory.es\/en\/wp-json\/wp\/v2\/media?parent=543"}],"wp:term":[{"taxonomy":"product_brand","embeddable":true,"href":"https:\/\/watermemory.es\/en\/wp-json\/wp\/v2\/product_brand?post=543"},{"taxonomy":"product_cat","embeddable":true,"href":"https:\/\/watermemory.es\/en\/wp-json\/wp\/v2\/product_cat?post=543"},{"taxonomy":"product_tag","embeddable":true,"href":"https:\/\/watermemory.es\/en\/wp-json\/wp\/v2\/product_tag?post=543"}],"curies":[{"name":"wp","href":"https:\/\/api.w.org\/{rel}","templated":true}]}}