{"id":541,"date":"2025-11-24T22:19:44","date_gmt":"2025-11-24T22:19:44","guid":{"rendered":"https:\/\/watermemory.es\/producto\/tratamiento-pieles-mixtas-y-sensibles\/"},"modified":"2025-12-09T21:09:09","modified_gmt":"2025-12-09T21:09:09","slug":"tratamiento-pieles-mixtas-y-sensibles","status":"publish","type":"product","link":"https:\/\/watermemory.es\/en\/product\/tratamiento-pieles-mixtas-y-sensibles\/","title":{"rendered":"Tratamiento Pieles Mixtas y Sensibles"},"content":{"rendered":"<p>La espec\u00edfica formulaci\u00f3n de este <strong>Pack Facial<\/strong>, y los productos que lo componen, ayudan a <strong>EQUILIBRAR Y ELIMINAR IMPUREZAS CUT\u00c1NEAS<\/strong>. Formulado con principios activos naturales de \u00faltima generaci\u00f3n como la orqu\u00eddea Iris Florentina, cuyo extracto tiene la capacidad de equilibrar y regular la grasa del cutis en tan solo 21 d\u00edas desde la primera aplicaci\u00f3n. Los aceites esenciales de Lavanda, romero, \u00e1rbol de te hisopo etc. Presentes en su formulaci\u00f3n regeneran, cicatrizan y protegen la piel de agentes pat\u00f3genos encargados de producir infecciones, granos e imperfecciones cut\u00e1neas.<\/p>\n<p><em>\u00a1Si eres propensa\u00a0al acn\u00e9 este es tu pack perfecto!<\/em><\/p>\n<p><em>Pack de 4 productos | Equilibrio y Cuidado de Pieles Mixtas\u00a0| apto para veganas<\/em><\/p>","protected":false},"excerpt":{"rendered":"<p>El tratamiento PIELES MIXTAS est\u00e1 compuesto por:<\/p>\n<p><strong>Crema facial Purificante 50ml<\/strong><br \/>\n<strong> Gel Calmante Happy Body 150ml\u00a0<\/strong><br \/>\n<strong> Gel\u00a0Samadhi 150ml<\/strong><br \/>\n<strong> Cocktail Revitalizante 40 15ml<\/strong><\/p>","protected":false},"featured_media":540,"comment_status":"open","ping_status":"closed","template":"","meta":{"site-sidebar-layout":"default","site-content-layout":"","ast-site-content-layout":"default","site-content-style":"default","site-sidebar-style":"default","ast-global-header-display":"","ast-banner-title-visibility":"","ast-main-header-display":"","ast-hfb-above-header-display":"","ast-hfb-below-header-display":"","ast-hfb-mobile-header-display":"","site-post-title":"","ast-breadcrumbs-content":"","ast-featured-img":"","footer-sml-layout":"","ast-disable-related-posts":"","theme-transparent-header-meta":"default","adv-header-id-meta":"","stick-header-meta":"","header-above-stick-meta":"","header-main-stick-meta":"","header-below-stick-meta":"","astra-migrate-meta-layouts":"set","ast-page-background-enabled":"default","ast-page-background-meta":{"desktop":{"background-color":"var(--ast-global-color-5)","background-image":"","background-repeat":"repeat","background-position":"center center","background-size":"auto","background-attachment":"scroll","background-type":"","background-media":"","overlay-type":"","overlay-color":"","overlay-opacity":"","overlay-gradient":""},"tablet":{"background-color":"","background-image":"","background-repeat":"repeat","background-position":"center center","background-size":"auto","background-attachment":"scroll","background-type":"","background-media":"","overlay-type":"","overlay-color":"","overlay-opacity":"","overlay-gradient":""},"mobile":{"background-color":"","background-image":"","background-repeat":"repeat","background-position":"center center","background-size":"auto","background-attachment":"scroll","background-type":"","background-media":"","overlay-type":"","overlay-color":"","overlay-opacity":"","overlay-gradient":""}},"ast-content-background-meta":{"desktop":{"background-color":"var(--ast-global-color-4)","background-image":"","background-repeat":"repeat","background-position":"center center","background-size":"auto","background-attachment":"scroll","background-type":"","background-media":"","overlay-type":"","overlay-color":"","overlay-opacity":"","overlay-gradient":""},"tablet":{"background-color":"var(--ast-global-color-4)","background-image":"","background-repeat":"repeat","background-position":"center center","background-size":"auto","background-attachment":"scroll","background-type":"","background-media":"","overlay-type":"","overlay-color":"","overlay-opacity":"","overlay-gradient":""},"mobile":{"background-color":"var(--ast-global-color-4)","background-image":"","background-repeat":"repeat","background-position":"center center","background-size":"auto","background-attachment":"scroll","background-type":"","background-media":"","overlay-type":"","overlay-color":"","overlay-opacity":"","overlay-gradient":""}}},"product_brand":[],"product_cat":[67],"product_tag":[],"class_list":{"0":"post-541","1":"product","2":"type-product","3":"status-publish","4":"has-post-thumbnail","6":"product_cat-pack-tratamientos","7":"desktop-align-left","8":"tablet-align-left","9":"mobile-align-left","11":"first","12":"instock","13":"taxable","14":"shipping-taxable","15":"purchasable","16":"product-type-simple"},"bundled_by":[],"bundle_stock_status":"instock","bundle_stock_quantity":null,"bundle_virtual":false,"bundle_layout":"","bundle_add_to_cart_form_location":"","bundle_editable_in_cart":false,"bundle_sold_individually_context":"","bundle_item_grouping":"","bundle_min_size":"","bundle_max_size":"","bundle_price":[],"bundled_items":[],"bundle_sell_ids":[],"_links":{"self":[{"href":"https:\/\/watermemory.es\/en\/wp-json\/wp\/v2\/product\/541","targetHints":{"allow":["GET"]}}],"collection":[{"href":"https:\/\/watermemory.es\/en\/wp-json\/wp\/v2\/product"}],"about":[{"href":"https:\/\/watermemory.es\/en\/wp-json\/wp\/v2\/types\/product"}],"replies":[{"embeddable":true,"href":"https:\/\/watermemory.es\/en\/wp-json\/wp\/v2\/comments?post=541"}],"wp:featuredmedia":[{"embeddable":true,"href":"https:\/\/watermemory.es\/en\/wp-json\/wp\/v2\/media\/540"}],"wp:attachment":[{"href":"https:\/\/watermemory.es\/en\/wp-json\/wp\/v2\/media?parent=541"}],"wp:term":[{"taxonomy":"product_brand","embeddable":true,"href":"https:\/\/watermemory.es\/en\/wp-json\/wp\/v2\/product_brand?post=541"},{"taxonomy":"product_cat","embeddable":true,"href":"https:\/\/watermemory.es\/en\/wp-json\/wp\/v2\/product_cat?post=541"},{"taxonomy":"product_tag","embeddable":true,"href":"https:\/\/watermemory.es\/en\/wp-json\/wp\/v2\/product_tag?post=541"}],"curies":[{"name":"wp","href":"https:\/\/api.w.org\/{rel}","templated":true}]}}