{"id":533,"date":"2025-11-24T22:19:05","date_gmt":"2025-11-24T22:19:05","guid":{"rendered":"https:\/\/watermemory.es\/producto\/energy-sinergia-mineral\/"},"modified":"2025-11-27T21:08:09","modified_gmt":"2025-11-27T21:08:09","slug":"energy-sinergia-mineral","status":"publish","type":"product","link":"https:\/\/watermemory.es\/en\/product\/energy-sinergia-mineral\/","title":{"rendered":"Energy &#8211; Sinergia Mineral"},"content":{"rendered":"<p><\/p>\n<p><strong><span data-sheets-userformat='{\"2\":14851,\"3\":{\"1\":4,\"2\":\"#,##0.00\\ [$\u20ac-1]\"},\"4\":{\"1\":2,\"2\":16777215},\"12\":0,\"14\":{\"1\":2,\"2\":1518413},\"15\":\"Arial\",\"16\":11}' data-sheets-value='{\"1\":2,\"2\":\"-40%. Te ahorras 11,44\u20ac con los Black Days\"}' style=\"color: #ff2a00;\"><\/span><\/strong>Ayuda a potenciar la energ\u00eda en casos de trabajos f\u00edsicos y en la practica de deportes, donde es necesario un plus de energ\u00eda.<\/p>\n<p>Ayuda a regular la energ\u00eda de nuestros canales y meridianos, ya sea por \u00a0exceso o por defecto. Armoniza el campo electromagn\u00e9tico.<\/p>\n<p>Por su especifica formulaci\u00f3n rica en \u00a0esencias minerales y florales como el Jaspe Verde la Vanadinita y la flor de Loto, podemos utilizar ENERGY para ayudar a equilibrar el nivel de energ\u00eda necesaria \u00a0para sentirnos en optimas condiciones.<\/p>\n<p>Es de gran ayuda en \u00e9pocas\u00a0 de sobreesfuerzo, deportistas, ex\u00e1menes, oposiciones etc. Tambi\u00e9n \u00a0para todas aquellas personas que realizan trabajos f\u00edsicos y necesitan un plus de energ\u00eda.<\/p>\n<p>30 ml. botella con gotero | <span>Regulador energ\u00e9tico<\/span> | formulado a base de flores de Bach y esencias minerales<\/p>\n<p style=\"text-align: center;\"><span style=\"color: rgb(128, 152, 138);\"><strong>ESCOGE 3 Y LL\u00c9VATE 1 GRATIS<\/strong><\/span><\/p>\n<div><strong>Combina como quieras con nuestras<span style=\"color: #d9a247;\"> <span style=\"color: rgb(128, 152, 138);\"><em>Sinergias<span style=\"color: #d9a247;\"><span style=\"color: rgb(128, 152, 138);\">, Flores de Bach<\/span><\/span> y Esencias Minerales<\/em>.<\/span><\/span><\/strong><\/div>\n<p>\u00a0<\/p>\n","protected":false},"excerpt":{"rendered":"<p>Ayuda a potenciar la energ\u00eda en casos de trabajos f\u00edsicos y en la practica de deportes, donde es necesario un [&hellip;]<\/p>\n","protected":false},"featured_media":532,"comment_status":"open","ping_status":"closed","template":"","meta":{"site-sidebar-layout":"default","site-content-layout":"","ast-site-content-layout":"default","site-content-style":"default","site-sidebar-style":"default","ast-global-header-display":"","ast-banner-title-visibility":"","ast-main-header-display":"","ast-hfb-above-header-display":"","ast-hfb-below-header-display":"","ast-hfb-mobile-header-display":"","site-post-title":"","ast-breadcrumbs-content":"","ast-featured-img":"","footer-sml-layout":"","ast-disable-related-posts":"","theme-transparent-header-meta":"","adv-header-id-meta":"","stick-header-meta":"","header-above-stick-meta":"","header-main-stick-meta":"","header-below-stick-meta":"","astra-migrate-meta-layouts":"default","ast-page-background-enabled":"default","ast-page-background-meta":{"desktop":{"background-color":"var(--ast-global-color-5)","background-image":"","background-repeat":"repeat","background-position":"center center","background-size":"auto","background-attachment":"scroll","background-type":"","background-media":"","overlay-type":"","overlay-color":"","overlay-opacity":"","overlay-gradient":""},"tablet":{"background-color":"","background-image":"","background-repeat":"repeat","background-position":"center center","background-size":"auto","background-attachment":"scroll","background-type":"","background-media":"","overlay-type":"","overlay-color":"","overlay-opacity":"","overlay-gradient":""},"mobile":{"background-color":"","background-image":"","background-repeat":"repeat","background-position":"center center","background-size":"auto","background-attachment":"scroll","background-type":"","background-media":"","overlay-type":"","overlay-color":"","overlay-opacity":"","overlay-gradient":""}},"ast-content-background-meta":{"desktop":{"background-color":"var(--ast-global-color-4)","background-image":"","background-repeat":"repeat","background-position":"center center","background-size":"auto","background-attachment":"scroll","background-type":"","background-media":"","overlay-type":"","overlay-color":"","overlay-opacity":"","overlay-gradient":""},"tablet":{"background-color":"var(--ast-global-color-4)","background-image":"","background-repeat":"repeat","background-position":"center center","background-size":"auto","background-attachment":"scroll","background-type":"","background-media":"","overlay-type":"","overlay-color":"","overlay-opacity":"","overlay-gradient":""},"mobile":{"background-color":"var(--ast-global-color-4)","background-image":"","background-repeat":"repeat","background-position":"center center","background-size":"auto","background-attachment":"scroll","background-type":"","background-media":"","overlay-type":"","overlay-color":"","overlay-opacity":"","overlay-gradient":""}}},"product_brand":[],"product_cat":[60],"product_tag":[],"class_list":{"0":"post-533","1":"product","2":"type-product","3":"status-publish","4":"has-post-thumbnail","6":"product_cat-sinergias-minerales","7":"desktop-align-left","8":"tablet-align-left","9":"mobile-align-left","11":"first","12":"instock","13":"taxable","14":"shipping-taxable","15":"purchasable","16":"product-type-simple"},"bundled_by":[],"bundle_stock_status":"instock","bundle_stock_quantity":null,"bundle_virtual":false,"bundle_layout":"","bundle_add_to_cart_form_location":"","bundle_editable_in_cart":false,"bundle_sold_individually_context":"","bundle_item_grouping":"","bundle_min_size":"","bundle_max_size":"","bundle_price":[],"bundled_items":[],"bundle_sell_ids":[],"_links":{"self":[{"href":"https:\/\/watermemory.es\/en\/wp-json\/wp\/v2\/product\/533","targetHints":{"allow":["GET"]}}],"collection":[{"href":"https:\/\/watermemory.es\/en\/wp-json\/wp\/v2\/product"}],"about":[{"href":"https:\/\/watermemory.es\/en\/wp-json\/wp\/v2\/types\/product"}],"replies":[{"embeddable":true,"href":"https:\/\/watermemory.es\/en\/wp-json\/wp\/v2\/comments?post=533"}],"wp:featuredmedia":[{"embeddable":true,"href":"https:\/\/watermemory.es\/en\/wp-json\/wp\/v2\/media\/532"}],"wp:attachment":[{"href":"https:\/\/watermemory.es\/en\/wp-json\/wp\/v2\/media?parent=533"}],"wp:term":[{"taxonomy":"product_brand","embeddable":true,"href":"https:\/\/watermemory.es\/en\/wp-json\/wp\/v2\/product_brand?post=533"},{"taxonomy":"product_cat","embeddable":true,"href":"https:\/\/watermemory.es\/en\/wp-json\/wp\/v2\/product_cat?post=533"},{"taxonomy":"product_tag","embeddable":true,"href":"https:\/\/watermemory.es\/en\/wp-json\/wp\/v2\/product_tag?post=533"}],"curies":[{"name":"wp","href":"https:\/\/api.w.org\/{rel}","templated":true}]}}