{"id":503,"date":"2025-11-24T22:18:44","date_gmt":"2025-11-24T22:18:44","guid":{"rendered":"https:\/\/watermemory.es\/producto\/samadhi-sinergia-mineral\/"},"modified":"2025-11-27T21:08:57","modified_gmt":"2025-11-27T21:08:57","slug":"samadhi-sinergia-mineral","status":"publish","type":"product","link":"https:\/\/watermemory.es\/en\/product\/samadhi-sinergia-mineral\/","title":{"rendered":"Samadhi &#8211; Sinergia Mineral"},"content":{"rendered":"<p><\/p>\n<p><span style=\"color: #ff2a00;\"><strong><\/strong><\/span>Visi\u00f3n positiva de la vida, armon\u00eda.<\/p>\n<p>Ayuda a eliminar tensiones y estr\u00e9s emocional.<\/p>\n<p>Ayuda en momentos de crisis internas y externas.<\/p>\n<p>Ayuda y mejora el estado an\u00edmico en situaciones problem\u00e1ticas.<\/p>\n<p><strong><\/strong>Elimina tensiones y estr\u00e9s emocional. Calma, desbloquea y revitaliza aportando un estado de paz y bienestar general. Permite reconectar con la esencia interior, para reducir influencias externas que provocan emociones negativas, de tristeza o desamparo.<\/p>\n<p>30 ml. botella con gotero | Para enfocar la vida desde la armon\u00eda y la positividad | formulado a base de flores de Bach y esencias minerales<\/p>\n<p style=\"text-align: center;\"><span style=\"color: rgb(128, 152, 138);\"><strong>ESCOGE 3 Y LL\u00c9VATE 1 GRATIS<\/strong><\/span><\/p>\n<div><strong>Combina como quieras con nuestras<span style=\"color: #d9a247;\"> <span style=\"color: rgb(128, 152, 138);\"><em>Sinergias, <span style=\"color: #d9a247;\"><span style=\"color: rgb(128, 152, 138);\">, Flores de Bach<\/span><\/span> y Esencias Minerales<\/em>.<\/span><\/span><\/strong><\/div>\n<p>\u00a0<\/p>","protected":false},"excerpt":{"rendered":"<p>Visi\u00f3n positiva de la vida, armon\u00eda. Ayuda a eliminar tensiones y estr\u00e9s emocional. Ayuda en momentos de crisis internas y [&hellip;]<\/p>\n","protected":false},"featured_media":502,"comment_status":"open","ping_status":"closed","template":"","meta":{"site-sidebar-layout":"default","site-content-layout":"","ast-site-content-layout":"default","site-content-style":"default","site-sidebar-style":"default","ast-global-header-display":"","ast-banner-title-visibility":"","ast-main-header-display":"","ast-hfb-above-header-display":"","ast-hfb-below-header-display":"","ast-hfb-mobile-header-display":"","site-post-title":"","ast-breadcrumbs-content":"","ast-featured-img":"","footer-sml-layout":"","ast-disable-related-posts":"","theme-transparent-header-meta":"","adv-header-id-meta":"","stick-header-meta":"","header-above-stick-meta":"","header-main-stick-meta":"","header-below-stick-meta":"","astra-migrate-meta-layouts":"default","ast-page-background-enabled":"default","ast-page-background-meta":{"desktop":{"background-color":"var(--ast-global-color-5)","background-image":"","background-repeat":"repeat","background-position":"center center","background-size":"auto","background-attachment":"scroll","background-type":"","background-media":"","overlay-type":"","overlay-color":"","overlay-opacity":"","overlay-gradient":""},"tablet":{"background-color":"","background-image":"","background-repeat":"repeat","background-position":"center center","background-size":"auto","background-attachment":"scroll","background-type":"","background-media":"","overlay-type":"","overlay-color":"","overlay-opacity":"","overlay-gradient":""},"mobile":{"background-color":"","background-image":"","background-repeat":"repeat","background-position":"center center","background-size":"auto","background-attachment":"scroll","background-type":"","background-media":"","overlay-type":"","overlay-color":"","overlay-opacity":"","overlay-gradient":""}},"ast-content-background-meta":{"desktop":{"background-color":"var(--ast-global-color-4)","background-image":"","background-repeat":"repeat","background-position":"center center","background-size":"auto","background-attachment":"scroll","background-type":"","background-media":"","overlay-type":"","overlay-color":"","overlay-opacity":"","overlay-gradient":""},"tablet":{"background-color":"var(--ast-global-color-4)","background-image":"","background-repeat":"repeat","background-position":"center center","background-size":"auto","background-attachment":"scroll","background-type":"","background-media":"","overlay-type":"","overlay-color":"","overlay-opacity":"","overlay-gradient":""},"mobile":{"background-color":"var(--ast-global-color-4)","background-image":"","background-repeat":"repeat","background-position":"center center","background-size":"auto","background-attachment":"scroll","background-type":"","background-media":"","overlay-type":"","overlay-color":"","overlay-opacity":"","overlay-gradient":""}}},"product_brand":[],"product_cat":[60],"product_tag":[],"class_list":{"0":"post-503","1":"product","2":"type-product","3":"status-publish","4":"has-post-thumbnail","6":"product_cat-sinergias-minerales","7":"desktop-align-left","8":"tablet-align-left","9":"mobile-align-left","11":"first","12":"instock","13":"taxable","14":"shipping-taxable","15":"purchasable","16":"product-type-simple"},"bundled_by":[],"bundle_stock_status":"instock","bundle_stock_quantity":null,"bundle_virtual":false,"bundle_layout":"","bundle_add_to_cart_form_location":"","bundle_editable_in_cart":false,"bundle_sold_individually_context":"","bundle_item_grouping":"","bundle_min_size":"","bundle_max_size":"","bundle_price":[],"bundled_items":[],"bundle_sell_ids":[],"_links":{"self":[{"href":"https:\/\/watermemory.es\/en\/wp-json\/wp\/v2\/product\/503","targetHints":{"allow":["GET"]}}],"collection":[{"href":"https:\/\/watermemory.es\/en\/wp-json\/wp\/v2\/product"}],"about":[{"href":"https:\/\/watermemory.es\/en\/wp-json\/wp\/v2\/types\/product"}],"replies":[{"embeddable":true,"href":"https:\/\/watermemory.es\/en\/wp-json\/wp\/v2\/comments?post=503"}],"wp:featuredmedia":[{"embeddable":true,"href":"https:\/\/watermemory.es\/en\/wp-json\/wp\/v2\/media\/502"}],"wp:attachment":[{"href":"https:\/\/watermemory.es\/en\/wp-json\/wp\/v2\/media?parent=503"}],"wp:term":[{"taxonomy":"product_brand","embeddable":true,"href":"https:\/\/watermemory.es\/en\/wp-json\/wp\/v2\/product_brand?post=503"},{"taxonomy":"product_cat","embeddable":true,"href":"https:\/\/watermemory.es\/en\/wp-json\/wp\/v2\/product_cat?post=503"},{"taxonomy":"product_tag","embeddable":true,"href":"https:\/\/watermemory.es\/en\/wp-json\/wp\/v2\/product_tag?post=503"}],"curies":[{"name":"wp","href":"https:\/\/api.w.org\/{rel}","templated":true}]}}