{"id":490,"date":"2025-11-24T22:14:33","date_gmt":"2025-11-24T22:14:33","guid":{"rendered":"https:\/\/watermemory.es\/producto\/aceite-body-depur-forte-celulitis-extrema\/"},"modified":"2025-11-24T22:14:33","modified_gmt":"2025-11-24T22:14:33","slug":"aceite-body-depur-forte-celulitis-extrema","status":"publish","type":"product","link":"https:\/\/watermemory.es\/en\/product\/aceite-body-depur-forte-celulitis-extrema\/","title":{"rendered":"Aceite Body Depur Forte celulitis extrema"},"content":{"rendered":"<p class=\"MsoNormal\" style=\"mso-pagination: none; tab-stops: 28.0pt 56.0pt 84.0pt 112.0pt 140.0pt 168.0pt 196.0pt 224.0pt 252.0pt 280.0pt 308.0pt 336.0pt; mso-layout-grid-align: none; text-autospace: none;\"><span lang=\"ES-TRAD\" style=\"font-size: 12.0pt; font-family: 'Calibri',sans-serif; mso-fareast-font-family: 'MS MinNew Roman'; mso-bidi-font-family: 'Swiss 721 Condensed BT'; color: #141215; mso-fareast-language: JA;\">\u00b7 Este <strong>aceite de belleza, 100% natural y <\/strong><\/span><span lang=\"ES-TRAD\" style=\"font-size: 12.0pt; font-family: 'Calibri',sans-serif; mso-fareast-font-family: 'MS MinNew Roman'; mso-bidi-font-family: 'Swiss 721 Condensed BT'; mso-fareast-language: JA;\"><strong>sin cafeina<\/strong><span style=\"color: #141215;\">, ha sido creado para el tratamiento de los <strong>casos m\u00e1s extremos de celulitis,<\/strong> <strong>retenci\u00f3n de l\u00edquidos, mala circulaci\u00f3n, piernas cansadas y retenciones.<\/strong><\/span><\/span><\/p>\n<p class=\"MsoNormal\" style=\"mso-pagination: none; tab-stops: 28.0pt 56.0pt 84.0pt 112.0pt 140.0pt 168.0pt 196.0pt 224.0pt 252.0pt 280.0pt 308.0pt 336.0pt; mso-layout-grid-align: none; text-autospace: none;\"><span lang=\"ES-TRAD\" style=\"font-size: 12.0pt; font-family: 'Calibri',sans-serif; mso-fareast-font-family: 'MS MinNew Roman'; mso-bidi-font-family: 'Swiss 721 Condensed BT'; color: #141215; mso-fareast-language: JA;\">\u00b7 Formulado con una selecci\u00f3n de <strong>aceites esenciales de primera calidad<\/strong>, procedentes de las plantas con mayor acci\u00f3n depurativa y reafirmante que nos ofrece la naturaleza.<\/span><\/p>\n<p class=\"MsoNormal\" style=\"mso-pagination: none; tab-stops: 28.0pt 56.0pt 84.0pt 112.0pt 140.0pt 168.0pt 196.0pt 224.0pt 252.0pt 280.0pt 308.0pt 336.0pt; mso-layout-grid-align: none; text-autospace: none;\"><span lang=\"ES-TRAD\" style=\"font-size: 12.0pt; font-family: 'Calibri',sans-serif; mso-fareast-font-family: 'MS MinNew Roman'; mso-bidi-font-family: 'Swiss 721 Condensed BT'; color: #141215; mso-fareast-language: JA;\">\u00b7 Un producto concentrado, para tratamientos intensivos, en el que s<\/span><span lang=\"ES-TRAD\" style=\"font-size: 12.0pt; font-family: 'Calibri',sans-serif; mso-fareast-font-family: 'MS MinNew Roman'; mso-bidi-font-family: 'Swiss 721 Condensed BT'; mso-fareast-language: JA;\">us \u00fanicos ingredientes son activos bot\u00e1nicos, enriquecidos con esencias de Amatista y Platino.<span style=\"color: #141215;\"><\/span><\/span><\/p>\n<p class=\"MsoNormal\" style=\"mso-pagination: none; tab-stops: 28.0pt 56.0pt 84.0pt 112.0pt 140.0pt 168.0pt 196.0pt 224.0pt 252.0pt 280.0pt 308.0pt 336.0pt; mso-layout-grid-align: none; text-autospace: none;\"><span lang=\"ES-TRAD\" style=\"font-size: 12.0pt; font-family: 'Calibri',sans-serif; mso-fareast-font-family: 'MS MinNew Roman'; mso-bidi-font-family: 'Swiss 721 Condensed BT'; color: #141215; mso-fareast-language: JA;\">\u00b7 Acelera el proceso de utilizaci\u00f3n de grasa, favorece la circulaci\u00f3n y la eliminaci\u00f3n de toxinas y l\u00edquidos por v\u00eda diur\u00e9tica.<\/span><\/p>\n<p class=\"MsoNormal\" style=\"mso-pagination: none; tab-stops: 28.0pt 56.0pt 84.0pt 112.0pt 140.0pt 168.0pt 196.0pt 224.0pt 252.0pt 280.0pt 308.0pt 336.0pt; mso-layout-grid-align: none; text-autospace: none;\"><span lang=\"ES-TRAD\" style=\"font-size: 12.0pt; font-family: 'Calibri',sans-serif; mso-fareast-font-family: 'MS MinNew Roman'; mso-bidi-font-family: 'Swiss 721 Condensed BT'; color: #141215; mso-fareast-language: JA;\">\u00b7 Su alto poder reafirmante evita la aparici\u00f3n de estr\u00edas, provocadas por la p\u00e9rdida de masa corporal.<\/span><\/p>\n<p class=\"MsoNormal\" style=\"mso-pagination: none; tab-stops: 28.0pt 56.0pt 84.0pt 112.0pt 140.0pt 168.0pt 196.0pt 224.0pt 252.0pt 280.0pt 308.0pt 336.0pt; mso-layout-grid-align: none; text-autospace: none;\"><span lang=\"ES-TRAD\" style=\"font-size: 12.0pt; font-family: 'Calibri',sans-serif; mso-fareast-font-family: 'MS MinNew Roman'; mso-bidi-font-family: 'Swiss 721 Condensed BT'; color: #141215; mso-fareast-language: JA;\">100 ml<\/span><\/p>","protected":false},"excerpt":{"rendered":"<p>\u00b7 Este aceite de belleza, 100% natural y sin cafeina, ha sido creado para el tratamiento de los casos m\u00e1s [&hellip;]<\/p>\n","protected":false},"featured_media":489,"comment_status":"open","ping_status":"closed","template":"","meta":{"site-sidebar-layout":"default","site-content-layout":"","ast-site-content-layout":"default","site-content-style":"default","site-sidebar-style":"default","ast-global-header-display":"","ast-banner-title-visibility":"","ast-main-header-display":"","ast-hfb-above-header-display":"","ast-hfb-below-header-display":"","ast-hfb-mobile-header-display":"","site-post-title":"","ast-breadcrumbs-content":"","ast-featured-img":"","footer-sml-layout":"","ast-disable-related-posts":"","theme-transparent-header-meta":"","adv-header-id-meta":"","stick-header-meta":"","header-above-stick-meta":"","header-main-stick-meta":"","header-below-stick-meta":"","astra-migrate-meta-layouts":"default","ast-page-background-enabled":"default","ast-page-background-meta":{"desktop":{"background-color":"var(--ast-global-color-5)","background-image":"","background-repeat":"repeat","background-position":"center center","background-size":"auto","background-attachment":"scroll","background-type":"","background-media":"","overlay-type":"","overlay-color":"","overlay-opacity":"","overlay-gradient":""},"tablet":{"background-color":"","background-image":"","background-repeat":"repeat","background-position":"center center","background-size":"auto","background-attachment":"scroll","background-type":"","background-media":"","overlay-type":"","overlay-color":"","overlay-opacity":"","overlay-gradient":""},"mobile":{"background-color":"","background-image":"","background-repeat":"repeat","background-position":"center center","background-size":"auto","background-attachment":"scroll","background-type":"","background-media":"","overlay-type":"","overlay-color":"","overlay-opacity":"","overlay-gradient":""}},"ast-content-background-meta":{"desktop":{"background-color":"var(--ast-global-color-4)","background-image":"","background-repeat":"repeat","background-position":"center center","background-size":"auto","background-attachment":"scroll","background-type":"","background-media":"","overlay-type":"","overlay-color":"","overlay-opacity":"","overlay-gradient":""},"tablet":{"background-color":"var(--ast-global-color-4)","background-image":"","background-repeat":"repeat","background-position":"center center","background-size":"auto","background-attachment":"scroll","background-type":"","background-media":"","overlay-type":"","overlay-color":"","overlay-opacity":"","overlay-gradient":""},"mobile":{"background-color":"var(--ast-global-color-4)","background-image":"","background-repeat":"repeat","background-position":"center center","background-size":"auto","background-attachment":"scroll","background-type":"","background-media":"","overlay-type":"","overlay-color":"","overlay-opacity":"","overlay-gradient":""}}},"product_brand":[],"product_cat":[44],"product_tag":[],"class_list":{"0":"post-490","1":"product","2":"type-product","3":"status-publish","4":"has-post-thumbnail","6":"product_cat-health-beauty","7":"desktop-align-left","8":"tablet-align-left","9":"mobile-align-left","11":"first","12":"instock","13":"taxable","14":"shipping-taxable","15":"purchasable","16":"product-type-simple"},"bundled_by":[],"bundle_stock_status":"instock","bundle_stock_quantity":null,"bundle_virtual":false,"bundle_layout":"","bundle_add_to_cart_form_location":"","bundle_editable_in_cart":false,"bundle_sold_individually_context":"","bundle_item_grouping":"","bundle_min_size":"","bundle_max_size":"","bundle_price":[],"bundled_items":[],"bundle_sell_ids":[],"_links":{"self":[{"href":"https:\/\/watermemory.es\/en\/wp-json\/wp\/v2\/product\/490","targetHints":{"allow":["GET"]}}],"collection":[{"href":"https:\/\/watermemory.es\/en\/wp-json\/wp\/v2\/product"}],"about":[{"href":"https:\/\/watermemory.es\/en\/wp-json\/wp\/v2\/types\/product"}],"replies":[{"embeddable":true,"href":"https:\/\/watermemory.es\/en\/wp-json\/wp\/v2\/comments?post=490"}],"wp:featuredmedia":[{"embeddable":true,"href":"https:\/\/watermemory.es\/en\/wp-json\/wp\/v2\/media\/489"}],"wp:attachment":[{"href":"https:\/\/watermemory.es\/en\/wp-json\/wp\/v2\/media?parent=490"}],"wp:term":[{"taxonomy":"product_brand","embeddable":true,"href":"https:\/\/watermemory.es\/en\/wp-json\/wp\/v2\/product_brand?post=490"},{"taxonomy":"product_cat","embeddable":true,"href":"https:\/\/watermemory.es\/en\/wp-json\/wp\/v2\/product_cat?post=490"},{"taxonomy":"product_tag","embeddable":true,"href":"https:\/\/watermemory.es\/en\/wp-json\/wp\/v2\/product_tag?post=490"}],"curies":[{"name":"wp","href":"https:\/\/api.w.org\/{rel}","templated":true}]}}