{"id":486,"date":"2025-11-24T22:14:21","date_gmt":"2025-11-24T22:14:21","guid":{"rendered":"https:\/\/watermemory.es\/producto\/cocktail-revitalizante-50\/"},"modified":"2026-01-22T16:36:32","modified_gmt":"2026-01-22T16:36:32","slug":"cocktail-revitalizante-50","status":"publish","type":"product","link":"https:\/\/watermemory.es\/en\/product\/cocktail-revitalizante-50\/","title":{"rendered":"Cocktail Revitalizante 50"},"content":{"rendered":"<ul>\n<li><strong>Serum 100% natural.<\/strong> Ultra-concentrado de Uva, Levaduras y Minerales: para aportar la energ\u00eda que las c\u00e9lulas responables de la piel a la <strong>edad de 50 a\u00f1os en adelante .<\/strong><\/li>\n<\/ul>\n<ul>\n<li>Es un superalimento \u00fanico para incrementar la vitalidad de las c\u00e9lulas y su protecci\u00f3n antioxidante contra los radicales libres (responsables el envejecimiento prematuro.<\/li>\n<\/ul>\n<ul>\n<li>Su particularidad reside en que trabaja s\u00f3lo el metabolismo celular, por lo que es ideal para mejorar la salud y belleza de todas las pieles, sin disticiones por tipo.<\/li>\n<\/ul>\n<ul>\n<li>Formulado exclusivamente a partir de vegetales y minerales: apto para veganos.<\/li>\n<\/ul>\n<p><strong>Ingredientes activos:<\/strong><\/p>\n<ul>\n<li><strong>Uva y levaduras:<\/strong> cocktail exclusivo muy rico en encima vitaminas del grupo B, C, A, polifenoles (poderosos antioxidantes) y factores de crecimiento, entre los cuales p\u00e9ptidos y amino\u00e1cidos.<\/li>\n<\/ul>\n<ul>\n<li><strong>Gemas y Minerales<\/strong>: Oro, Platino, Plata, Diamante, Jaspe Verde, Topacio, Lapis-L\u00e1zuli, Coral, Jamesonite, Malaquita Azurita, Rub\u00ed Estrella, Turquesa.<\/li>\n<\/ul>\n<p><span style=\"color: #000000;\"><strong>Envase de 15 ml*<\/strong><\/span><\/p>","protected":false},"excerpt":{"rendered":"<p>Serum 100% natural. Ultra-concentrado de Uva, Levaduras y Minerales: para aportar la energ\u00eda que las c\u00e9lulas responables de la piel [&hellip;]<\/p>\n","protected":false},"featured_media":485,"comment_status":"open","ping_status":"closed","template":"","meta":{"site-sidebar-layout":"default","site-content-layout":"","ast-site-content-layout":"default","site-content-style":"default","site-sidebar-style":"default","ast-global-header-display":"","ast-banner-title-visibility":"","ast-main-header-display":"","ast-hfb-above-header-display":"","ast-hfb-below-header-display":"","ast-hfb-mobile-header-display":"","site-post-title":"","ast-breadcrumbs-content":"","ast-featured-img":"","footer-sml-layout":"","ast-disable-related-posts":"","theme-transparent-header-meta":"default","adv-header-id-meta":"","stick-header-meta":"","header-above-stick-meta":"","header-main-stick-meta":"","header-below-stick-meta":"","astra-migrate-meta-layouts":"set","ast-page-background-enabled":"default","ast-page-background-meta":{"desktop":{"background-color":"var(--ast-global-color-5)","background-image":"","background-repeat":"repeat","background-position":"center center","background-size":"auto","background-attachment":"scroll","background-type":"","background-media":"","overlay-type":"","overlay-color":"","overlay-opacity":"","overlay-gradient":""},"tablet":{"background-color":"","background-image":"","background-repeat":"repeat","background-position":"center center","background-size":"auto","background-attachment":"scroll","background-type":"","background-media":"","overlay-type":"","overlay-color":"","overlay-opacity":"","overlay-gradient":""},"mobile":{"background-color":"","background-image":"","background-repeat":"repeat","background-position":"center center","background-size":"auto","background-attachment":"scroll","background-type":"","background-media":"","overlay-type":"","overlay-color":"","overlay-opacity":"","overlay-gradient":""}},"ast-content-background-meta":{"desktop":{"background-color":"var(--ast-global-color-4)","background-image":"","background-repeat":"repeat","background-position":"center center","background-size":"auto","background-attachment":"scroll","background-type":"","background-media":"","overlay-type":"","overlay-color":"","overlay-opacity":"","overlay-gradient":""},"tablet":{"background-color":"var(--ast-global-color-4)","background-image":"","background-repeat":"repeat","background-position":"center center","background-size":"auto","background-attachment":"scroll","background-type":"","background-media":"","overlay-type":"","overlay-color":"","overlay-opacity":"","overlay-gradient":""},"mobile":{"background-color":"var(--ast-global-color-4)","background-image":"","background-repeat":"repeat","background-position":"center center","background-size":"auto","background-attachment":"scroll","background-type":"","background-media":"","overlay-type":"","overlay-color":"","overlay-opacity":"","overlay-gradient":""}}},"product_brand":[],"product_cat":[65],"product_tag":[],"class_list":{"0":"post-486","1":"product","2":"type-product","3":"status-publish","4":"has-post-thumbnail","6":"product_cat-cocktails-revitalizantes","7":"desktop-align-left","8":"tablet-align-left","9":"mobile-align-left","11":"first","12":"instock","13":"taxable","14":"shipping-taxable","15":"purchasable","16":"product-type-simple"},"bundled_by":[],"bundle_stock_status":"instock","bundle_stock_quantity":null,"bundle_virtual":false,"bundle_layout":"","bundle_add_to_cart_form_location":"","bundle_editable_in_cart":false,"bundle_sold_individually_context":"","bundle_item_grouping":"","bundle_min_size":"","bundle_max_size":"","bundle_price":[],"bundled_items":[],"bundle_sell_ids":[],"_links":{"self":[{"href":"https:\/\/watermemory.es\/en\/wp-json\/wp\/v2\/product\/486","targetHints":{"allow":["GET"]}}],"collection":[{"href":"https:\/\/watermemory.es\/en\/wp-json\/wp\/v2\/product"}],"about":[{"href":"https:\/\/watermemory.es\/en\/wp-json\/wp\/v2\/types\/product"}],"replies":[{"embeddable":true,"href":"https:\/\/watermemory.es\/en\/wp-json\/wp\/v2\/comments?post=486"}],"wp:featuredmedia":[{"embeddable":true,"href":"https:\/\/watermemory.es\/en\/wp-json\/wp\/v2\/media\/485"}],"wp:attachment":[{"href":"https:\/\/watermemory.es\/en\/wp-json\/wp\/v2\/media?parent=486"}],"wp:term":[{"taxonomy":"product_brand","embeddable":true,"href":"https:\/\/watermemory.es\/en\/wp-json\/wp\/v2\/product_brand?post=486"},{"taxonomy":"product_cat","embeddable":true,"href":"https:\/\/watermemory.es\/en\/wp-json\/wp\/v2\/product_cat?post=486"},{"taxonomy":"product_tag","embeddable":true,"href":"https:\/\/watermemory.es\/en\/wp-json\/wp\/v2\/product_tag?post=486"}],"curies":[{"name":"wp","href":"https:\/\/api.w.org\/{rel}","templated":true}]}}