{"id":480,"date":"2025-11-24T22:14:11","date_gmt":"2025-11-24T22:14:11","guid":{"rendered":"https:\/\/watermemory.es\/producto\/tratamiento-luxury-oro-belleza-total\/"},"modified":"2025-12-15T15:52:14","modified_gmt":"2025-12-15T15:52:14","slug":"tratamiento-luxury-oro-belleza-total","status":"publish","type":"product","link":"https:\/\/watermemory.es\/en\/product\/tratamiento-luxury-oro-belleza-total\/","title":{"rendered":"Tratamiento Luxury Oro &#8211; Belleza Total"},"content":{"rendered":"<p>Pack de lujo para un rostro y cuerpo de ORO, compuesto por:<\/p>\n<p><strong>CREMA FACIAL ANTIEDAD ORO 50ml<\/strong><\/p>\n<p><strong><span>ACEITE CORPORAL ORO 125ML<\/span><\/strong><\/p>\n<p><strong><span>BODY MILK ORO 250 ML<\/span><\/strong><\/p>\n<p><strong><span>ESENCIA MINERAL ORO 15ML<\/span><\/strong><\/p>\n<p><span>Un pack dise\u00f1ado para alcanzar la m\u00e1xima expresi\u00f3n de nuestra propia belleza Natural.\u00a0<\/span><\/p>\n<p><span>Los exquisitos y exclusivos ingredientes que forman el<strong> TRATAMIENTO LUXURY ORO BELLEZA TOTAL,\u00a0<\/strong>como\u00a0el\u00a0Oro 22kl, los p\u00e9ptidos vegetales, las vitaminas E.C. el Karite, las Prote\u00ednas de Soja, la Centella Asi\u00e1tica, el \u00c1cido Hialur\u00f3nico, y los Aceites de Rosa Mosqueta, Mirra. S\u00e1ndalo, Jam\u00edn, Ylang Ylang, etc. vienen siendo usados desde la antig\u00fcedad para rejuvenecer, proteger y elevar el tono de nuestra piel.<\/span><\/p>\n<p><span>Obtienes una rutina completa que te ayudar\u00e1 no solo nutriendo y protegiendo tu piel, sino que tambi\u00e9n<strong> iluminando y realzando el tono, firmeza y color de tu piel.<\/strong><\/span><\/p>\n<p><strong>Un pack de aut\u00e9ntico lujo donde el Oro aporta todo su poder.<\/strong><\/p>","protected":false},"excerpt":{"rendered":"<p>Pack de lujo para un rostro y cuerpo de ORO, compuesto por: CREMA FACIAL ANTIEDAD ORO 50ml ACEITE CORPORAL ORO [&hellip;]<\/p>\n","protected":false},"featured_media":479,"comment_status":"open","ping_status":"closed","template":"","meta":{"site-sidebar-layout":"default","site-content-layout":"","ast-site-content-layout":"default","site-content-style":"default","site-sidebar-style":"default","ast-global-header-display":"","ast-banner-title-visibility":"","ast-main-header-display":"","ast-hfb-above-header-display":"","ast-hfb-below-header-display":"","ast-hfb-mobile-header-display":"","site-post-title":"","ast-breadcrumbs-content":"","ast-featured-img":"","footer-sml-layout":"","ast-disable-related-posts":"","theme-transparent-header-meta":"","adv-header-id-meta":"","stick-header-meta":"","header-above-stick-meta":"","header-main-stick-meta":"","header-below-stick-meta":"","astra-migrate-meta-layouts":"default","ast-page-background-enabled":"default","ast-page-background-meta":{"desktop":{"background-color":"var(--ast-global-color-5)","background-image":"","background-repeat":"repeat","background-position":"center center","background-size":"auto","background-attachment":"scroll","background-type":"","background-media":"","overlay-type":"","overlay-color":"","overlay-opacity":"","overlay-gradient":""},"tablet":{"background-color":"","background-image":"","background-repeat":"repeat","background-position":"center center","background-size":"auto","background-attachment":"scroll","background-type":"","background-media":"","overlay-type":"","overlay-color":"","overlay-opacity":"","overlay-gradient":""},"mobile":{"background-color":"","background-image":"","background-repeat":"repeat","background-position":"center center","background-size":"auto","background-attachment":"scroll","background-type":"","background-media":"","overlay-type":"","overlay-color":"","overlay-opacity":"","overlay-gradient":""}},"ast-content-background-meta":{"desktop":{"background-color":"var(--ast-global-color-4)","background-image":"","background-repeat":"repeat","background-position":"center center","background-size":"auto","background-attachment":"scroll","background-type":"","background-media":"","overlay-type":"","overlay-color":"","overlay-opacity":"","overlay-gradient":""},"tablet":{"background-color":"var(--ast-global-color-4)","background-image":"","background-repeat":"repeat","background-position":"center center","background-size":"auto","background-attachment":"scroll","background-type":"","background-media":"","overlay-type":"","overlay-color":"","overlay-opacity":"","overlay-gradient":""},"mobile":{"background-color":"var(--ast-global-color-4)","background-image":"","background-repeat":"repeat","background-position":"center center","background-size":"auto","background-attachment":"scroll","background-type":"","background-media":"","overlay-type":"","overlay-color":"","overlay-opacity":"","overlay-gradient":""}}},"product_brand":[],"product_cat":[67],"product_tag":[],"class_list":{"0":"post-480","1":"product","2":"type-product","3":"status-publish","4":"has-post-thumbnail","6":"product_cat-pack-tratamientos","7":"desktop-align-left","8":"tablet-align-left","9":"mobile-align-left","11":"first","12":"instock","13":"taxable","14":"shipping-taxable","15":"purchasable","16":"product-type-simple"},"bundled_by":[],"bundle_stock_status":"instock","bundle_stock_quantity":null,"bundle_virtual":false,"bundle_layout":"","bundle_add_to_cart_form_location":"","bundle_editable_in_cart":false,"bundle_sold_individually_context":"","bundle_item_grouping":"","bundle_min_size":"","bundle_max_size":"","bundle_price":[],"bundled_items":[],"bundle_sell_ids":[],"_links":{"self":[{"href":"https:\/\/watermemory.es\/en\/wp-json\/wp\/v2\/product\/480","targetHints":{"allow":["GET"]}}],"collection":[{"href":"https:\/\/watermemory.es\/en\/wp-json\/wp\/v2\/product"}],"about":[{"href":"https:\/\/watermemory.es\/en\/wp-json\/wp\/v2\/types\/product"}],"replies":[{"embeddable":true,"href":"https:\/\/watermemory.es\/en\/wp-json\/wp\/v2\/comments?post=480"}],"wp:featuredmedia":[{"embeddable":true,"href":"https:\/\/watermemory.es\/en\/wp-json\/wp\/v2\/media\/479"}],"wp:attachment":[{"href":"https:\/\/watermemory.es\/en\/wp-json\/wp\/v2\/media?parent=480"}],"wp:term":[{"taxonomy":"product_brand","embeddable":true,"href":"https:\/\/watermemory.es\/en\/wp-json\/wp\/v2\/product_brand?post=480"},{"taxonomy":"product_cat","embeddable":true,"href":"https:\/\/watermemory.es\/en\/wp-json\/wp\/v2\/product_cat?post=480"},{"taxonomy":"product_tag","embeddable":true,"href":"https:\/\/watermemory.es\/en\/wp-json\/wp\/v2\/product_tag?post=480"}],"curies":[{"name":"wp","href":"https:\/\/api.w.org\/{rel}","templated":true}]}}