{"id":468,"date":"2025-11-24T22:14:04","date_gmt":"2025-11-24T22:14:04","guid":{"rendered":"https:\/\/watermemory.es\/producto\/piedra-de-la-luna-moonstone\/"},"modified":"2025-12-03T19:19:53","modified_gmt":"2025-12-03T19:19:53","slug":"piedra-de-la-luna-moonstone","status":"publish","type":"product","link":"https:\/\/watermemory.es\/en\/product\/piedra-de-la-luna-moonstone\/","title":{"rendered":"Piedra de la Luna \u2013 Moonstone"},"content":{"rendered":"<p><strong>AYUDA EMOCIONAL:<\/strong><br \/>\n\u2022 EQUILIBRIO EMOCIONAL EN SITUACIONES EXTREMAS.<br \/>\n\u2022 AYUDA A MEJORAR LA GESTI\u00d3N DEL ESTR\u00c9S.<br \/>\n\u2022 POTENCIA LA COMUNICACI\u00d3N INTERPERSONAL.<\/p>\n<p><strong>USO COSMETICO:<\/strong><br \/>\n\u2022 TRATAMIENTOS FACIALES Y CORPORALES EN PIELES CONGESTIONADAS, EROSIONADAS O QUEMADAS, POR AGRESIONES EXTERNAS (CLIMA)<br \/>\n\u2022 PIELES REACTIVAS Y SENSIBLES. DERMATITIS.<br \/>\n\u2022 ALERGIAS, ACNE Y PROBLEMAS EN LA PIEL.<\/p>\n<p>15 ml botella con gotero | Apto para veganas<\/p>\n<p style=\"text-align: center;\"><span style=\"color: #80988a;\"><strong>ESCOGE 3 Y LL\u00c9VATE 1 GRATIS<\/strong><\/span><\/p>\n<div><strong>Combina como quieras con nuestras<span style=\"color: #d9a247;\"> <span style=\"color: #80988a;\"><em>Sinergias, <span style=\"color: #d9a247;\"><span style=\"color: #80988a;\">Flores de Bach<\/span><\/span> y Esencias Minerales<\/em>.<\/span><\/span><\/strong><\/div>","protected":false},"excerpt":{"rendered":"<h3>DESCONGESTIVA Y TRANQUILIZANTE<\/h3>\n<p><strong>Calma el sufrimiento y el dolor<\/strong>. Descongestiona energ\u00e9ticamente todo tipo de pieles, erosionadas y quemadas por los cambios clim\u00e1ticos: fr\u00edo, calor, viento o humedad. Indicado en todas las personas con piel muy sensible o que est\u00e1n expuestas a la climatolog\u00eda: ni\u00f1os, deportistas, jardineros, t\u00e9cnicos e ingenieros de obras, etc. <strong>Calmante emocional.<\/strong><br \/>\nAyuda a controlar el estr\u00e9s y la ansiedad. <strong>Ayuda a superar la tensi\u00f3n en el chakra del abdomen<\/strong>. Potencia la clarividencia y la sensibilidad.<\/p>","protected":false},"featured_media":467,"comment_status":"open","ping_status":"closed","template":"","meta":{"site-sidebar-layout":"default","site-content-layout":"","ast-site-content-layout":"default","site-content-style":"default","site-sidebar-style":"default","ast-global-header-display":"","ast-banner-title-visibility":"","ast-main-header-display":"","ast-hfb-above-header-display":"","ast-hfb-below-header-display":"","ast-hfb-mobile-header-display":"","site-post-title":"","ast-breadcrumbs-content":"","ast-featured-img":"","footer-sml-layout":"","ast-disable-related-posts":"","theme-transparent-header-meta":"default","adv-header-id-meta":"","stick-header-meta":"","header-above-stick-meta":"","header-main-stick-meta":"","header-below-stick-meta":"","astra-migrate-meta-layouts":"set","ast-page-background-enabled":"default","ast-page-background-meta":{"desktop":{"background-color":"var(--ast-global-color-5)","background-image":"","background-repeat":"repeat","background-position":"center center","background-size":"auto","background-attachment":"scroll","background-type":"","background-media":"","overlay-type":"","overlay-color":"","overlay-opacity":"","overlay-gradient":""},"tablet":{"background-color":"","background-image":"","background-repeat":"repeat","background-position":"center center","background-size":"auto","background-attachment":"scroll","background-type":"","background-media":"","overlay-type":"","overlay-color":"","overlay-opacity":"","overlay-gradient":""},"mobile":{"background-color":"","background-image":"","background-repeat":"repeat","background-position":"center center","background-size":"auto","background-attachment":"scroll","background-type":"","background-media":"","overlay-type":"","overlay-color":"","overlay-opacity":"","overlay-gradient":""}},"ast-content-background-meta":{"desktop":{"background-color":"var(--ast-global-color-4)","background-image":"","background-repeat":"repeat","background-position":"center center","background-size":"auto","background-attachment":"scroll","background-type":"","background-media":"","overlay-type":"","overlay-color":"","overlay-opacity":"","overlay-gradient":""},"tablet":{"background-color":"var(--ast-global-color-4)","background-image":"","background-repeat":"repeat","background-position":"center center","background-size":"auto","background-attachment":"scroll","background-type":"","background-media":"","overlay-type":"","overlay-color":"","overlay-opacity":"","overlay-gradient":""},"mobile":{"background-color":"var(--ast-global-color-4)","background-image":"","background-repeat":"repeat","background-position":"center center","background-size":"auto","background-attachment":"scroll","background-type":"","background-media":"","overlay-type":"","overlay-color":"","overlay-opacity":"","overlay-gradient":""}}},"product_brand":[],"product_cat":[60],"product_tag":[],"class_list":{"0":"post-468","1":"product","2":"type-product","3":"status-publish","4":"has-post-thumbnail","6":"product_cat-sinergias-minerales","7":"desktop-align-left","8":"tablet-align-left","9":"mobile-align-left","11":"first","12":"instock","13":"taxable","14":"shipping-taxable","15":"purchasable","16":"product-type-simple"},"bundled_by":[],"bundle_stock_status":"instock","bundle_stock_quantity":null,"bundle_virtual":false,"bundle_layout":"","bundle_add_to_cart_form_location":"","bundle_editable_in_cart":false,"bundle_sold_individually_context":"","bundle_item_grouping":"","bundle_min_size":"","bundle_max_size":"","bundle_price":[],"bundled_items":[],"bundle_sell_ids":[],"_links":{"self":[{"href":"https:\/\/watermemory.es\/en\/wp-json\/wp\/v2\/product\/468","targetHints":{"allow":["GET"]}}],"collection":[{"href":"https:\/\/watermemory.es\/en\/wp-json\/wp\/v2\/product"}],"about":[{"href":"https:\/\/watermemory.es\/en\/wp-json\/wp\/v2\/types\/product"}],"replies":[{"embeddable":true,"href":"https:\/\/watermemory.es\/en\/wp-json\/wp\/v2\/comments?post=468"}],"wp:featuredmedia":[{"embeddable":true,"href":"https:\/\/watermemory.es\/en\/wp-json\/wp\/v2\/media\/467"}],"wp:attachment":[{"href":"https:\/\/watermemory.es\/en\/wp-json\/wp\/v2\/media?parent=468"}],"wp:term":[{"taxonomy":"product_brand","embeddable":true,"href":"https:\/\/watermemory.es\/en\/wp-json\/wp\/v2\/product_brand?post=468"},{"taxonomy":"product_cat","embeddable":true,"href":"https:\/\/watermemory.es\/en\/wp-json\/wp\/v2\/product_cat?post=468"},{"taxonomy":"product_tag","embeddable":true,"href":"https:\/\/watermemory.es\/en\/wp-json\/wp\/v2\/product_tag?post=468"}],"curies":[{"name":"wp","href":"https:\/\/api.w.org\/{rel}","templated":true}]}}