{"id":462,"date":"2025-11-24T22:13:58","date_gmt":"2025-11-24T22:13:58","guid":{"rendered":"https:\/\/watermemory.es\/producto\/piedra-de-boji-bojis-stone\/"},"modified":"2025-12-03T19:32:49","modified_gmt":"2025-12-03T19:32:49","slug":"piedra-de-boji-bojis-stone","status":"publish","type":"product","link":"https:\/\/watermemory.es\/en\/product\/piedra-de-boji-bojis-stone\/","title":{"rendered":"Piedra de Boji \u2013 Boji&#8217;s Stone"},"content":{"rendered":"<p><strong>AYUDA EMOCIONAL:<\/strong><br \/>\n\u2022 FOMENTA EL BIENESTAR Y SOSIEGO GENERAL.<br \/>\n\u2022 TONICO GENERAL DEL ORGANISMO. ELIMINA EL CANSANCIO.<br \/>\n\u2022 INDICADO EN NAUSEAS, DOLOR, INDISPOSICI\u00d3N.<\/p>\n<p><strong>USO COSMETICO:<\/strong><br \/>\n\u2022 TONIFICANTE FACIAL Y CORPORAL.<br \/>\n\u2022 UTIL PARA APORTAR VITALIDAD Y REGENERACI\u00d3N A LA PIEL DE TODO EL CUERPO.<br \/>\n\u2022 FLACIDEZ.<\/p>\n<p>15 ml botella con gotero | Apto para veganas<\/p>\n<p style=\"text-align: center;\"><span style=\"color: #80988a;\"><strong>ESCOGE 3 Y LL\u00c9VATE 1 GRATIS<\/strong><\/span><\/p>\n<div><strong>Combina como quieras con nuestras<span style=\"color: #d9a247;\"> <span style=\"color: #80988a;\"><em>Sinergias, <span style=\"color: #d9a247;\"><span style=\"color: #80988a;\">Flores de Bach<\/span><\/span> y Esencias Minerales<\/em>.<\/span><\/span><\/strong><\/div>","protected":false},"excerpt":{"rendered":"<h3>TONIFICANTE<\/h3>\n<p>Se aplica despu\u00e9s de la limpieza facial como t\u00f3nico. Indicado antes y despu\u00e9s de los tratamientos corporales para aportar vitalidad y regeneraci\u00f3n. <strong>Mejora el estado energ\u00e9tico.<\/strong><br \/>\nAbre canales de comunicaci\u00f3n con el mundo ang\u00e9lico. <strong>Ayuda a canalizar con los gu\u00edas espirituales<\/strong>. Ayuda a desarrollar la intuici\u00f3n especialmente con los animales y las plantas.<\/p>","protected":false},"featured_media":461,"comment_status":"open","ping_status":"closed","template":"","meta":{"site-sidebar-layout":"default","site-content-layout":"","ast-site-content-layout":"default","site-content-style":"default","site-sidebar-style":"default","ast-global-header-display":"","ast-banner-title-visibility":"","ast-main-header-display":"","ast-hfb-above-header-display":"","ast-hfb-below-header-display":"","ast-hfb-mobile-header-display":"","site-post-title":"","ast-breadcrumbs-content":"","ast-featured-img":"","footer-sml-layout":"","ast-disable-related-posts":"","theme-transparent-header-meta":"default","adv-header-id-meta":"","stick-header-meta":"","header-above-stick-meta":"","header-main-stick-meta":"","header-below-stick-meta":"","astra-migrate-meta-layouts":"set","ast-page-background-enabled":"default","ast-page-background-meta":{"desktop":{"background-color":"var(--ast-global-color-5)","background-image":"","background-repeat":"repeat","background-position":"center center","background-size":"auto","background-attachment":"scroll","background-type":"","background-media":"","overlay-type":"","overlay-color":"","overlay-opacity":"","overlay-gradient":""},"tablet":{"background-color":"","background-image":"","background-repeat":"repeat","background-position":"center center","background-size":"auto","background-attachment":"scroll","background-type":"","background-media":"","overlay-type":"","overlay-color":"","overlay-opacity":"","overlay-gradient":""},"mobile":{"background-color":"","background-image":"","background-repeat":"repeat","background-position":"center center","background-size":"auto","background-attachment":"scroll","background-type":"","background-media":"","overlay-type":"","overlay-color":"","overlay-opacity":"","overlay-gradient":""}},"ast-content-background-meta":{"desktop":{"background-color":"var(--ast-global-color-4)","background-image":"","background-repeat":"repeat","background-position":"center center","background-size":"auto","background-attachment":"scroll","background-type":"","background-media":"","overlay-type":"","overlay-color":"","overlay-opacity":"","overlay-gradient":""},"tablet":{"background-color":"var(--ast-global-color-4)","background-image":"","background-repeat":"repeat","background-position":"center center","background-size":"auto","background-attachment":"scroll","background-type":"","background-media":"","overlay-type":"","overlay-color":"","overlay-opacity":"","overlay-gradient":""},"mobile":{"background-color":"var(--ast-global-color-4)","background-image":"","background-repeat":"repeat","background-position":"center center","background-size":"auto","background-attachment":"scroll","background-type":"","background-media":"","overlay-type":"","overlay-color":"","overlay-opacity":"","overlay-gradient":""}}},"product_brand":[],"product_cat":[60],"product_tag":[],"class_list":{"0":"post-462","1":"product","2":"type-product","3":"status-publish","4":"has-post-thumbnail","6":"product_cat-sinergias-minerales","7":"desktop-align-left","8":"tablet-align-left","9":"mobile-align-left","11":"first","12":"instock","13":"taxable","14":"shipping-taxable","15":"purchasable","16":"product-type-simple"},"bundled_by":[],"bundle_stock_status":"instock","bundle_stock_quantity":null,"bundle_virtual":false,"bundle_layout":"","bundle_add_to_cart_form_location":"","bundle_editable_in_cart":false,"bundle_sold_individually_context":"","bundle_item_grouping":"","bundle_min_size":"","bundle_max_size":"","bundle_price":[],"bundled_items":[],"bundle_sell_ids":[],"_links":{"self":[{"href":"https:\/\/watermemory.es\/en\/wp-json\/wp\/v2\/product\/462","targetHints":{"allow":["GET"]}}],"collection":[{"href":"https:\/\/watermemory.es\/en\/wp-json\/wp\/v2\/product"}],"about":[{"href":"https:\/\/watermemory.es\/en\/wp-json\/wp\/v2\/types\/product"}],"replies":[{"embeddable":true,"href":"https:\/\/watermemory.es\/en\/wp-json\/wp\/v2\/comments?post=462"}],"wp:featuredmedia":[{"embeddable":true,"href":"https:\/\/watermemory.es\/en\/wp-json\/wp\/v2\/media\/461"}],"wp:attachment":[{"href":"https:\/\/watermemory.es\/en\/wp-json\/wp\/v2\/media?parent=462"}],"wp:term":[{"taxonomy":"product_brand","embeddable":true,"href":"https:\/\/watermemory.es\/en\/wp-json\/wp\/v2\/product_brand?post=462"},{"taxonomy":"product_cat","embeddable":true,"href":"https:\/\/watermemory.es\/en\/wp-json\/wp\/v2\/product_cat?post=462"},{"taxonomy":"product_tag","embeddable":true,"href":"https:\/\/watermemory.es\/en\/wp-json\/wp\/v2\/product_tag?post=462"}],"curies":[{"name":"wp","href":"https:\/\/api.w.org\/{rel}","templated":true}]}}