{"id":458,"date":"2025-11-24T22:13:56","date_gmt":"2025-11-24T22:13:56","guid":{"rendered":"https:\/\/watermemory.es\/producto\/granate-spessartine-spessartine-garnet\/"},"modified":"2025-12-09T16:51:16","modified_gmt":"2025-12-09T16:51:16","slug":"granate-spessartine-spessartine-garnet","status":"publish","type":"product","link":"https:\/\/watermemory.es\/en\/product\/granate-spessartine-spessartine-garnet\/","title":{"rendered":"Granate Spessartine \u2013 Spessartine Garnet"},"content":{"rendered":"<p><strong>AYUDA EMOCIONAL:<\/strong><br \/>\n\u2022 ALIVIO EN EXPERIENCIAS TRAUM\u00c1TICAS.<br \/>\n\u2022 ELIMINA ESTADOS DE SHOCK.<br \/>\n\u2022 IDEAL PARA ESTADOS DEPRESIVOS, MELANCOLICOS Y TRISTEZA.<br \/>\n\u2022 PROBLEMAS EMOCIONALES RELACIONADOS CON EL SEXO.<\/p>\n<p><strong>USO COSMETICO:<\/strong><br \/>\n\u2022 TRATAMIENTO DE DERMATITIS E INFLAMACIONES.<br \/>\n\u2022 TRATAMIENTO DE CONTRACTURAS Y TRAUMATISMOS.<br \/>\n\u2022 PIELES RESECAS, DESNUTRIDAS O DESVITALIZADAS.<br \/>\n\u2022 \u00daTIL PARA RETENCI\u00d3N DE L\u00cdQUIDOS. CONGESTI\u00d3N E HINCHAZONES.<br \/>\n\u2022 PODEROSO RECONSTITUYENTE, APORTA ENERG\u00cdA Y VITALIDAD.<\/p>\n<p>15 ml botella con gotero | Apto para veganas<\/p>\n<p style=\"text-align: center;\"><span style=\"color: #80988a;\"><strong>ESCOGE 3 Y LL\u00c9VATE 1 GRATIS<\/strong><\/span><\/p>\n<div><strong>Combina como quieras con nuestras<span style=\"color: #d9a247;\"> <span style=\"color: #80988a;\"><em>Sinergias, <span style=\"color: #d9a247;\"><span style=\"color: #80988a;\">Flores de Bach<\/span><\/span> y Esencias Minerales<\/em>.<\/span><\/span><\/strong><\/div>","protected":false},"excerpt":{"rendered":"<p><strong>TRAUMAS Y SHOCKS<\/strong><\/p>\n<p>Problemas de origen traum\u00e1tico: dermatitis, inflamaciones, contracturas, retenciones de l\u00edquidos, grasas, hinchazones, gases, congestiones, irritaciones, dolor, malestar general. Purifica la energ\u00eda intestinal reconstituyendo la flora. Estados an\u00e9micos y de desvitalizaci\u00f3n.<br \/>\nAyuda energ\u00e9ticamente en cualquier clase de trauma o shock emocional.<br \/>\nEleva y espiritualiza las emociones. Ayuda a nivel energ\u00e9tico en problemas emocionales relacionados con el sexo. Unido a la pr\u00e1ctica de la meditaci\u00f3n, ayuda a estimular la esencia espiritual en las relaciones interpersonales. Ayuda a nivel energ\u00e9tico en enfermedades sexuales.<\/p>","protected":false},"featured_media":457,"comment_status":"open","ping_status":"closed","template":"","meta":{"site-sidebar-layout":"default","site-content-layout":"","ast-site-content-layout":"default","site-content-style":"default","site-sidebar-style":"default","ast-global-header-display":"","ast-banner-title-visibility":"","ast-main-header-display":"","ast-hfb-above-header-display":"","ast-hfb-below-header-display":"","ast-hfb-mobile-header-display":"","site-post-title":"","ast-breadcrumbs-content":"","ast-featured-img":"","footer-sml-layout":"","ast-disable-related-posts":"","theme-transparent-header-meta":"default","adv-header-id-meta":"","stick-header-meta":"","header-above-stick-meta":"","header-main-stick-meta":"","header-below-stick-meta":"","astra-migrate-meta-layouts":"set","ast-page-background-enabled":"default","ast-page-background-meta":{"desktop":{"background-color":"var(--ast-global-color-5)","background-image":"","background-repeat":"repeat","background-position":"center center","background-size":"auto","background-attachment":"scroll","background-type":"","background-media":"","overlay-type":"","overlay-color":"","overlay-opacity":"","overlay-gradient":""},"tablet":{"background-color":"","background-image":"","background-repeat":"repeat","background-position":"center center","background-size":"auto","background-attachment":"scroll","background-type":"","background-media":"","overlay-type":"","overlay-color":"","overlay-opacity":"","overlay-gradient":""},"mobile":{"background-color":"","background-image":"","background-repeat":"repeat","background-position":"center center","background-size":"auto","background-attachment":"scroll","background-type":"","background-media":"","overlay-type":"","overlay-color":"","overlay-opacity":"","overlay-gradient":""}},"ast-content-background-meta":{"desktop":{"background-color":"var(--ast-global-color-4)","background-image":"","background-repeat":"repeat","background-position":"center center","background-size":"auto","background-attachment":"scroll","background-type":"","background-media":"","overlay-type":"","overlay-color":"","overlay-opacity":"","overlay-gradient":""},"tablet":{"background-color":"var(--ast-global-color-4)","background-image":"","background-repeat":"repeat","background-position":"center center","background-size":"auto","background-attachment":"scroll","background-type":"","background-media":"","overlay-type":"","overlay-color":"","overlay-opacity":"","overlay-gradient":""},"mobile":{"background-color":"var(--ast-global-color-4)","background-image":"","background-repeat":"repeat","background-position":"center center","background-size":"auto","background-attachment":"scroll","background-type":"","background-media":"","overlay-type":"","overlay-color":"","overlay-opacity":"","overlay-gradient":""}}},"product_brand":[],"product_cat":[63],"product_tag":[],"class_list":{"0":"post-458","1":"product","2":"type-product","3":"status-publish","4":"has-post-thumbnail","6":"product_cat-flores-de-bach","7":"desktop-align-left","8":"tablet-align-left","9":"mobile-align-left","11":"first","12":"instock","13":"taxable","14":"shipping-taxable","15":"purchasable","16":"product-type-simple"},"bundled_by":[],"bundle_stock_status":"instock","bundle_stock_quantity":null,"bundle_virtual":false,"bundle_layout":"","bundle_add_to_cart_form_location":"","bundle_editable_in_cart":false,"bundle_sold_individually_context":"","bundle_item_grouping":"","bundle_min_size":"","bundle_max_size":"","bundle_price":[],"bundled_items":[],"bundle_sell_ids":[],"_links":{"self":[{"href":"https:\/\/watermemory.es\/en\/wp-json\/wp\/v2\/product\/458","targetHints":{"allow":["GET"]}}],"collection":[{"href":"https:\/\/watermemory.es\/en\/wp-json\/wp\/v2\/product"}],"about":[{"href":"https:\/\/watermemory.es\/en\/wp-json\/wp\/v2\/types\/product"}],"replies":[{"embeddable":true,"href":"https:\/\/watermemory.es\/en\/wp-json\/wp\/v2\/comments?post=458"}],"wp:featuredmedia":[{"embeddable":true,"href":"https:\/\/watermemory.es\/en\/wp-json\/wp\/v2\/media\/457"}],"wp:attachment":[{"href":"https:\/\/watermemory.es\/en\/wp-json\/wp\/v2\/media?parent=458"}],"wp:term":[{"taxonomy":"product_brand","embeddable":true,"href":"https:\/\/watermemory.es\/en\/wp-json\/wp\/v2\/product_brand?post=458"},{"taxonomy":"product_cat","embeddable":true,"href":"https:\/\/watermemory.es\/en\/wp-json\/wp\/v2\/product_cat?post=458"},{"taxonomy":"product_tag","embeddable":true,"href":"https:\/\/watermemory.es\/en\/wp-json\/wp\/v2\/product_tag?post=458"}],"curies":[{"name":"wp","href":"https:\/\/api.w.org\/{rel}","templated":true}]}}