{"id":434,"date":"2025-11-24T22:13:40","date_gmt":"2025-11-24T22:13:40","guid":{"rendered":"https:\/\/watermemory.es\/producto\/plata-silver\/"},"modified":"2025-12-03T19:18:21","modified_gmt":"2025-12-03T19:18:21","slug":"plata-silver","status":"publish","type":"product","link":"https:\/\/watermemory.es\/en\/product\/plata-silver\/","title":{"rendered":"Plata \u2013 Silver"},"content":{"rendered":"<p><strong>AYUDA EMOCIONAL:<\/strong><br \/>\n\u2022 AYUDA EN ESTADOS DE HUMOR CAMBIANTES.<br \/>\n\u2022 ALIVIA EL INSOMIO.<br \/>\n\u2022 CALMANTE EMOCIONAL<\/p>\n<p><strong>USO COSMETICO:<\/strong><br \/>\n\u2022 TRATAMIENTOS PIELES SENSIBLES O IRRITADAS.<br \/>\n\u2022 DESPU\u00c9S DE LA DEPILACI\u00d3N.<br \/>\n\u2022 MASAJES ANTIESTR\u00c9S.<br \/>\n\u2022 EFECTO CALMANTE (CONTUSIONES Y LESIONES)<\/p>\n<p>15 ml botella con gotero | Apto para veganas<\/p>\n<p style=\"text-align: center;\"><span style=\"color: #80988a;\"><strong>ESCOGE 3 Y LL\u00c9VATE 1 GRATIS<\/strong><\/span><\/p>\n<div><strong>Combina como quieras con nuestras<span style=\"color: #d9a247;\"> <span style=\"color: #80988a;\"><em>Sinergias, Flores de Bach y Esencias Minerales<\/em>.<\/span><\/span><\/strong><\/div>\n<p>&nbsp;<\/p>","protected":false},"excerpt":{"rendered":"<h3>CALMANTE<\/h3>\n<p>Aumenta la <strong>circulaci\u00f3n energ\u00e9tica<\/strong> de los meridianos <strong>favoreciendo el equilibrio org\u00e1nico<\/strong>. Elimina los estados de tensi\u00f3n, dolor y contracturas. Relajante, aporta tranquilidad. Potencia la inteligencia emocional, aumenta el flujo de energ\u00eda a trav\u00e9s de los meridianos. Potencia la capacidad de comunicaci\u00f3n, equilibrio energ\u00e9tico de hemisferios. Potencia el hemisferio derecho, <strong>activa los cinco chakras de encima de la cabeza<\/strong>, purifica y limpia la contaminaci\u00f3n por rayos x.<\/p>","protected":false},"featured_media":433,"comment_status":"open","ping_status":"closed","template":"","meta":{"site-sidebar-layout":"default","site-content-layout":"","ast-site-content-layout":"default","site-content-style":"default","site-sidebar-style":"default","ast-global-header-display":"","ast-banner-title-visibility":"","ast-main-header-display":"","ast-hfb-above-header-display":"","ast-hfb-below-header-display":"","ast-hfb-mobile-header-display":"","site-post-title":"","ast-breadcrumbs-content":"","ast-featured-img":"","footer-sml-layout":"","ast-disable-related-posts":"","theme-transparent-header-meta":"default","adv-header-id-meta":"","stick-header-meta":"","header-above-stick-meta":"","header-main-stick-meta":"","header-below-stick-meta":"","astra-migrate-meta-layouts":"set","ast-page-background-enabled":"default","ast-page-background-meta":{"desktop":{"background-color":"var(--ast-global-color-5)","background-image":"","background-repeat":"repeat","background-position":"center center","background-size":"auto","background-attachment":"scroll","background-type":"","background-media":"","overlay-type":"","overlay-color":"","overlay-opacity":"","overlay-gradient":""},"tablet":{"background-color":"","background-image":"","background-repeat":"repeat","background-position":"center center","background-size":"auto","background-attachment":"scroll","background-type":"","background-media":"","overlay-type":"","overlay-color":"","overlay-opacity":"","overlay-gradient":""},"mobile":{"background-color":"","background-image":"","background-repeat":"repeat","background-position":"center center","background-size":"auto","background-attachment":"scroll","background-type":"","background-media":"","overlay-type":"","overlay-color":"","overlay-opacity":"","overlay-gradient":""}},"ast-content-background-meta":{"desktop":{"background-color":"var(--ast-global-color-4)","background-image":"","background-repeat":"repeat","background-position":"center center","background-size":"auto","background-attachment":"scroll","background-type":"","background-media":"","overlay-type":"","overlay-color":"","overlay-opacity":"","overlay-gradient":""},"tablet":{"background-color":"var(--ast-global-color-4)","background-image":"","background-repeat":"repeat","background-position":"center center","background-size":"auto","background-attachment":"scroll","background-type":"","background-media":"","overlay-type":"","overlay-color":"","overlay-opacity":"","overlay-gradient":""},"mobile":{"background-color":"var(--ast-global-color-4)","background-image":"","background-repeat":"repeat","background-position":"center center","background-size":"auto","background-attachment":"scroll","background-type":"","background-media":"","overlay-type":"","overlay-color":"","overlay-opacity":"","overlay-gradient":""}}},"product_brand":[],"product_cat":[60],"product_tag":[],"class_list":{"0":"post-434","1":"product","2":"type-product","3":"status-publish","4":"has-post-thumbnail","6":"product_cat-sinergias-minerales","7":"desktop-align-left","8":"tablet-align-left","9":"mobile-align-left","11":"first","12":"instock","13":"taxable","14":"shipping-taxable","15":"purchasable","16":"product-type-simple"},"bundled_by":[],"bundle_stock_status":"instock","bundle_stock_quantity":null,"bundle_virtual":false,"bundle_layout":"","bundle_add_to_cart_form_location":"","bundle_editable_in_cart":false,"bundle_sold_individually_context":"","bundle_item_grouping":"","bundle_min_size":"","bundle_max_size":"","bundle_price":[],"bundled_items":[],"bundle_sell_ids":[],"_links":{"self":[{"href":"https:\/\/watermemory.es\/en\/wp-json\/wp\/v2\/product\/434","targetHints":{"allow":["GET"]}}],"collection":[{"href":"https:\/\/watermemory.es\/en\/wp-json\/wp\/v2\/product"}],"about":[{"href":"https:\/\/watermemory.es\/en\/wp-json\/wp\/v2\/types\/product"}],"replies":[{"embeddable":true,"href":"https:\/\/watermemory.es\/en\/wp-json\/wp\/v2\/comments?post=434"}],"wp:featuredmedia":[{"embeddable":true,"href":"https:\/\/watermemory.es\/en\/wp-json\/wp\/v2\/media\/433"}],"wp:attachment":[{"href":"https:\/\/watermemory.es\/en\/wp-json\/wp\/v2\/media?parent=434"}],"wp:term":[{"taxonomy":"product_brand","embeddable":true,"href":"https:\/\/watermemory.es\/en\/wp-json\/wp\/v2\/product_brand?post=434"},{"taxonomy":"product_cat","embeddable":true,"href":"https:\/\/watermemory.es\/en\/wp-json\/wp\/v2\/product_cat?post=434"},{"taxonomy":"product_tag","embeddable":true,"href":"https:\/\/watermemory.es\/en\/wp-json\/wp\/v2\/product_tag?post=434"}],"curies":[{"name":"wp","href":"https:\/\/api.w.org\/{rel}","templated":true}]}}