{"id":426,"date":"2025-11-24T22:13:24","date_gmt":"2025-11-24T22:13:24","guid":{"rendered":"https:\/\/watermemory.es\/producto\/wild-rose-rosa-silvestre-apatia-y-resignacion\/"},"modified":"2026-01-22T16:53:41","modified_gmt":"2026-01-22T16:53:41","slug":"wild-rose-rosa-silvestre-apatia-y-resignacion","status":"publish","type":"product","link":"https:\/\/watermemory.es\/en\/product\/wild-rose-rosa-silvestre-apatia-y-resignacion\/","title":{"rendered":"Wild Rose &#8211; Rosa Silvestre | Apat\u00eda y resignaci\u00f3n"},"content":{"rendered":"<p><span style=\"font-size: 16px;\"><strong>PATR\u00d3N EMOCIONAL:<\/strong> Remedio que ayuda a potenciar la alegr\u00eda, la energ\u00eda vital y la motivaci\u00f3n necesarias para volver a ilusionarse con la vida. Y salir del estado de apat\u00eda y resignaci\u00f3n.<\/span><b><\/b><\/p>\n<p>Ayuda eficaz para personas con poca capacidad de frustraci\u00f3n que se derrumban f\u00e1cilmente. Ayuda a equilibrar los s\u00edntomas de alteraciones con las comida. Ayuda a trascender la sensaci\u00f3n de vac\u00edo interior.<\/p>\n<p><strong>PENSAMIENTO POSITIVO PARA EL PERFIL WILD ROSE:<\/strong> <em>Yo soy capaz y consigo siempre lo que me propongo.<\/em><\/p>\n<p>15 ml botella con gotero | Motivaci\u00f3n, Vitalidad\u00a0y Alegr\u00eda\u00a0| Flores de Bach | Potenciado\u00a0con combinaci\u00f3n exclusiva de esencias minerales |\u00a0Apto para veganas<\/p>\n<p style=\"text-align: center;\"><span style=\"color: #80988a;\"><strong>ESCOGE 3 Y LL\u00c9VATE 1 GRATIS<\/strong><\/span><\/p>\n<div style=\"text-align: center;\"><strong>Combina como quieras con nuestras <span style=\"color: #80988a;\"><em>Sinergias, Flores de Bach y Esencias Minerales<\/em><\/span>.<\/strong><\/div>","protected":false},"excerpt":{"rendered":"<p><strong>Alegr\u00eda, Motivaci\u00f3n y Vitalidad\u00a0<\/strong><br \/>\nEste remedio es de gran ayuda para las personas ap\u00e1ticas, resignadas y con falta de inter\u00e9s hacia la vida. Se abandonan a la situaci\u00f3n y sienten que no tienen fuerzas para salir de ella.<\/p>","protected":false},"featured_media":425,"comment_status":"open","ping_status":"closed","template":"","meta":{"site-sidebar-layout":"default","site-content-layout":"","ast-site-content-layout":"default","site-content-style":"default","site-sidebar-style":"default","ast-global-header-display":"","ast-banner-title-visibility":"","ast-main-header-display":"","ast-hfb-above-header-display":"","ast-hfb-below-header-display":"","ast-hfb-mobile-header-display":"","site-post-title":"","ast-breadcrumbs-content":"","ast-featured-img":"","footer-sml-layout":"","ast-disable-related-posts":"","theme-transparent-header-meta":"default","adv-header-id-meta":"","stick-header-meta":"","header-above-stick-meta":"","header-main-stick-meta":"","header-below-stick-meta":"","astra-migrate-meta-layouts":"set","ast-page-background-enabled":"default","ast-page-background-meta":{"desktop":{"background-color":"var(--ast-global-color-5)","background-image":"","background-repeat":"repeat","background-position":"center center","background-size":"auto","background-attachment":"scroll","background-type":"","background-media":"","overlay-type":"","overlay-color":"","overlay-opacity":"","overlay-gradient":""},"tablet":{"background-color":"","background-image":"","background-repeat":"repeat","background-position":"center center","background-size":"auto","background-attachment":"scroll","background-type":"","background-media":"","overlay-type":"","overlay-color":"","overlay-opacity":"","overlay-gradient":""},"mobile":{"background-color":"","background-image":"","background-repeat":"repeat","background-position":"center center","background-size":"auto","background-attachment":"scroll","background-type":"","background-media":"","overlay-type":"","overlay-color":"","overlay-opacity":"","overlay-gradient":""}},"ast-content-background-meta":{"desktop":{"background-color":"var(--ast-global-color-4)","background-image":"","background-repeat":"repeat","background-position":"center center","background-size":"auto","background-attachment":"scroll","background-type":"","background-media":"","overlay-type":"","overlay-color":"","overlay-opacity":"","overlay-gradient":""},"tablet":{"background-color":"var(--ast-global-color-4)","background-image":"","background-repeat":"repeat","background-position":"center center","background-size":"auto","background-attachment":"scroll","background-type":"","background-media":"","overlay-type":"","overlay-color":"","overlay-opacity":"","overlay-gradient":""},"mobile":{"background-color":"var(--ast-global-color-4)","background-image":"","background-repeat":"repeat","background-position":"center center","background-size":"auto","background-attachment":"scroll","background-type":"","background-media":"","overlay-type":"","overlay-color":"","overlay-opacity":"","overlay-gradient":""}}},"product_brand":[],"product_cat":[63],"product_tag":[],"class_list":{"0":"post-426","1":"product","2":"type-product","3":"status-publish","4":"has-post-thumbnail","6":"product_cat-flores-de-bach","7":"desktop-align-left","8":"tablet-align-left","9":"mobile-align-left","11":"first","12":"instock","13":"taxable","14":"shipping-taxable","15":"purchasable","16":"product-type-simple"},"bundled_by":[],"bundle_stock_status":"instock","bundle_stock_quantity":null,"bundle_virtual":false,"bundle_layout":"","bundle_add_to_cart_form_location":"","bundle_editable_in_cart":false,"bundle_sold_individually_context":"","bundle_item_grouping":"","bundle_min_size":"","bundle_max_size":"","bundle_price":[],"bundled_items":[],"bundle_sell_ids":[],"_links":{"self":[{"href":"https:\/\/watermemory.es\/en\/wp-json\/wp\/v2\/product\/426","targetHints":{"allow":["GET"]}}],"collection":[{"href":"https:\/\/watermemory.es\/en\/wp-json\/wp\/v2\/product"}],"about":[{"href":"https:\/\/watermemory.es\/en\/wp-json\/wp\/v2\/types\/product"}],"replies":[{"embeddable":true,"href":"https:\/\/watermemory.es\/en\/wp-json\/wp\/v2\/comments?post=426"}],"wp:featuredmedia":[{"embeddable":true,"href":"https:\/\/watermemory.es\/en\/wp-json\/wp\/v2\/media\/425"}],"wp:attachment":[{"href":"https:\/\/watermemory.es\/en\/wp-json\/wp\/v2\/media?parent=426"}],"wp:term":[{"taxonomy":"product_brand","embeddable":true,"href":"https:\/\/watermemory.es\/en\/wp-json\/wp\/v2\/product_brand?post=426"},{"taxonomy":"product_cat","embeddable":true,"href":"https:\/\/watermemory.es\/en\/wp-json\/wp\/v2\/product_cat?post=426"},{"taxonomy":"product_tag","embeddable":true,"href":"https:\/\/watermemory.es\/en\/wp-json\/wp\/v2\/product_tag?post=426"}],"curies":[{"name":"wp","href":"https:\/\/api.w.org\/{rel}","templated":true}]}}