{"id":416,"date":"2025-11-24T22:13:02","date_gmt":"2025-11-24T22:13:02","guid":{"rendered":"https:\/\/watermemory.es\/producto\/vine-vid-afan-de-poder-y-dominar\/"},"modified":"2026-01-22T16:54:14","modified_gmt":"2026-01-22T16:54:14","slug":"vine-vid-afan-de-poder-y-dominar","status":"publish","type":"product","link":"https:\/\/watermemory.es\/en\/product\/vine-vid-afan-de-poder-y-dominar\/","title":{"rendered":"Vine &#8211; Vid | Af\u00e1n de poder y dominar"},"content":{"rendered":"<p><strong>PATR\u00d3N EMOCIONAL:<\/strong> Importante ayuda para modificar y reconstruir en positivo, las aptitudes de l\u00edder\u2026 trascendiendo y positivizando actitudes arrogantes, que quieren imponer siempre su voluntad.<\/p>\n<p>Este perfil suele juzgar muy severamente a los dem\u00e1s. Ayuda importante para calmar y trascender la ira, la colera y la agresividad.<\/p>\n<p><strong>PENSAMIENTO POSITIVO PARA EL PERFIL VINE:<\/strong> <em>Cuanto m\u00e1s respeto a los dem\u00e1s, m\u00e1s respeto y admiraci\u00f3n recibo.<\/em><\/p>\n<p>15 ml botella con gotero | Amor incondicional y respeto a los dem\u00e1s | Flores de Bach | Potenciado\u00a0con combinaci\u00f3n exclusiva de esencias minerales |\u00a0Apto para veganas<\/p>\n<p style=\"text-align: center;\"><span style=\"color: #80988a;\"><strong>ESCOGE 3 Y LL\u00c9VATE 1 GRATIS<\/strong><\/span><\/p>\n<div style=\"text-align: center;\"><strong>Combina como quieras con nuestras <span style=\"color: #80988a;\"><em>Sinergias, Flores de Bach y Esencias Minerales<\/em><\/span>.<\/strong><\/div>","protected":false},"excerpt":{"rendered":"<p><strong><span style=\"color: #000000;\">Amor incondicional y respeto a los dem\u00e1s.<\/span><\/strong><\/p>\n<p>Este remedio es una poderosa ayuda para todas aquellas personas que son seguros de si mismos, inflexibles y tienden a querer dominar a los dem\u00e1s.<\/p>","protected":false},"featured_media":415,"comment_status":"open","ping_status":"closed","template":"","meta":{"site-sidebar-layout":"default","site-content-layout":"","ast-site-content-layout":"default","site-content-style":"default","site-sidebar-style":"default","ast-global-header-display":"","ast-banner-title-visibility":"","ast-main-header-display":"","ast-hfb-above-header-display":"","ast-hfb-below-header-display":"","ast-hfb-mobile-header-display":"","site-post-title":"","ast-breadcrumbs-content":"","ast-featured-img":"","footer-sml-layout":"","ast-disable-related-posts":"","theme-transparent-header-meta":"default","adv-header-id-meta":"","stick-header-meta":"","header-above-stick-meta":"","header-main-stick-meta":"","header-below-stick-meta":"","astra-migrate-meta-layouts":"set","ast-page-background-enabled":"default","ast-page-background-meta":{"desktop":{"background-color":"var(--ast-global-color-5)","background-image":"","background-repeat":"repeat","background-position":"center center","background-size":"auto","background-attachment":"scroll","background-type":"","background-media":"","overlay-type":"","overlay-color":"","overlay-opacity":"","overlay-gradient":""},"tablet":{"background-color":"","background-image":"","background-repeat":"repeat","background-position":"center center","background-size":"auto","background-attachment":"scroll","background-type":"","background-media":"","overlay-type":"","overlay-color":"","overlay-opacity":"","overlay-gradient":""},"mobile":{"background-color":"","background-image":"","background-repeat":"repeat","background-position":"center center","background-size":"auto","background-attachment":"scroll","background-type":"","background-media":"","overlay-type":"","overlay-color":"","overlay-opacity":"","overlay-gradient":""}},"ast-content-background-meta":{"desktop":{"background-color":"var(--ast-global-color-4)","background-image":"","background-repeat":"repeat","background-position":"center center","background-size":"auto","background-attachment":"scroll","background-type":"","background-media":"","overlay-type":"","overlay-color":"","overlay-opacity":"","overlay-gradient":""},"tablet":{"background-color":"var(--ast-global-color-4)","background-image":"","background-repeat":"repeat","background-position":"center center","background-size":"auto","background-attachment":"scroll","background-type":"","background-media":"","overlay-type":"","overlay-color":"","overlay-opacity":"","overlay-gradient":""},"mobile":{"background-color":"var(--ast-global-color-4)","background-image":"","background-repeat":"repeat","background-position":"center center","background-size":"auto","background-attachment":"scroll","background-type":"","background-media":"","overlay-type":"","overlay-color":"","overlay-opacity":"","overlay-gradient":""}}},"product_brand":[],"product_cat":[63],"product_tag":[],"class_list":{"0":"post-416","1":"product","2":"type-product","3":"status-publish","4":"has-post-thumbnail","6":"product_cat-flores-de-bach","7":"desktop-align-left","8":"tablet-align-left","9":"mobile-align-left","11":"first","12":"instock","13":"taxable","14":"shipping-taxable","15":"purchasable","16":"product-type-simple"},"bundled_by":[],"bundle_stock_status":"instock","bundle_stock_quantity":null,"bundle_virtual":false,"bundle_layout":"","bundle_add_to_cart_form_location":"","bundle_editable_in_cart":false,"bundle_sold_individually_context":"","bundle_item_grouping":"","bundle_min_size":"","bundle_max_size":"","bundle_price":[],"bundled_items":[],"bundle_sell_ids":[],"_links":{"self":[{"href":"https:\/\/watermemory.es\/en\/wp-json\/wp\/v2\/product\/416","targetHints":{"allow":["GET"]}}],"collection":[{"href":"https:\/\/watermemory.es\/en\/wp-json\/wp\/v2\/product"}],"about":[{"href":"https:\/\/watermemory.es\/en\/wp-json\/wp\/v2\/types\/product"}],"replies":[{"embeddable":true,"href":"https:\/\/watermemory.es\/en\/wp-json\/wp\/v2\/comments?post=416"}],"wp:featuredmedia":[{"embeddable":true,"href":"https:\/\/watermemory.es\/en\/wp-json\/wp\/v2\/media\/415"}],"wp:attachment":[{"href":"https:\/\/watermemory.es\/en\/wp-json\/wp\/v2\/media?parent=416"}],"wp:term":[{"taxonomy":"product_brand","embeddable":true,"href":"https:\/\/watermemory.es\/en\/wp-json\/wp\/v2\/product_brand?post=416"},{"taxonomy":"product_cat","embeddable":true,"href":"https:\/\/watermemory.es\/en\/wp-json\/wp\/v2\/product_cat?post=416"},{"taxonomy":"product_tag","embeddable":true,"href":"https:\/\/watermemory.es\/en\/wp-json\/wp\/v2\/product_tag?post=416"}],"curies":[{"name":"wp","href":"https:\/\/api.w.org\/{rel}","templated":true}]}}