{"id":410,"date":"2025-11-24T22:12:51","date_gmt":"2025-11-24T22:12:51","guid":{"rendered":"https:\/\/watermemory.es\/producto\/star-of-bethlehem-estrella-de-belen-alivio-post-traumatico\/"},"modified":"2026-01-22T16:54:49","modified_gmt":"2026-01-22T16:54:49","slug":"star-of-bethlehem-estrella-de-belen-alivio-post-traumatico","status":"publish","type":"product","link":"https:\/\/watermemory.es\/en\/product\/star-of-bethlehem-estrella-de-belen-alivio-post-traumatico\/","title":{"rendered":"Star of Bethlehem &#8211; Estrella de Bel\u00e9n | Alivio post-traum\u00e1tico"},"content":{"rendered":"<p><span style=\"font-size: 16px;\"><strong>PATR\u00d3N EMOCIONAL:<\/strong> Este remedio ayuda a trascender y superar los momentos cr\u00edticos y los bloqueos y shocks traum\u00e1ticos. Aporta claridad y capacidad de soluci\u00f3n en las situaciones dif\u00edciles, de car\u00e1cter emocional o f\u00edsico.<\/span><b><\/b><\/p>\n<p>Ayuda importante para abrirse y exteriorizar su experiencia, para empezar a solucionarla. Personas que sufren bloqueos importantes antes situaciones traum\u00e1ticas.<\/p>\n<p><strong>PENSAMIENTO POSITIVO PARA EL PERFIL STAR OF BETHELEHEM:<\/strong> <em>Yo fluyo y disfruto con el presente en mi vida.<\/em><\/p>\n<p>15 ml botella con gotero | Armon\u00eda y liberaci\u00f3n de traumas\u00a0 | Flores de Bach | Potenciado\u00a0con combinaci\u00f3n exclusiva de esencias minerales |\u00a0Apto para veganas<\/p>\n<p style=\"text-align: center;\"><span style=\"color: #80988a;\"><strong>ESCOGE 3 Y LL\u00c9VATE 1 GRATIS<\/strong><\/span><\/p>\n<div style=\"text-align: center;\"><strong>Combina como quieras con nuestras <span style=\"color: #80988a;\"><em>Sinergias, Flores de Bach y Esencias Minerales<\/em><\/span>.<\/strong><\/div>","protected":false},"excerpt":{"rendered":"<h3>Armon\u00eda y liberaci\u00f3n de traumas<\/h3>\n<p>Este remedio esta indicado para personas que est\u00e1n en shock emocional causado por un trauma o situaci\u00f3n grave: accidentes, muertes, perdidas etc. y les cuesta reponerse.<\/p>","protected":false},"featured_media":409,"comment_status":"open","ping_status":"closed","template":"","meta":{"site-sidebar-layout":"default","site-content-layout":"","ast-site-content-layout":"default","site-content-style":"default","site-sidebar-style":"default","ast-global-header-display":"","ast-banner-title-visibility":"","ast-main-header-display":"","ast-hfb-above-header-display":"","ast-hfb-below-header-display":"","ast-hfb-mobile-header-display":"","site-post-title":"","ast-breadcrumbs-content":"","ast-featured-img":"","footer-sml-layout":"","ast-disable-related-posts":"","theme-transparent-header-meta":"default","adv-header-id-meta":"","stick-header-meta":"","header-above-stick-meta":"","header-main-stick-meta":"","header-below-stick-meta":"","astra-migrate-meta-layouts":"set","ast-page-background-enabled":"default","ast-page-background-meta":{"desktop":{"background-color":"var(--ast-global-color-5)","background-image":"","background-repeat":"repeat","background-position":"center center","background-size":"auto","background-attachment":"scroll","background-type":"","background-media":"","overlay-type":"","overlay-color":"","overlay-opacity":"","overlay-gradient":""},"tablet":{"background-color":"","background-image":"","background-repeat":"repeat","background-position":"center center","background-size":"auto","background-attachment":"scroll","background-type":"","background-media":"","overlay-type":"","overlay-color":"","overlay-opacity":"","overlay-gradient":""},"mobile":{"background-color":"","background-image":"","background-repeat":"repeat","background-position":"center center","background-size":"auto","background-attachment":"scroll","background-type":"","background-media":"","overlay-type":"","overlay-color":"","overlay-opacity":"","overlay-gradient":""}},"ast-content-background-meta":{"desktop":{"background-color":"var(--ast-global-color-4)","background-image":"","background-repeat":"repeat","background-position":"center center","background-size":"auto","background-attachment":"scroll","background-type":"","background-media":"","overlay-type":"","overlay-color":"","overlay-opacity":"","overlay-gradient":""},"tablet":{"background-color":"var(--ast-global-color-4)","background-image":"","background-repeat":"repeat","background-position":"center center","background-size":"auto","background-attachment":"scroll","background-type":"","background-media":"","overlay-type":"","overlay-color":"","overlay-opacity":"","overlay-gradient":""},"mobile":{"background-color":"var(--ast-global-color-4)","background-image":"","background-repeat":"repeat","background-position":"center center","background-size":"auto","background-attachment":"scroll","background-type":"","background-media":"","overlay-type":"","overlay-color":"","overlay-opacity":"","overlay-gradient":""}}},"product_brand":[],"product_cat":[63],"product_tag":[],"class_list":{"0":"post-410","1":"product","2":"type-product","3":"status-publish","4":"has-post-thumbnail","6":"product_cat-flores-de-bach","7":"desktop-align-left","8":"tablet-align-left","9":"mobile-align-left","11":"first","12":"instock","13":"taxable","14":"shipping-taxable","15":"purchasable","16":"product-type-simple"},"bundled_by":[],"bundle_stock_status":"instock","bundle_stock_quantity":null,"bundle_virtual":false,"bundle_layout":"","bundle_add_to_cart_form_location":"","bundle_editable_in_cart":false,"bundle_sold_individually_context":"","bundle_item_grouping":"","bundle_min_size":"","bundle_max_size":"","bundle_price":[],"bundled_items":[],"bundle_sell_ids":[],"_links":{"self":[{"href":"https:\/\/watermemory.es\/en\/wp-json\/wp\/v2\/product\/410","targetHints":{"allow":["GET"]}}],"collection":[{"href":"https:\/\/watermemory.es\/en\/wp-json\/wp\/v2\/product"}],"about":[{"href":"https:\/\/watermemory.es\/en\/wp-json\/wp\/v2\/types\/product"}],"replies":[{"embeddable":true,"href":"https:\/\/watermemory.es\/en\/wp-json\/wp\/v2\/comments?post=410"}],"wp:featuredmedia":[{"embeddable":true,"href":"https:\/\/watermemory.es\/en\/wp-json\/wp\/v2\/media\/409"}],"wp:attachment":[{"href":"https:\/\/watermemory.es\/en\/wp-json\/wp\/v2\/media?parent=410"}],"wp:term":[{"taxonomy":"product_brand","embeddable":true,"href":"https:\/\/watermemory.es\/en\/wp-json\/wp\/v2\/product_brand?post=410"},{"taxonomy":"product_cat","embeddable":true,"href":"https:\/\/watermemory.es\/en\/wp-json\/wp\/v2\/product_cat?post=410"},{"taxonomy":"product_tag","embeddable":true,"href":"https:\/\/watermemory.es\/en\/wp-json\/wp\/v2\/product_tag?post=410"}],"curies":[{"name":"wp","href":"https:\/\/api.w.org\/{rel}","templated":true}]}}