{"id":396,"date":"2025-11-24T22:12:16","date_gmt":"2025-11-24T22:12:16","guid":{"rendered":"https:\/\/watermemory.es\/producto\/oak-roble-agotamiento-por-trabajo\/"},"modified":"2026-01-22T16:55:59","modified_gmt":"2026-01-22T16:55:59","slug":"oak-roble-agotamiento-por-trabajo","status":"publish","type":"product","link":"https:\/\/watermemory.es\/en\/product\/oak-roble-agotamiento-por-trabajo\/","title":{"rendered":"Oak &#8211; Roble | Agotamiento por trabajo"},"content":{"rendered":"<p><span style=\"font-size: 16px;\"><strong>PATR\u00d3N EMOCIONAL:<\/strong> Ayuda eficaz para las personas que se exigen demasiado a ellas mismas. Ayuda a recuperar la autoestima y a saber equilibrar las obligaciones y el trabajo, para poder disfrutar la vida.<\/span><b><\/b><\/p>\n<p>Remedio muy \u00fatil para mejorar y aliviar las molestias de las contracturas musculares. Muy \u00fatil para mejorar el estado de animo, el cansancio y el agotamiento. Para todas aquellas personas que tienen obsesi\u00f3n por el trabajo.<\/p>\n<p><strong>PENSAMIENTO POSITIVO PARA EL PERFIL OAK:<\/strong> <em>Yo soy la energ\u00eda y la vitalidad constantes<\/em>.<\/p>\n<p>15 ml botella con gotero | Bienestar emocional, equilibrio y fuerza\u00a0| Flores de Bach | Potenciado\u00a0con combinaci\u00f3n exclusiva de esencias minerales |\u00a0Apto para veganas<\/p>\n<p style=\"text-align: center;\"><span style=\"color: #80988a;\"><strong>ESCOGE 3 Y LL\u00c9VATE 1 GRATIS<\/strong><\/span><\/p>\n<div style=\"text-align: center;\"><strong>Combina como quieras con nuestras <span style=\"color: #80988a;\"><em>Sinergias, Flores de Bach y Esencias Minerales<\/em><\/span>.<\/strong><\/div>","protected":false},"excerpt":{"rendered":"<p><strong>Equilibrio, fuerza y bienestar emocional<\/strong><br \/>\nEste remedio es una ayuda eficaz para las personas demasiado exigentes con ellas mismas y que a pesar del cansancio y del agotamiento, siguen trabajando. No conocen la palabra <em>rendirse<\/em>.<\/p>","protected":false},"featured_media":395,"comment_status":"open","ping_status":"closed","template":"","meta":{"site-sidebar-layout":"default","site-content-layout":"","ast-site-content-layout":"default","site-content-style":"default","site-sidebar-style":"default","ast-global-header-display":"","ast-banner-title-visibility":"","ast-main-header-display":"","ast-hfb-above-header-display":"","ast-hfb-below-header-display":"","ast-hfb-mobile-header-display":"","site-post-title":"","ast-breadcrumbs-content":"","ast-featured-img":"","footer-sml-layout":"","ast-disable-related-posts":"","theme-transparent-header-meta":"default","adv-header-id-meta":"","stick-header-meta":"","header-above-stick-meta":"","header-main-stick-meta":"","header-below-stick-meta":"","astra-migrate-meta-layouts":"set","ast-page-background-enabled":"default","ast-page-background-meta":{"desktop":{"background-color":"var(--ast-global-color-5)","background-image":"","background-repeat":"repeat","background-position":"center center","background-size":"auto","background-attachment":"scroll","background-type":"","background-media":"","overlay-type":"","overlay-color":"","overlay-opacity":"","overlay-gradient":""},"tablet":{"background-color":"","background-image":"","background-repeat":"repeat","background-position":"center center","background-size":"auto","background-attachment":"scroll","background-type":"","background-media":"","overlay-type":"","overlay-color":"","overlay-opacity":"","overlay-gradient":""},"mobile":{"background-color":"","background-image":"","background-repeat":"repeat","background-position":"center center","background-size":"auto","background-attachment":"scroll","background-type":"","background-media":"","overlay-type":"","overlay-color":"","overlay-opacity":"","overlay-gradient":""}},"ast-content-background-meta":{"desktop":{"background-color":"var(--ast-global-color-4)","background-image":"","background-repeat":"repeat","background-position":"center center","background-size":"auto","background-attachment":"scroll","background-type":"","background-media":"","overlay-type":"","overlay-color":"","overlay-opacity":"","overlay-gradient":""},"tablet":{"background-color":"var(--ast-global-color-4)","background-image":"","background-repeat":"repeat","background-position":"center center","background-size":"auto","background-attachment":"scroll","background-type":"","background-media":"","overlay-type":"","overlay-color":"","overlay-opacity":"","overlay-gradient":""},"mobile":{"background-color":"var(--ast-global-color-4)","background-image":"","background-repeat":"repeat","background-position":"center center","background-size":"auto","background-attachment":"scroll","background-type":"","background-media":"","overlay-type":"","overlay-color":"","overlay-opacity":"","overlay-gradient":""}}},"product_brand":[],"product_cat":[63],"product_tag":[],"class_list":{"0":"post-396","1":"product","2":"type-product","3":"status-publish","4":"has-post-thumbnail","6":"product_cat-flores-de-bach","7":"desktop-align-left","8":"tablet-align-left","9":"mobile-align-left","11":"first","12":"instock","13":"taxable","14":"shipping-taxable","15":"purchasable","16":"product-type-simple"},"bundled_by":[],"bundle_stock_status":"instock","bundle_stock_quantity":null,"bundle_virtual":false,"bundle_layout":"","bundle_add_to_cart_form_location":"","bundle_editable_in_cart":false,"bundle_sold_individually_context":"","bundle_item_grouping":"","bundle_min_size":"","bundle_max_size":"","bundle_price":[],"bundled_items":[],"bundle_sell_ids":[],"_links":{"self":[{"href":"https:\/\/watermemory.es\/en\/wp-json\/wp\/v2\/product\/396","targetHints":{"allow":["GET"]}}],"collection":[{"href":"https:\/\/watermemory.es\/en\/wp-json\/wp\/v2\/product"}],"about":[{"href":"https:\/\/watermemory.es\/en\/wp-json\/wp\/v2\/types\/product"}],"replies":[{"embeddable":true,"href":"https:\/\/watermemory.es\/en\/wp-json\/wp\/v2\/comments?post=396"}],"wp:featuredmedia":[{"embeddable":true,"href":"https:\/\/watermemory.es\/en\/wp-json\/wp\/v2\/media\/395"}],"wp:attachment":[{"href":"https:\/\/watermemory.es\/en\/wp-json\/wp\/v2\/media?parent=396"}],"wp:term":[{"taxonomy":"product_brand","embeddable":true,"href":"https:\/\/watermemory.es\/en\/wp-json\/wp\/v2\/product_brand?post=396"},{"taxonomy":"product_cat","embeddable":true,"href":"https:\/\/watermemory.es\/en\/wp-json\/wp\/v2\/product_cat?post=396"},{"taxonomy":"product_tag","embeddable":true,"href":"https:\/\/watermemory.es\/en\/wp-json\/wp\/v2\/product_tag?post=396"}],"curies":[{"name":"wp","href":"https:\/\/api.w.org\/{rel}","templated":true}]}}