{"id":215,"date":"2025-11-18T22:51:08","date_gmt":"2025-11-18T22:51:08","guid":{"rendered":"https:\/\/watermemory.es\/?post_type=product&#038;p=215"},"modified":"2025-12-01T19:29:43","modified_gmt":"2025-12-01T19:29:43","slug":"programa-revitalbody","status":"publish","type":"product","link":"https:\/\/watermemory.es\/en\/product\/programa-revitalbody\/","title":{"rendered":"Programa REVITALBODY"},"content":{"rendered":"<h2>Tu hoja de ruta personalizada hacia el bienestar<\/h2>\n<p>El enfoque de REVITALBODY est\u00e1 basado en planes creados por expertos que se adaptan a tus necesidades espec\u00edficas. Este programa te guiar\u00e1 paso a paso, ayud\u00e1ndote a alcanzar tus metas f\u00edsicas y emocionales con herramientas probadas y personalizadas. Desde t\u00e9cnicas innovadoras hasta estrategias sostenibles, cada semana en el programa refuerza tu camino hacia un bienestar integral.<\/p>\n<h2>Resultados sostenibles y una transformaci\u00f3n duradera<\/h2>\n<p>La regeneraci\u00f3n no es un evento puntual; es un proceso de mejora continuo. REVITALBODY va m\u00e1s all\u00e1 de las soluciones r\u00e1pidas, ofreciendo sistemas que generan cambios s\u00f3lidos que puedes mantener mucho despu\u00e9s de que terminen las 12 semanas. Experimentar\u00e1s una mejora en tu energ\u00eda, salud y bienestar general como nunca antes.<\/p>\n<p>Si est\u00e1s listo para dar el paso hacia una transformaci\u00f3n profunda y sostenible, el programa REVITALBODY es tu oportunidad perfecta. \u00danete a cientos de personas que han cambiado sus vidas con este enfoque probado y disfruta de una vida llena de vitalidad y equilibrio.<\/p>","protected":false},"excerpt":{"rendered":"<p>El bienestar no sucede por accidente, se logra a trav\u00e9s de un enfoque dedicado y estrat\u00e9gico. <strong>REVITALBODY<\/strong> es nuestro programa insignia de 12 semanas, dise\u00f1ado para brindarte una regeneraci\u00f3n profunda y sostenible. Si buscas un ciclo de optimizaci\u00f3n que transforme tu cuerpo y tu mente, este programa es la soluci\u00f3n ideal para ti.<\/p>","protected":false},"featured_media":216,"comment_status":"open","ping_status":"closed","template":"","meta":{"site-sidebar-layout":"default","site-content-layout":"","ast-site-content-layout":"default","site-content-style":"default","site-sidebar-style":"default","ast-global-header-display":"","ast-banner-title-visibility":"","ast-main-header-display":"","ast-hfb-above-header-display":"","ast-hfb-below-header-display":"","ast-hfb-mobile-header-display":"","site-post-title":"","ast-breadcrumbs-content":"","ast-featured-img":"","footer-sml-layout":"","ast-disable-related-posts":"","theme-transparent-header-meta":"default","adv-header-id-meta":"","stick-header-meta":"","header-above-stick-meta":"","header-main-stick-meta":"","header-below-stick-meta":"","astra-migrate-meta-layouts":"set","ast-page-background-enabled":"default","ast-page-background-meta":{"desktop":{"background-color":"var(--ast-global-color-5)","background-image":"","background-repeat":"repeat","background-position":"center center","background-size":"auto","background-attachment":"scroll","background-type":"","background-media":"","overlay-type":"","overlay-color":"","overlay-opacity":"","overlay-gradient":""},"tablet":{"background-color":"","background-image":"","background-repeat":"repeat","background-position":"center center","background-size":"auto","background-attachment":"scroll","background-type":"","background-media":"","overlay-type":"","overlay-color":"","overlay-opacity":"","overlay-gradient":""},"mobile":{"background-color":"","background-image":"","background-repeat":"repeat","background-position":"center center","background-size":"auto","background-attachment":"scroll","background-type":"","background-media":"","overlay-type":"","overlay-color":"","overlay-opacity":"","overlay-gradient":""}},"ast-content-background-meta":{"desktop":{"background-color":"var(--ast-global-color-4)","background-image":"","background-repeat":"repeat","background-position":"center center","background-size":"auto","background-attachment":"scroll","background-type":"","background-media":"","overlay-type":"","overlay-color":"","overlay-opacity":"","overlay-gradient":""},"tablet":{"background-color":"var(--ast-global-color-4)","background-image":"","background-repeat":"repeat","background-position":"center center","background-size":"auto","background-attachment":"scroll","background-type":"","background-media":"","overlay-type":"","overlay-color":"","overlay-opacity":"","overlay-gradient":""},"mobile":{"background-color":"var(--ast-global-color-4)","background-image":"","background-repeat":"repeat","background-position":"center center","background-size":"auto","background-attachment":"scroll","background-type":"","background-media":"","overlay-type":"","overlay-color":"","overlay-opacity":"","overlay-gradient":""}}},"product_brand":[],"product_cat":[34],"product_tag":[],"class_list":{"0":"post-215","1":"product","2":"type-product","3":"status-publish","4":"has-post-thumbnail","6":"product_cat-programas-de-transformacion","7":"desktop-align-left","8":"tablet-align-left","9":"mobile-align-left","11":"first","12":"instock","13":"taxable","14":"shipping-taxable","15":"purchasable","16":"product-type-simple"},"bundled_by":[],"bundle_stock_status":"instock","bundle_stock_quantity":null,"bundle_virtual":false,"bundle_layout":"","bundle_add_to_cart_form_location":"","bundle_editable_in_cart":false,"bundle_sold_individually_context":"","bundle_item_grouping":"","bundle_min_size":"","bundle_max_size":"","bundle_price":[],"bundled_items":[],"bundle_sell_ids":[],"_links":{"self":[{"href":"https:\/\/watermemory.es\/en\/wp-json\/wp\/v2\/product\/215","targetHints":{"allow":["GET"]}}],"collection":[{"href":"https:\/\/watermemory.es\/en\/wp-json\/wp\/v2\/product"}],"about":[{"href":"https:\/\/watermemory.es\/en\/wp-json\/wp\/v2\/types\/product"}],"replies":[{"embeddable":true,"href":"https:\/\/watermemory.es\/en\/wp-json\/wp\/v2\/comments?post=215"}],"wp:featuredmedia":[{"embeddable":true,"href":"https:\/\/watermemory.es\/en\/wp-json\/wp\/v2\/media\/216"}],"wp:attachment":[{"href":"https:\/\/watermemory.es\/en\/wp-json\/wp\/v2\/media?parent=215"}],"wp:term":[{"taxonomy":"product_brand","embeddable":true,"href":"https:\/\/watermemory.es\/en\/wp-json\/wp\/v2\/product_brand?post=215"},{"taxonomy":"product_cat","embeddable":true,"href":"https:\/\/watermemory.es\/en\/wp-json\/wp\/v2\/product_cat?post=215"},{"taxonomy":"product_tag","embeddable":true,"href":"https:\/\/watermemory.es\/en\/wp-json\/wp\/v2\/product_tag?post=215"}],"curies":[{"name":"wp","href":"https:\/\/api.w.org\/{rel}","templated":true}]}}