{"id":208,"date":"2025-11-18T22:11:44","date_gmt":"2025-11-18T22:11:44","guid":{"rendered":"https:\/\/watermemory.es\/?post_type=product&#038;p=208"},"modified":"2025-12-01T19:40:52","modified_gmt":"2025-12-01T19:40:52","slug":"consulta-de-1-hora-con-alicia-de-la-puerta","status":"publish","type":"product","link":"https:\/\/watermemory.es\/en\/product\/consulta-de-1-hora-con-alicia-de-la-puerta\/","title":{"rendered":"Consulta de 1 Hora con Alicia de la Puerta"},"content":{"rendered":"<h2>Orientaci\u00f3n clara para tomar decisiones acertadas<\/h2>\n<p>Alicia de la Puerta, con su experiencia y enfoque personalizado, se compromete a analizar cada aspecto de tu situaci\u00f3n y ofrecerte sugerencias espec\u00edficas y pr\u00e1cticas. Durante la consulta, podr\u00e1s exponer tus metas, retos y deseos, y en conjunto, trazar un camino dirigido hacia tus prioridades. Aprovecha esta sesi\u00f3n para obtener claridad y confianza en cada decisi\u00f3n que impacte tu desarrollo y crecimiento.<\/p>\n<h2>Resultados dise\u00f1ados para tus objetivos<\/h2>\n<p>Esta consulta no solo se trata de analizar tu posicionamiento actual, sino de establecer estrategias que te ayuden a avanzar eficazmente hacia un futuro exitoso. La hoja de ruta que crear\u00e1s junto a Alicia ser\u00e1 la herramienta clave para encaminar tus pasos con determinaci\u00f3n. Con una combinaci\u00f3n de comprensi\u00f3n, experiencia y planificaci\u00f3n estrat\u00e9gica, esta sesi\u00f3n se convierte en una inversi\u00f3n valiosa para tus metas personales o profesionales.<\/p>\n<p>Reserva tu consulta de 60 minutos hoy mismo y da el primer paso hacia la construcci\u00f3n de un futuro dise\u00f1ado exclusivamente para ti.<\/p>","protected":false},"excerpt":{"rendered":"<p>La consulta de 60 minutos con <strong>Alicia de la Puerta<\/strong> te brinda una oportunidad \u00fanica para profundizar en tus objetivos, explorar tus inquietudes y determinar los pasos esenciales para alcanzar un plan especializado dise\u00f1ado exclusivamente para ti. Este servicio est\u00e1 enfocado en entender tu situaci\u00f3n particular y estructurar una hoja de ruta que se adecue a tus requerimientos.<\/p>","protected":false},"featured_media":211,"comment_status":"open","ping_status":"closed","template":"","meta":{"site-sidebar-layout":"default","site-content-layout":"","ast-site-content-layout":"default","site-content-style":"default","site-sidebar-style":"default","ast-global-header-display":"","ast-banner-title-visibility":"","ast-main-header-display":"","ast-hfb-above-header-display":"","ast-hfb-below-header-display":"","ast-hfb-mobile-header-display":"","site-post-title":"","ast-breadcrumbs-content":"","ast-featured-img":"","footer-sml-layout":"","ast-disable-related-posts":"","theme-transparent-header-meta":"default","adv-header-id-meta":"","stick-header-meta":"","header-above-stick-meta":"","header-main-stick-meta":"","header-below-stick-meta":"","astra-migrate-meta-layouts":"set","ast-page-background-enabled":"default","ast-page-background-meta":{"desktop":{"background-color":"var(--ast-global-color-5)","background-image":"","background-repeat":"repeat","background-position":"center center","background-size":"auto","background-attachment":"scroll","background-type":"","background-media":"","overlay-type":"","overlay-color":"","overlay-opacity":"","overlay-gradient":""},"tablet":{"background-color":"","background-image":"","background-repeat":"repeat","background-position":"center center","background-size":"auto","background-attachment":"scroll","background-type":"","background-media":"","overlay-type":"","overlay-color":"","overlay-opacity":"","overlay-gradient":""},"mobile":{"background-color":"","background-image":"","background-repeat":"repeat","background-position":"center center","background-size":"auto","background-attachment":"scroll","background-type":"","background-media":"","overlay-type":"","overlay-color":"","overlay-opacity":"","overlay-gradient":""}},"ast-content-background-meta":{"desktop":{"background-color":"var(--ast-global-color-4)","background-image":"","background-repeat":"repeat","background-position":"center center","background-size":"auto","background-attachment":"scroll","background-type":"","background-media":"","overlay-type":"","overlay-color":"","overlay-opacity":"","overlay-gradient":""},"tablet":{"background-color":"var(--ast-global-color-4)","background-image":"","background-repeat":"repeat","background-position":"center center","background-size":"auto","background-attachment":"scroll","background-type":"","background-media":"","overlay-type":"","overlay-color":"","overlay-opacity":"","overlay-gradient":""},"mobile":{"background-color":"var(--ast-global-color-4)","background-image":"","background-repeat":"repeat","background-position":"center center","background-size":"auto","background-attachment":"scroll","background-type":"","background-media":"","overlay-type":"","overlay-color":"","overlay-opacity":"","overlay-gradient":""}}},"product_brand":[],"product_cat":[19],"product_tag":[],"class_list":{"0":"post-208","1":"product","2":"type-product","3":"status-publish","4":"has-post-thumbnail","6":"product_cat-diagnostico","7":"desktop-align-left","8":"tablet-align-left","9":"mobile-align-left","11":"first","12":"instock","13":"taxable","14":"shipping-taxable","15":"purchasable","16":"product-type-simple"},"bundled_by":["212"],"bundle_stock_status":"instock","bundle_stock_quantity":null,"bundle_virtual":false,"bundle_layout":"","bundle_add_to_cart_form_location":"","bundle_editable_in_cart":false,"bundle_sold_individually_context":"","bundle_item_grouping":"","bundle_min_size":"","bundle_max_size":"","bundle_price":[],"bundled_items":[],"bundle_sell_ids":[],"_links":{"self":[{"href":"https:\/\/watermemory.es\/en\/wp-json\/wp\/v2\/product\/208","targetHints":{"allow":["GET"]}}],"collection":[{"href":"https:\/\/watermemory.es\/en\/wp-json\/wp\/v2\/product"}],"about":[{"href":"https:\/\/watermemory.es\/en\/wp-json\/wp\/v2\/types\/product"}],"replies":[{"embeddable":true,"href":"https:\/\/watermemory.es\/en\/wp-json\/wp\/v2\/comments?post=208"}],"wp:featuredmedia":[{"embeddable":true,"href":"https:\/\/watermemory.es\/en\/wp-json\/wp\/v2\/media\/211"}],"wp:attachment":[{"href":"https:\/\/watermemory.es\/en\/wp-json\/wp\/v2\/media?parent=208"}],"wp:term":[{"taxonomy":"product_brand","embeddable":true,"href":"https:\/\/watermemory.es\/en\/wp-json\/wp\/v2\/product_brand?post=208"},{"taxonomy":"product_cat","embeddable":true,"href":"https:\/\/watermemory.es\/en\/wp-json\/wp\/v2\/product_cat?post=208"},{"taxonomy":"product_tag","embeddable":true,"href":"https:\/\/watermemory.es\/en\/wp-json\/wp\/v2\/product_tag?post=208"}],"curies":[{"name":"wp","href":"https:\/\/api.w.org\/{rel}","templated":true}]}}