{"id":207,"date":"2025-11-18T21:52:33","date_gmt":"2025-11-18T21:52:33","guid":{"rendered":"https:\/\/watermemory.es\/?post_type=product&#038;p=207"},"modified":"2025-12-10T20:28:56","modified_gmt":"2025-12-10T20:28:56","slug":"examen-epigenetica","status":"publish","type":"product","link":"https:\/\/watermemory.es\/en\/product\/examen-epigenetica\/","title":{"rendered":"Examen de Epigen\u00e9tica y Personalizaci\u00f3n"},"content":{"rendered":"<h2>Descubre el Poder de la Gen\u00e9tica<\/h2>\n<p>No adivinamos, diagnosticamos. Este examen gen\u00e9tico es m\u00e1s que un simple vistazo al ADN: es una herramienta innovadora que desvela tus predisposiciones gen\u00e9ticas y c\u00f3mo tu entorno actual est\u00e1 afectando la expresi\u00f3n de tus genes. Saber c\u00f3mo tu salud est\u00e1 influenciada por estos factores puede cambiar la manera en la que cuidas de ti mismo y planificas futuros tratamientos.<\/p>\n<h2>La Personalizaci\u00f3n Cient\u00edfica que Mereces<\/h2>\n<p>Imagina contar con una herramienta cient\u00edfica que proporciona la base necesaria para personalizar cualquier tratamiento futuro con precisi\u00f3n absoluta. Nuestro examen gen\u00e9tico eval\u00faa varios aspectos de tu salud gen\u00e9tica, desde predisposiciones hereditarias hasta interacciones con factores ambientales, permiti\u00e9ndonos dise\u00f1ar planes y estrategias espec\u00edficamente para ti. El nivel de personalizaci\u00f3n es inigualable.<\/p>\n<h2>Tu Salud, tu Decisi\u00f3n<\/h2>\n<p>Conoce los detalles de tu gen\u00e9tica para tomar decisiones informadas sobre tu salud. Este examen no es solo esencial para entender tus predisposiciones, sino tambi\u00e9n para combatir mitos y suposiciones: aqu\u00ed no dejamos espacio para las dudas. Este conocimiento es la base definitiva para mejorar tu calidad de vida, optimizar tratamientos y prevenir posibles complicaciones futuras.<\/p>\n<p>La gen\u00e9tica es solo el comienzo. Descubre c\u00f3mo este examen puede ayudarte a tomar el control total de tu salud. Tu camino hacia un futuro m\u00e1s saludable comienza aqu\u00ed.<\/p>","protected":false},"excerpt":{"rendered":"<p><strong>La \u00fanica manera de ir a la ra\u00edz sist\u00e9mica de sus desequilibrios.<br \/>\n<\/strong>No adivinamos, diagnosticamos. Este examen nos muestra sus predisposiciones gen\u00e9ticas y c\u00f3mo su entorno actual est\u00e1 afectando la expresi\u00f3n de sus genes10. Es la herramienta definitiva y la base cient\u00edfica necesaria para personalizar cualquier tratamiento futuro con precisi\u00f3n absoluta.<\/p>\n<p>Incluye: 21 d\u00edas de desparasitaci\u00f3n + Alimentaci\u00f3n recomendada + Seguimiento durante 30 d\u00edas + PDF con diagn\u00f3sticos finales.<\/p>","protected":false},"featured_media":152,"comment_status":"open","ping_status":"closed","template":"","meta":{"site-sidebar-layout":"default","site-content-layout":"","ast-site-content-layout":"default","site-content-style":"default","site-sidebar-style":"default","ast-global-header-display":"","ast-banner-title-visibility":"","ast-main-header-display":"","ast-hfb-above-header-display":"","ast-hfb-below-header-display":"","ast-hfb-mobile-header-display":"","site-post-title":"","ast-breadcrumbs-content":"","ast-featured-img":"","footer-sml-layout":"","ast-disable-related-posts":"","theme-transparent-header-meta":"default","adv-header-id-meta":"","stick-header-meta":"","header-above-stick-meta":"","header-main-stick-meta":"","header-below-stick-meta":"","astra-migrate-meta-layouts":"set","ast-page-background-enabled":"default","ast-page-background-meta":{"desktop":{"background-color":"var(--ast-global-color-5)","background-image":"","background-repeat":"repeat","background-position":"center center","background-size":"auto","background-attachment":"scroll","background-type":"","background-media":"","overlay-type":"","overlay-color":"","overlay-opacity":"","overlay-gradient":""},"tablet":{"background-color":"","background-image":"","background-repeat":"repeat","background-position":"center center","background-size":"auto","background-attachment":"scroll","background-type":"","background-media":"","overlay-type":"","overlay-color":"","overlay-opacity":"","overlay-gradient":""},"mobile":{"background-color":"","background-image":"","background-repeat":"repeat","background-position":"center center","background-size":"auto","background-attachment":"scroll","background-type":"","background-media":"","overlay-type":"","overlay-color":"","overlay-opacity":"","overlay-gradient":""}},"ast-content-background-meta":{"desktop":{"background-color":"var(--ast-global-color-4)","background-image":"","background-repeat":"repeat","background-position":"center center","background-size":"auto","background-attachment":"scroll","background-type":"","background-media":"","overlay-type":"","overlay-color":"","overlay-opacity":"","overlay-gradient":""},"tablet":{"background-color":"var(--ast-global-color-4)","background-image":"","background-repeat":"repeat","background-position":"center center","background-size":"auto","background-attachment":"scroll","background-type":"","background-media":"","overlay-type":"","overlay-color":"","overlay-opacity":"","overlay-gradient":""},"mobile":{"background-color":"var(--ast-global-color-4)","background-image":"","background-repeat":"repeat","background-position":"center center","background-size":"auto","background-attachment":"scroll","background-type":"","background-media":"","overlay-type":"","overlay-color":"","overlay-opacity":"","overlay-gradient":""}}},"product_brand":[],"product_cat":[19],"product_tag":[],"class_list":{"0":"post-207","1":"product","2":"type-product","3":"status-publish","4":"has-post-thumbnail","6":"product_cat-diagnostico","7":"desktop-align-left","8":"tablet-align-left","9":"mobile-align-left","11":"first","12":"instock","13":"taxable","14":"shipping-taxable","15":"purchasable","16":"product-type-simple"},"bundled_by":["212"],"bundle_stock_status":"instock","bundle_stock_quantity":null,"bundle_virtual":false,"bundle_layout":"","bundle_add_to_cart_form_location":"","bundle_editable_in_cart":false,"bundle_sold_individually_context":"","bundle_item_grouping":"","bundle_min_size":"","bundle_max_size":"","bundle_price":[],"bundled_items":[],"bundle_sell_ids":[],"_links":{"self":[{"href":"https:\/\/watermemory.es\/en\/wp-json\/wp\/v2\/product\/207","targetHints":{"allow":["GET"]}}],"collection":[{"href":"https:\/\/watermemory.es\/en\/wp-json\/wp\/v2\/product"}],"about":[{"href":"https:\/\/watermemory.es\/en\/wp-json\/wp\/v2\/types\/product"}],"replies":[{"embeddable":true,"href":"https:\/\/watermemory.es\/en\/wp-json\/wp\/v2\/comments?post=207"}],"wp:featuredmedia":[{"embeddable":true,"href":"https:\/\/watermemory.es\/en\/wp-json\/wp\/v2\/media\/152"}],"wp:attachment":[{"href":"https:\/\/watermemory.es\/en\/wp-json\/wp\/v2\/media?parent=207"}],"wp:term":[{"taxonomy":"product_brand","embeddable":true,"href":"https:\/\/watermemory.es\/en\/wp-json\/wp\/v2\/product_brand?post=207"},{"taxonomy":"product_cat","embeddable":true,"href":"https:\/\/watermemory.es\/en\/wp-json\/wp\/v2\/product_cat?post=207"},{"taxonomy":"product_tag","embeddable":true,"href":"https:\/\/watermemory.es\/en\/wp-json\/wp\/v2\/product_tag?post=207"}],"curies":[{"name":"wp","href":"https:\/\/api.w.org\/{rel}","templated":true}]}}